{"id":1710,"date":"2018-04-10T08:00:08","date_gmt":"2018-04-10T06:00:08","guid":{"rendered":"https:\/\/vinove.pl\/sklep\/produkt\/monaco-copy\/"},"modified":"2024-09-17T11:55:27","modified_gmt":"2024-09-17T09:55:27","slug":"monaco-kondensator-zapachu","status":"publish","type":"product","link":"https:\/\/vinove.pl\/sklep\/produkt\/monaco-kondensator-zapachu\/","title":{"rendered":"Monaco &#8211; refill"},"content":{"rendered":"<p><img fetchpriority=\"high\" decoding=\"async\" class=\"alignnone size-full wp-image-6251\" src=\"https:\/\/vinove.pl\/sklep\/wp-content\/uploads\/2018\/04\/ORG-v01-05-MONACO-VINOVE.jpg\" alt=\"ORG---v01-05---MONACO-VINOVE\" width=\"1200\" height=\"413\" srcset=\"https:\/\/vinove.pl\/sklep\/wp-content\/uploads\/2018\/04\/ORG-v01-05-MONACO-VINOVE.jpg 1200w, https:\/\/vinove.pl\/sklep\/wp-content\/uploads\/2018\/04\/ORG-v01-05-MONACO-VINOVE-800x275.jpg 800w, https:\/\/vinove.pl\/sklep\/wp-content\/uploads\/2018\/04\/ORG-v01-05-MONACO-VINOVE-300x103.jpg 300w, https:\/\/vinove.pl\/sklep\/wp-content\/uploads\/2018\/04\/ORG-v01-05-MONACO-VINOVE-768x264.jpg 768w, https:\/\/vinove.pl\/sklep\/wp-content\/uploads\/2018\/04\/ORG-v01-05-MONACO-VINOVE-1030x354.jpg 1030w, https:\/\/vinove.pl\/sklep\/wp-content\/uploads\/2018\/04\/ORG-v01-05-MONACO-VINOVE-1000x344.jpg 1000w\" sizes=\"(max-width: 1200px) 100vw, 1200px\" \/><\/p>\n","protected":false},"excerpt":{"rendered":"<div class=\"av-special-heading av-special-heading-h3 blockquote modern-quote avia-builder-el-17 el_before_av_image avia-builder-el-first \">\n<h3 class=\"av-special-heading-tag\">FAMILY fragrances<\/h3>\n<\/div>\n<div class=\"avia-image-container avia_animated_image avia_animate_when_almost_visible right-to-left av-styling- avia-builder-el-18 el_after_av_heading el_before_av_hr avia-align-left avia_start_animation avia_start_delayed_animation\">\n<div class=\"avia-image-container-inner\"><img decoding=\"async\" class=\"avia_image \" title=\"monaco-vinove-rodzinne-perfumy-samochodowe\" src=\"https:\/\/vinove.pl\/sklep\/wp-content\/uploads\/2017\/02\/monaco-vinove-rodzinne-perfumy-samochodowe.png\" alt=\"\" \/><\/div>\n<\/div>\n<div class=\"hr hr-invisible avia-builder-el-19 el_after_av_image el_before_av_textblock \"><\/div>\n<section class=\"av_textblock_section\">\n<div class=\"avia_textblock \">\n<p>MONACO to\u00a0zapach s\u0142oneczny, czysty i\u00a0optymistyczny. Wibruj\u0105cy jasno\u015bci\u0105 cytrus\u00f3w i\u00a0\u015bwie\u017cego rozmarynu. Wzmocniony imbirem, z\u0142agodzony lawend\u0105. Rozbrzmiewaj\u0105cy \u015bmiechem zapami\u0119tanym przez\u00a0s\u0142oje cedrowego i\u00a0sanda\u0142owego drewna.<\/p>\n<\/div>\n<\/section>\n<section class=\"av_textblock_section\">\n<div class=\"avia_textblock \">\n<p>Zapach beztroskich wakacji, rodzinnych uciech i\u00a0smakowania \u017cycia.<\/p>\n<\/div>\n<\/section>\n<section class=\"av_textblock_section\">\n<div class=\"avia_textblock \">\n<p><strong>Nuta g\u0142owy<\/strong>: cytryna, grejpfrut, rozmaryn<\/p>\n<p><strong>Nuta serca<\/strong>: imbir, elemi, lawenda<\/p>\n<p><strong>Nuta bazowa<\/strong>: drewno cedrowe i\u00a0sanda\u0142owe, vetiver<\/p>\n<p><img decoding=\"async\" class=\"alignnone size-full wp-image-1885\" src=\"https:\/\/vinove.pl\/sklep\/wp-content\/uploads\/2018\/04\/vinove-katalog-handlowy-2017.jpg\" alt=\"vinove-katalog-handlowy-2017\" width=\"700\" height=\"483\" srcset=\"https:\/\/vinove.pl\/sklep\/wp-content\/uploads\/2018\/04\/vinove-katalog-handlowy-2017.jpg 700w, https:\/\/vinove.pl\/sklep\/wp-content\/uploads\/2018\/04\/vinove-katalog-handlowy-2017-300x207.jpg 300w\" sizes=\"(max-width: 700px) 100vw, 700px\" \/><\/p>\n<\/div>\n<\/section>\n","protected":false},"featured_media":6209,"comment_status":"closed","ping_status":"closed","template":"","meta":{"_acf_changed":false},"product_brand":[],"product_cat":[54],"product_tag":[57,89,83,103,74,102,59,101,99],"class_list":{"0":"post-1710","1":"product","2":"type-product","3":"status-publish","4":"has-post-thumbnail","6":"product_cat-family-fragrances","7":"product_tag-cytryna","8":"product_tag-drewno-cedrowe","9":"product_tag-drzewo-sandalowe","10":"product_tag-elemi","11":"product_tag-grapefruit","12":"product_tag-imbir","13":"product_tag-lawenda","14":"product_tag-rozmaryn","15":"product_tag-vetiver","17":"first","18":"outofstock","19":"taxable","20":"shipping-taxable","21":"purchasable","22":"product-type-simple"},"acf":[],"yoast_head":"<!-- This site is optimized with the Yoast SEO plugin v27.0 - https:\/\/yoast.com\/product\/yoast-seo-wordpress\/ -->\n<title>Monaco - refill - VINOVE<\/title>\n<meta name=\"robots\" content=\"index, follow, max-snippet:-1, max-image-preview:large, max-video-preview:-1\" \/>\n<link rel=\"canonical\" href=\"https:\/\/vinove.pl\/sklep\/produkt\/monaco-kondensator-zapachu\/\" \/>\n<meta property=\"og:locale\" content=\"pl_PL\" \/>\n<meta property=\"og:type\" content=\"article\" \/>\n<meta property=\"og:title\" content=\"Monaco - refill - VINOVE\" \/>\n<meta property=\"og:description\" content=\"FAMILY fragrances         MONACO to\u00a0zapach s\u0142oneczny, czysty i\u00a0optymistyczny. Wibruj\u0105cy jasno\u015bci\u0105 cytrus\u00f3w i\u00a0\u015bwie\u017cego rozmarynu. Wzmocniony imbirem, z\u0142agodzony lawend\u0105. Rozbrzmiewaj\u0105cy \u015bmiechem zapami\u0119tanym przez\u00a0s\u0142oje cedrowego i\u00a0sanda\u0142owego drewna.      Zapach beztroskich wakacji, rodzinnych uciech i\u00a0smakowania \u017cycia.      Nuta g\u0142owy: cytryna, grejpfrut, rozmaryn  Nuta serca: imbir, elemi, lawenda  Nuta bazowa: drewno cedrowe i\u00a0sanda\u0142owe, vetiver\" \/>\n<meta property=\"og:url\" content=\"https:\/\/vinove.pl\/sklep\/produkt\/monaco-kondensator-zapachu\/\" \/>\n<meta property=\"og:site_name\" content=\"VINOVE\" \/>\n<meta property=\"article:publisher\" content=\"https:\/\/www.facebook.com\/Vinove-244089886723219\/\" \/>\n<meta property=\"article:modified_time\" content=\"2024-09-17T09:55:27+00:00\" \/>\n<meta property=\"og:image\" content=\"https:\/\/vinove.pl\/sklep\/wp-content\/uploads\/2019\/02\/REB-v07-05-MONACO-VINOVE-min.jpg\" \/>\n\t<meta property=\"og:image:width\" content=\"1200\" \/>\n\t<meta property=\"og:image:height\" content=\"1200\" \/>\n\t<meta property=\"og:image:type\" content=\"image\/jpeg\" \/>\n<meta name=\"twitter:card\" content=\"summary_large_image\" \/>\n<script type=\"application\/ld+json\" class=\"yoast-schema-graph\">{\"@context\":\"https:\/\/schema.org\",\"@graph\":[{\"@type\":\"WebPage\",\"@id\":\"https:\/\/vinove.pl\/sklep\/produkt\/monaco-kondensator-zapachu\/\",\"url\":\"https:\/\/vinove.pl\/sklep\/produkt\/monaco-kondensator-zapachu\/\",\"name\":\"Monaco - refill - VINOVE\",\"isPartOf\":{\"@id\":\"https:\/\/vinove.pl\/sklep\/#website\"},\"primaryImageOfPage\":{\"@id\":\"https:\/\/vinove.pl\/sklep\/produkt\/monaco-kondensator-zapachu\/#primaryimage\"},\"image\":{\"@id\":\"https:\/\/vinove.pl\/sklep\/produkt\/monaco-kondensator-zapachu\/#primaryimage\"},\"thumbnailUrl\":\"https:\/\/vinove.pl\/sklep\/wp-content\/uploads\/2019\/02\/REB-v07-05-MONACO-VINOVE-min.jpg\",\"datePublished\":\"2018-04-10T06:00:08+00:00\",\"dateModified\":\"2024-09-17T09:55:27+00:00\",\"breadcrumb\":{\"@id\":\"https:\/\/vinove.pl\/sklep\/produkt\/monaco-kondensator-zapachu\/#breadcrumb\"},\"inLanguage\":\"pl-PL\",\"potentialAction\":[{\"@type\":\"ReadAction\",\"target\":[\"https:\/\/vinove.pl\/sklep\/produkt\/monaco-kondensator-zapachu\/\"]}]},{\"@type\":\"ImageObject\",\"inLanguage\":\"pl-PL\",\"@id\":\"https:\/\/vinove.pl\/sklep\/produkt\/monaco-kondensator-zapachu\/#primaryimage\",\"url\":\"https:\/\/vinove.pl\/sklep\/wp-content\/uploads\/2019\/02\/REB-v07-05-MONACO-VINOVE-min.jpg\",\"contentUrl\":\"https:\/\/vinove.pl\/sklep\/wp-content\/uploads\/2019\/02\/REB-v07-05-MONACO-VINOVE-min.jpg\",\"width\":1200,\"height\":1200,\"caption\":\"VINOVE monaco REFILL (v07-05)\"},{\"@type\":\"BreadcrumbList\",\"@id\":\"https:\/\/vinove.pl\/sklep\/produkt\/monaco-kondensator-zapachu\/#breadcrumb\",\"itemListElement\":[{\"@type\":\"ListItem\",\"position\":1,\"name\":\"Home\",\"item\":\"https:\/\/vinove.pl\/sklep\/\"},{\"@type\":\"ListItem\",\"position\":2,\"name\":\"Sklep\",\"item\":\"https:\/\/vinove.pl\/sklep\/\"},{\"@type\":\"ListItem\",\"position\":3,\"name\":\"Monaco &#8211; refill\"}]},{\"@type\":\"WebSite\",\"@id\":\"https:\/\/vinove.pl\/sklep\/#website\",\"url\":\"https:\/\/vinove.pl\/sklep\/\",\"name\":\"VINOVE\",\"description\":\"magnifique auto perfum\",\"publisher\":{\"@id\":\"https:\/\/vinove.pl\/sklep\/#organization\"},\"potentialAction\":[{\"@type\":\"SearchAction\",\"target\":{\"@type\":\"EntryPoint\",\"urlTemplate\":\"https:\/\/vinove.pl\/sklep\/?s={search_term_string}\"},\"query-input\":{\"@type\":\"PropertyValueSpecification\",\"valueRequired\":true,\"valueName\":\"search_term_string\"}}],\"inLanguage\":\"pl-PL\"},{\"@type\":\"Organization\",\"@id\":\"https:\/\/vinove.pl\/sklep\/#organization\",\"name\":\"VINOVE Sp. z o.o. Magnifique auto perfum\",\"url\":\"https:\/\/vinove.pl\/sklep\/\",\"logo\":{\"@type\":\"ImageObject\",\"inLanguage\":\"pl-PL\",\"@id\":\"https:\/\/vinove.pl\/sklep\/#\/schema\/logo\/image\/\",\"url\":\"https:\/\/vinove.pl\/sklep\/wp-content\/uploads\/2017\/02\/cropped-vinove-logo-claim-szary-1.png\",\"contentUrl\":\"https:\/\/vinove.pl\/sklep\/wp-content\/uploads\/2017\/02\/cropped-vinove-logo-claim-szary-1.png\",\"width\":340,\"height\":138,\"caption\":\"VINOVE Sp. z o.o. Magnifique auto perfum\"},\"image\":{\"@id\":\"https:\/\/vinove.pl\/sklep\/#\/schema\/logo\/image\/\"},\"sameAs\":[\"https:\/\/www.facebook.com\/Vinove-244089886723219\/\",\"https:\/\/www.instagram.com\/vinove_official\/\",\"https:\/\/www.youtube.com\/channel\/UCHLlhVO2ymPq60pfNhAZ2Ow\"]}]}<\/script>\n<!-- \/ Yoast SEO plugin. -->","yoast_head_json":{"title":"Monaco - refill - VINOVE","robots":{"index":"index","follow":"follow","max-snippet":"max-snippet:-1","max-image-preview":"max-image-preview:large","max-video-preview":"max-video-preview:-1"},"canonical":"https:\/\/vinove.pl\/sklep\/produkt\/monaco-kondensator-zapachu\/","og_locale":"pl_PL","og_type":"article","og_title":"Monaco - refill - VINOVE","og_description":"FAMILY fragrances         MONACO to\u00a0zapach s\u0142oneczny, czysty i\u00a0optymistyczny. Wibruj\u0105cy jasno\u015bci\u0105 cytrus\u00f3w i\u00a0\u015bwie\u017cego rozmarynu. Wzmocniony imbirem, z\u0142agodzony lawend\u0105. Rozbrzmiewaj\u0105cy \u015bmiechem zapami\u0119tanym przez\u00a0s\u0142oje cedrowego i\u00a0sanda\u0142owego drewna.      Zapach beztroskich wakacji, rodzinnych uciech i\u00a0smakowania \u017cycia.      Nuta g\u0142owy: cytryna, grejpfrut, rozmaryn  Nuta serca: imbir, elemi, lawenda  Nuta bazowa: drewno cedrowe i\u00a0sanda\u0142owe, vetiver","og_url":"https:\/\/vinove.pl\/sklep\/produkt\/monaco-kondensator-zapachu\/","og_site_name":"VINOVE","article_publisher":"https:\/\/www.facebook.com\/Vinove-244089886723219\/","article_modified_time":"2024-09-17T09:55:27+00:00","og_image":[{"width":1200,"height":1200,"url":"https:\/\/vinove.pl\/sklep\/wp-content\/uploads\/2019\/02\/REB-v07-05-MONACO-VINOVE-min.jpg","type":"image\/jpeg"}],"twitter_card":"summary_large_image","schema":{"@context":"https:\/\/schema.org","@graph":[{"@type":"WebPage","@id":"https:\/\/vinove.pl\/sklep\/produkt\/monaco-kondensator-zapachu\/","url":"https:\/\/vinove.pl\/sklep\/produkt\/monaco-kondensator-zapachu\/","name":"Monaco - refill - VINOVE","isPartOf":{"@id":"https:\/\/vinove.pl\/sklep\/#website"},"primaryImageOfPage":{"@id":"https:\/\/vinove.pl\/sklep\/produkt\/monaco-kondensator-zapachu\/#primaryimage"},"image":{"@id":"https:\/\/vinove.pl\/sklep\/produkt\/monaco-kondensator-zapachu\/#primaryimage"},"thumbnailUrl":"https:\/\/vinove.pl\/sklep\/wp-content\/uploads\/2019\/02\/REB-v07-05-MONACO-VINOVE-min.jpg","datePublished":"2018-04-10T06:00:08+00:00","dateModified":"2024-09-17T09:55:27+00:00","breadcrumb":{"@id":"https:\/\/vinove.pl\/sklep\/produkt\/monaco-kondensator-zapachu\/#breadcrumb"},"inLanguage":"pl-PL","potentialAction":[{"@type":"ReadAction","target":["https:\/\/vinove.pl\/sklep\/produkt\/monaco-kondensator-zapachu\/"]}]},{"@type":"ImageObject","inLanguage":"pl-PL","@id":"https:\/\/vinove.pl\/sklep\/produkt\/monaco-kondensator-zapachu\/#primaryimage","url":"https:\/\/vinove.pl\/sklep\/wp-content\/uploads\/2019\/02\/REB-v07-05-MONACO-VINOVE-min.jpg","contentUrl":"https:\/\/vinove.pl\/sklep\/wp-content\/uploads\/2019\/02\/REB-v07-05-MONACO-VINOVE-min.jpg","width":1200,"height":1200,"caption":"VINOVE monaco REFILL (v07-05)"},{"@type":"BreadcrumbList","@id":"https:\/\/vinove.pl\/sklep\/produkt\/monaco-kondensator-zapachu\/#breadcrumb","itemListElement":[{"@type":"ListItem","position":1,"name":"Home","item":"https:\/\/vinove.pl\/sklep\/"},{"@type":"ListItem","position":2,"name":"Sklep","item":"https:\/\/vinove.pl\/sklep\/"},{"@type":"ListItem","position":3,"name":"Monaco &#8211; refill"}]},{"@type":"WebSite","@id":"https:\/\/vinove.pl\/sklep\/#website","url":"https:\/\/vinove.pl\/sklep\/","name":"VINOVE","description":"magnifique auto perfum","publisher":{"@id":"https:\/\/vinove.pl\/sklep\/#organization"},"potentialAction":[{"@type":"SearchAction","target":{"@type":"EntryPoint","urlTemplate":"https:\/\/vinove.pl\/sklep\/?s={search_term_string}"},"query-input":{"@type":"PropertyValueSpecification","valueRequired":true,"valueName":"search_term_string"}}],"inLanguage":"pl-PL"},{"@type":"Organization","@id":"https:\/\/vinove.pl\/sklep\/#organization","name":"VINOVE Sp. z o.o. Magnifique auto perfum","url":"https:\/\/vinove.pl\/sklep\/","logo":{"@type":"ImageObject","inLanguage":"pl-PL","@id":"https:\/\/vinove.pl\/sklep\/#\/schema\/logo\/image\/","url":"https:\/\/vinove.pl\/sklep\/wp-content\/uploads\/2017\/02\/cropped-vinove-logo-claim-szary-1.png","contentUrl":"https:\/\/vinove.pl\/sklep\/wp-content\/uploads\/2017\/02\/cropped-vinove-logo-claim-szary-1.png","width":340,"height":138,"caption":"VINOVE Sp. z o.o. Magnifique auto perfum"},"image":{"@id":"https:\/\/vinove.pl\/sklep\/#\/schema\/logo\/image\/"},"sameAs":["https:\/\/www.facebook.com\/Vinove-244089886723219\/","https:\/\/www.instagram.com\/vinove_official\/","https:\/\/www.youtube.com\/channel\/UCHLlhVO2ymPq60pfNhAZ2Ow"]}]}},"_links":{"self":[{"href":"https:\/\/vinove.pl\/sklep\/wp-json\/wp\/v2\/product\/1710","targetHints":{"allow":["GET"]}}],"collection":[{"href":"https:\/\/vinove.pl\/sklep\/wp-json\/wp\/v2\/product"}],"about":[{"href":"https:\/\/vinove.pl\/sklep\/wp-json\/wp\/v2\/types\/product"}],"replies":[{"embeddable":true,"href":"https:\/\/vinove.pl\/sklep\/wp-json\/wp\/v2\/comments?post=1710"}],"wp:featuredmedia":[{"embeddable":true,"href":"https:\/\/vinove.pl\/sklep\/wp-json\/wp\/v2\/media\/6209"}],"wp:attachment":[{"href":"https:\/\/vinove.pl\/sklep\/wp-json\/wp\/v2\/media?parent=1710"}],"wp:term":[{"taxonomy":"product_brand","embeddable":true,"href":"https:\/\/vinove.pl\/sklep\/wp-json\/wp\/v2\/product_brand?post=1710"},{"taxonomy":"product_cat","embeddable":true,"href":"https:\/\/vinove.pl\/sklep\/wp-json\/wp\/v2\/product_cat?post=1710"},{"taxonomy":"product_tag","embeddable":true,"href":"https:\/\/vinove.pl\/sklep\/wp-json\/wp\/v2\/product_tag?post=1710"}],"curies":[{"name":"wp","href":"https:\/\/api.w.org\/{rel}","templated":true}]}}