{"id":1706,"date":"2018-04-10T07:00:08","date_gmt":"2018-04-10T05:00:08","guid":{"rendered":"https:\/\/vinove.pl\/sklep\/produkt\/monza-copy\/"},"modified":"2025-01-15T15:36:31","modified_gmt":"2025-01-15T13:36:31","slug":"monza-kondensator-zapachu","status":"publish","type":"product","link":"https:\/\/vinove.pl\/sklep\/produkt\/monza-kondensator-zapachu\/","title":{"rendered":"Monza &#8211; refill"},"content":{"rendered":"<p><img fetchpriority=\"high\" decoding=\"async\" class=\"size-full wp-image-6264 aligncenter\" src=\"https:\/\/vinove.pl\/sklep\/wp-content\/uploads\/2018\/04\/REG-v05-07-MONZA-VINOVE.jpg\" alt=\"REG---v05-07---MONZA-VINOVE\" width=\"1200\" height=\"549\" srcset=\"https:\/\/vinove.pl\/sklep\/wp-content\/uploads\/2018\/04\/REG-v05-07-MONZA-VINOVE.jpg 1200w, https:\/\/vinove.pl\/sklep\/wp-content\/uploads\/2018\/04\/REG-v05-07-MONZA-VINOVE-800x366.jpg 800w, https:\/\/vinove.pl\/sklep\/wp-content\/uploads\/2018\/04\/REG-v05-07-MONZA-VINOVE-300x137.jpg 300w, https:\/\/vinove.pl\/sklep\/wp-content\/uploads\/2018\/04\/REG-v05-07-MONZA-VINOVE-768x351.jpg 768w, https:\/\/vinove.pl\/sklep\/wp-content\/uploads\/2018\/04\/REG-v05-07-MONZA-VINOVE-1030x471.jpg 1030w, https:\/\/vinove.pl\/sklep\/wp-content\/uploads\/2018\/04\/REG-v05-07-MONZA-VINOVE-1000x458.jpg 1000w\" sizes=\"(max-width: 1200px) 100vw, 1200px\" \/><br \/>\n<img decoding=\"async\" class=\"size-full wp-image-6253 aligncenter\" src=\"https:\/\/vinove.pl\/sklep\/wp-content\/uploads\/2018\/04\/ORG-v01-07-MONZA-VINOVE.jpg\" alt=\"ORG---v01-07---MONZA-VINOVE\" width=\"1200\" height=\"413\" srcset=\"https:\/\/vinove.pl\/sklep\/wp-content\/uploads\/2018\/04\/ORG-v01-07-MONZA-VINOVE.jpg 1200w, https:\/\/vinove.pl\/sklep\/wp-content\/uploads\/2018\/04\/ORG-v01-07-MONZA-VINOVE-800x275.jpg 800w, https:\/\/vinove.pl\/sklep\/wp-content\/uploads\/2018\/04\/ORG-v01-07-MONZA-VINOVE-300x103.jpg 300w, https:\/\/vinove.pl\/sklep\/wp-content\/uploads\/2018\/04\/ORG-v01-07-MONZA-VINOVE-768x264.jpg 768w, https:\/\/vinove.pl\/sklep\/wp-content\/uploads\/2018\/04\/ORG-v01-07-MONZA-VINOVE-1030x354.jpg 1030w, https:\/\/vinove.pl\/sklep\/wp-content\/uploads\/2018\/04\/ORG-v01-07-MONZA-VINOVE-1000x344.jpg 1000w\" sizes=\"(max-width: 1200px) 100vw, 1200px\" \/><br \/>\n<img decoding=\"async\" class=\"aligncenter size-full wp-image-8759\" src=\"https:\/\/vinove.pl\/sklep\/wp-content\/uploads\/2025\/01\/SDS-na-www-VINOVE-MONZA_x2.jpg\" alt=\"\" width=\"1476\" height=\"709\" \/><\/p>\n","protected":false},"excerpt":{"rendered":"<div class=\"av-special-heading av-special-heading-h3 blockquote modern-quote avia-builder-el-17 el_before_av_image avia-builder-el-first \">\n<h3 class=\"av-special-heading-tag\">WOMEN\u2019s fragrances<\/h3>\n<\/div>\n<div class=\"avia-image-container avia_animated_image avia_animate_when_almost_visible right-to-left av-styling- avia-builder-el-18 el_after_av_heading el_before_av_hr avia-align-left avia_start_animation avia_start_delayed_animation\">\n<div class=\"avia-image-container-inner\"><img decoding=\"async\" class=\"avia_image \" title=\"monza-vinove-kobiece-perfumy-samochodowe\" src=\"https:\/\/vinove.pl\/sklep\/wp-content\/uploads\/2017\/02\/monza-vinove-kobiece-perfumy-samochodowe.png\" alt=\"\" \/><\/div>\n<\/div>\n<div class=\"hr hr-invisible avia-builder-el-19 el_after_av_image el_before_av_textblock \"><\/div>\n<section class=\"av_textblock_section\">\n<div class=\"avia_textblock \">\n<p>MONZA to\u00a0elektryzuj\u0105cy zapach kobiet b\u0142yskotliwych, kreatywnych i\u00a0zdecydowanych. Aromat s\u0142odkiej obietnicy i\u00a0dojrza\u0142ego seksapilu.<\/p>\n<\/div>\n<\/section>\n<section class=\"av_textblock_section\">\n<div class=\"avia_textblock \">\n<p>MONZA to\u00a0po\u0142\u0105czenie sprzeczno\u015bci, \u015bwie\u017co\u015bci ananasa i\u00a0brzoskwi\u0144 z\u00a0bujnym bukietem amarantowych r\u00f3\u017c oraz\u00a0s\u0142odycz\u0105 czekolady i\u00a0karmelu.<\/p>\n<\/div>\n<\/section>\n<section class=\"av_textblock_section\">\n<div class=\"avia_textblock \">\n<p><strong>Nuta g\u0142owy<\/strong>: neroli, bergamotka, ananas, brzoskwinia<\/p>\n<p><strong>Nuta serca<\/strong>: fio\u0142ek, ja\u015bmin, r\u00f3\u017ca<\/p>\n<p><strong>Nuta bazowa<\/strong>: czekolada, karmel, paczula<\/p>\n<p><img loading=\"lazy\" decoding=\"async\" class=\"alignnone size-full wp-image-1885\" src=\"https:\/\/vinove.pl\/sklep\/wp-content\/uploads\/2018\/04\/vinove-katalog-handlowy-2017.jpg\" alt=\"vinove-katalog-handlowy-2017\" width=\"700\" height=\"483\" srcset=\"https:\/\/vinove.pl\/sklep\/wp-content\/uploads\/2018\/04\/vinove-katalog-handlowy-2017.jpg 700w, https:\/\/vinove.pl\/sklep\/wp-content\/uploads\/2018\/04\/vinove-katalog-handlowy-2017-300x207.jpg 300w\" sizes=\"(max-width: 700px) 100vw, 700px\" \/><\/p>\n<\/div>\n<\/section>\n","protected":false},"featured_media":6237,"comment_status":"closed","ping_status":"closed","template":"","meta":{"_acf_changed":false},"product_brand":[],"product_cat":[53],"product_tag":[64,63,65,69,66,67,70,62,71,68],"class_list":{"0":"post-1706","1":"product","2":"type-product","3":"status-publish","4":"has-post-thumbnail","6":"product_cat-womens-fragrances","7":"product_tag-ananas","8":"product_tag-bergamotka","9":"product_tag-brzoskwinia","10":"product_tag-czekolada","11":"product_tag-fiolek","12":"product_tag-jasmin","13":"product_tag-karmel","14":"product_tag-neroli","15":"product_tag-paczula","16":"product_tag-roza","18":"first","19":"instock","20":"taxable","21":"shipping-taxable","22":"purchasable","23":"product-type-simple"},"acf":[],"yoast_head":"<!-- This site is optimized with the Yoast SEO plugin v27.0 - https:\/\/yoast.com\/product\/yoast-seo-wordpress\/ -->\n<title>Monza - refill - VINOVE<\/title>\n<meta name=\"robots\" content=\"index, follow, max-snippet:-1, max-image-preview:large, max-video-preview:-1\" \/>\n<link rel=\"canonical\" href=\"https:\/\/vinove.pl\/sklep\/produkt\/monza-kondensator-zapachu\/\" \/>\n<meta property=\"og:locale\" content=\"pl_PL\" \/>\n<meta property=\"og:type\" content=\"article\" \/>\n<meta property=\"og:title\" content=\"Monza - refill - VINOVE\" \/>\n<meta property=\"og:description\" content=\"WOMEN\u2019s fragrances         MONZA to\u00a0elektryzuj\u0105cy zapach kobiet b\u0142yskotliwych, kreatywnych i\u00a0zdecydowanych. Aromat s\u0142odkiej obietnicy i\u00a0dojrza\u0142ego seksapilu.      MONZA to\u00a0po\u0142\u0105czenie sprzeczno\u015bci, \u015bwie\u017co\u015bci ananasa i\u00a0brzoskwi\u0144 z\u00a0bujnym bukietem amarantowych r\u00f3\u017c oraz\u00a0s\u0142odycz\u0105 czekolady i\u00a0karmelu.      Nuta g\u0142owy: neroli, bergamotka, ananas, brzoskwinia  Nuta serca: fio\u0142ek, ja\u015bmin, r\u00f3\u017ca  Nuta bazowa: czekolada, karmel, paczula\" \/>\n<meta property=\"og:url\" content=\"https:\/\/vinove.pl\/sklep\/produkt\/monza-kondensator-zapachu\/\" \/>\n<meta property=\"og:site_name\" content=\"VINOVE\" \/>\n<meta property=\"article:publisher\" content=\"https:\/\/www.facebook.com\/Vinove-244089886723219\/\" \/>\n<meta property=\"article:modified_time\" content=\"2025-01-15T13:36:31+00:00\" \/>\n<meta property=\"og:image\" content=\"https:\/\/vinove.pl\/sklep\/wp-content\/uploads\/2019\/02\/REB-v07-07-MONZA-VINOVE-min.jpg\" \/>\n\t<meta property=\"og:image:width\" content=\"1200\" \/>\n\t<meta property=\"og:image:height\" content=\"1200\" \/>\n\t<meta property=\"og:image:type\" content=\"image\/jpeg\" \/>\n<meta name=\"twitter:card\" content=\"summary_large_image\" \/>\n<script type=\"application\/ld+json\" class=\"yoast-schema-graph\">{\"@context\":\"https:\/\/schema.org\",\"@graph\":[{\"@type\":\"WebPage\",\"@id\":\"https:\/\/vinove.pl\/sklep\/produkt\/monza-kondensator-zapachu\/\",\"url\":\"https:\/\/vinove.pl\/sklep\/produkt\/monza-kondensator-zapachu\/\",\"name\":\"Monza - refill - VINOVE\",\"isPartOf\":{\"@id\":\"https:\/\/vinove.pl\/sklep\/#website\"},\"primaryImageOfPage\":{\"@id\":\"https:\/\/vinove.pl\/sklep\/produkt\/monza-kondensator-zapachu\/#primaryimage\"},\"image\":{\"@id\":\"https:\/\/vinove.pl\/sklep\/produkt\/monza-kondensator-zapachu\/#primaryimage\"},\"thumbnailUrl\":\"https:\/\/vinove.pl\/sklep\/wp-content\/uploads\/2019\/02\/REB-v07-07-MONZA-VINOVE-min.jpg\",\"datePublished\":\"2018-04-10T05:00:08+00:00\",\"dateModified\":\"2025-01-15T13:36:31+00:00\",\"breadcrumb\":{\"@id\":\"https:\/\/vinove.pl\/sklep\/produkt\/monza-kondensator-zapachu\/#breadcrumb\"},\"inLanguage\":\"pl-PL\",\"potentialAction\":[{\"@type\":\"ReadAction\",\"target\":[\"https:\/\/vinove.pl\/sklep\/produkt\/monza-kondensator-zapachu\/\"]}]},{\"@type\":\"ImageObject\",\"inLanguage\":\"pl-PL\",\"@id\":\"https:\/\/vinove.pl\/sklep\/produkt\/monza-kondensator-zapachu\/#primaryimage\",\"url\":\"https:\/\/vinove.pl\/sklep\/wp-content\/uploads\/2019\/02\/REB-v07-07-MONZA-VINOVE-min.jpg\",\"contentUrl\":\"https:\/\/vinove.pl\/sklep\/wp-content\/uploads\/2019\/02\/REB-v07-07-MONZA-VINOVE-min.jpg\",\"width\":1200,\"height\":1200,\"caption\":\"VINOVE monza REFILL (v07-07)\"},{\"@type\":\"BreadcrumbList\",\"@id\":\"https:\/\/vinove.pl\/sklep\/produkt\/monza-kondensator-zapachu\/#breadcrumb\",\"itemListElement\":[{\"@type\":\"ListItem\",\"position\":1,\"name\":\"Home\",\"item\":\"https:\/\/vinove.pl\/sklep\/\"},{\"@type\":\"ListItem\",\"position\":2,\"name\":\"Sklep\",\"item\":\"https:\/\/vinove.pl\/sklep\/\"},{\"@type\":\"ListItem\",\"position\":3,\"name\":\"Monza &#8211; refill\"}]},{\"@type\":\"WebSite\",\"@id\":\"https:\/\/vinove.pl\/sklep\/#website\",\"url\":\"https:\/\/vinove.pl\/sklep\/\",\"name\":\"VINOVE\",\"description\":\"magnifique auto perfum\",\"publisher\":{\"@id\":\"https:\/\/vinove.pl\/sklep\/#organization\"},\"potentialAction\":[{\"@type\":\"SearchAction\",\"target\":{\"@type\":\"EntryPoint\",\"urlTemplate\":\"https:\/\/vinove.pl\/sklep\/?s={search_term_string}\"},\"query-input\":{\"@type\":\"PropertyValueSpecification\",\"valueRequired\":true,\"valueName\":\"search_term_string\"}}],\"inLanguage\":\"pl-PL\"},{\"@type\":\"Organization\",\"@id\":\"https:\/\/vinove.pl\/sklep\/#organization\",\"name\":\"VINOVE Sp. z o.o. Magnifique auto perfum\",\"url\":\"https:\/\/vinove.pl\/sklep\/\",\"logo\":{\"@type\":\"ImageObject\",\"inLanguage\":\"pl-PL\",\"@id\":\"https:\/\/vinove.pl\/sklep\/#\/schema\/logo\/image\/\",\"url\":\"https:\/\/vinove.pl\/sklep\/wp-content\/uploads\/2017\/02\/cropped-vinove-logo-claim-szary-1.png\",\"contentUrl\":\"https:\/\/vinove.pl\/sklep\/wp-content\/uploads\/2017\/02\/cropped-vinove-logo-claim-szary-1.png\",\"width\":340,\"height\":138,\"caption\":\"VINOVE Sp. z o.o. Magnifique auto perfum\"},\"image\":{\"@id\":\"https:\/\/vinove.pl\/sklep\/#\/schema\/logo\/image\/\"},\"sameAs\":[\"https:\/\/www.facebook.com\/Vinove-244089886723219\/\",\"https:\/\/www.instagram.com\/vinove_official\/\",\"https:\/\/www.youtube.com\/channel\/UCHLlhVO2ymPq60pfNhAZ2Ow\"]}]}<\/script>\n<!-- \/ Yoast SEO plugin. -->","yoast_head_json":{"title":"Monza - refill - VINOVE","robots":{"index":"index","follow":"follow","max-snippet":"max-snippet:-1","max-image-preview":"max-image-preview:large","max-video-preview":"max-video-preview:-1"},"canonical":"https:\/\/vinove.pl\/sklep\/produkt\/monza-kondensator-zapachu\/","og_locale":"pl_PL","og_type":"article","og_title":"Monza - refill - VINOVE","og_description":"WOMEN\u2019s fragrances         MONZA to\u00a0elektryzuj\u0105cy zapach kobiet b\u0142yskotliwych, kreatywnych i\u00a0zdecydowanych. Aromat s\u0142odkiej obietnicy i\u00a0dojrza\u0142ego seksapilu.      MONZA to\u00a0po\u0142\u0105czenie sprzeczno\u015bci, \u015bwie\u017co\u015bci ananasa i\u00a0brzoskwi\u0144 z\u00a0bujnym bukietem amarantowych r\u00f3\u017c oraz\u00a0s\u0142odycz\u0105 czekolady i\u00a0karmelu.      Nuta g\u0142owy: neroli, bergamotka, ananas, brzoskwinia  Nuta serca: fio\u0142ek, ja\u015bmin, r\u00f3\u017ca  Nuta bazowa: czekolada, karmel, paczula","og_url":"https:\/\/vinove.pl\/sklep\/produkt\/monza-kondensator-zapachu\/","og_site_name":"VINOVE","article_publisher":"https:\/\/www.facebook.com\/Vinove-244089886723219\/","article_modified_time":"2025-01-15T13:36:31+00:00","og_image":[{"width":1200,"height":1200,"url":"https:\/\/vinove.pl\/sklep\/wp-content\/uploads\/2019\/02\/REB-v07-07-MONZA-VINOVE-min.jpg","type":"image\/jpeg"}],"twitter_card":"summary_large_image","schema":{"@context":"https:\/\/schema.org","@graph":[{"@type":"WebPage","@id":"https:\/\/vinove.pl\/sklep\/produkt\/monza-kondensator-zapachu\/","url":"https:\/\/vinove.pl\/sklep\/produkt\/monza-kondensator-zapachu\/","name":"Monza - refill - VINOVE","isPartOf":{"@id":"https:\/\/vinove.pl\/sklep\/#website"},"primaryImageOfPage":{"@id":"https:\/\/vinove.pl\/sklep\/produkt\/monza-kondensator-zapachu\/#primaryimage"},"image":{"@id":"https:\/\/vinove.pl\/sklep\/produkt\/monza-kondensator-zapachu\/#primaryimage"},"thumbnailUrl":"https:\/\/vinove.pl\/sklep\/wp-content\/uploads\/2019\/02\/REB-v07-07-MONZA-VINOVE-min.jpg","datePublished":"2018-04-10T05:00:08+00:00","dateModified":"2025-01-15T13:36:31+00:00","breadcrumb":{"@id":"https:\/\/vinove.pl\/sklep\/produkt\/monza-kondensator-zapachu\/#breadcrumb"},"inLanguage":"pl-PL","potentialAction":[{"@type":"ReadAction","target":["https:\/\/vinove.pl\/sklep\/produkt\/monza-kondensator-zapachu\/"]}]},{"@type":"ImageObject","inLanguage":"pl-PL","@id":"https:\/\/vinove.pl\/sklep\/produkt\/monza-kondensator-zapachu\/#primaryimage","url":"https:\/\/vinove.pl\/sklep\/wp-content\/uploads\/2019\/02\/REB-v07-07-MONZA-VINOVE-min.jpg","contentUrl":"https:\/\/vinove.pl\/sklep\/wp-content\/uploads\/2019\/02\/REB-v07-07-MONZA-VINOVE-min.jpg","width":1200,"height":1200,"caption":"VINOVE monza REFILL (v07-07)"},{"@type":"BreadcrumbList","@id":"https:\/\/vinove.pl\/sklep\/produkt\/monza-kondensator-zapachu\/#breadcrumb","itemListElement":[{"@type":"ListItem","position":1,"name":"Home","item":"https:\/\/vinove.pl\/sklep\/"},{"@type":"ListItem","position":2,"name":"Sklep","item":"https:\/\/vinove.pl\/sklep\/"},{"@type":"ListItem","position":3,"name":"Monza &#8211; refill"}]},{"@type":"WebSite","@id":"https:\/\/vinove.pl\/sklep\/#website","url":"https:\/\/vinove.pl\/sklep\/","name":"VINOVE","description":"magnifique auto perfum","publisher":{"@id":"https:\/\/vinove.pl\/sklep\/#organization"},"potentialAction":[{"@type":"SearchAction","target":{"@type":"EntryPoint","urlTemplate":"https:\/\/vinove.pl\/sklep\/?s={search_term_string}"},"query-input":{"@type":"PropertyValueSpecification","valueRequired":true,"valueName":"search_term_string"}}],"inLanguage":"pl-PL"},{"@type":"Organization","@id":"https:\/\/vinove.pl\/sklep\/#organization","name":"VINOVE Sp. z o.o. Magnifique auto perfum","url":"https:\/\/vinove.pl\/sklep\/","logo":{"@type":"ImageObject","inLanguage":"pl-PL","@id":"https:\/\/vinove.pl\/sklep\/#\/schema\/logo\/image\/","url":"https:\/\/vinove.pl\/sklep\/wp-content\/uploads\/2017\/02\/cropped-vinove-logo-claim-szary-1.png","contentUrl":"https:\/\/vinove.pl\/sklep\/wp-content\/uploads\/2017\/02\/cropped-vinove-logo-claim-szary-1.png","width":340,"height":138,"caption":"VINOVE Sp. z o.o. Magnifique auto perfum"},"image":{"@id":"https:\/\/vinove.pl\/sklep\/#\/schema\/logo\/image\/"},"sameAs":["https:\/\/www.facebook.com\/Vinove-244089886723219\/","https:\/\/www.instagram.com\/vinove_official\/","https:\/\/www.youtube.com\/channel\/UCHLlhVO2ymPq60pfNhAZ2Ow"]}]}},"_links":{"self":[{"href":"https:\/\/vinove.pl\/sklep\/wp-json\/wp\/v2\/product\/1706","targetHints":{"allow":["GET"]}}],"collection":[{"href":"https:\/\/vinove.pl\/sklep\/wp-json\/wp\/v2\/product"}],"about":[{"href":"https:\/\/vinove.pl\/sklep\/wp-json\/wp\/v2\/types\/product"}],"replies":[{"embeddable":true,"href":"https:\/\/vinove.pl\/sklep\/wp-json\/wp\/v2\/comments?post=1706"}],"wp:featuredmedia":[{"embeddable":true,"href":"https:\/\/vinove.pl\/sklep\/wp-json\/wp\/v2\/media\/6237"}],"wp:attachment":[{"href":"https:\/\/vinove.pl\/sklep\/wp-json\/wp\/v2\/media?parent=1706"}],"wp:term":[{"taxonomy":"product_brand","embeddable":true,"href":"https:\/\/vinove.pl\/sklep\/wp-json\/wp\/v2\/product_brand?post=1706"},{"taxonomy":"product_cat","embeddable":true,"href":"https:\/\/vinove.pl\/sklep\/wp-json\/wp\/v2\/product_cat?post=1706"},{"taxonomy":"product_tag","embeddable":true,"href":"https:\/\/vinove.pl\/sklep\/wp-json\/wp\/v2\/product_tag?post=1706"}],"curies":[{"name":"wp","href":"https:\/\/api.w.org\/{rel}","templated":true}]}}