{"id":1700,"date":"2018-04-10T08:00:00","date_gmt":"2018-04-10T06:00:00","guid":{"rendered":"https:\/\/vinove.pl\/sklep\/produkt\/sebring-copy\/"},"modified":"2024-09-17T11:55:51","modified_gmt":"2024-09-17T09:55:51","slug":"sebring-kondensator-zapachu","status":"publish","type":"product","link":"https:\/\/vinove.pl\/sklep\/produkt\/sebring-kondensator-zapachu\/","title":{"rendered":"Sebring  &#8211; refill"},"content":{"rendered":"<p><img fetchpriority=\"high\" decoding=\"async\" class=\"alignnone size-full wp-image-6260\" src=\"https:\/\/vinove.pl\/sklep\/wp-content\/uploads\/2018\/04\/REG-v05-02-SEBRING-VINOVE.jpg\" alt=\"REG---v05-02---SEBRING-VINOVE\" width=\"1200\" height=\"549\" srcset=\"https:\/\/vinove.pl\/sklep\/wp-content\/uploads\/2018\/04\/REG-v05-02-SEBRING-VINOVE.jpg 1200w, https:\/\/vinove.pl\/sklep\/wp-content\/uploads\/2018\/04\/REG-v05-02-SEBRING-VINOVE-800x366.jpg 800w, https:\/\/vinove.pl\/sklep\/wp-content\/uploads\/2018\/04\/REG-v05-02-SEBRING-VINOVE-300x137.jpg 300w, https:\/\/vinove.pl\/sklep\/wp-content\/uploads\/2018\/04\/REG-v05-02-SEBRING-VINOVE-768x351.jpg 768w, https:\/\/vinove.pl\/sklep\/wp-content\/uploads\/2018\/04\/REG-v05-02-SEBRING-VINOVE-1030x471.jpg 1030w, https:\/\/vinove.pl\/sklep\/wp-content\/uploads\/2018\/04\/REG-v05-02-SEBRING-VINOVE-1000x458.jpg 1000w\" sizes=\"(max-width: 1200px) 100vw, 1200px\" \/> <img decoding=\"async\" class=\"alignnone size-full wp-image-6248\" src=\"https:\/\/vinove.pl\/sklep\/wp-content\/uploads\/2018\/04\/ORG-v01-02-SEBRING-VINOVE.jpg\" alt=\"ORG---v01-02---SEBRING-VINOVE\" width=\"1200\" height=\"413\" srcset=\"https:\/\/vinove.pl\/sklep\/wp-content\/uploads\/2018\/04\/ORG-v01-02-SEBRING-VINOVE.jpg 1200w, https:\/\/vinove.pl\/sklep\/wp-content\/uploads\/2018\/04\/ORG-v01-02-SEBRING-VINOVE-800x275.jpg 800w, https:\/\/vinove.pl\/sklep\/wp-content\/uploads\/2018\/04\/ORG-v01-02-SEBRING-VINOVE-300x103.jpg 300w, https:\/\/vinove.pl\/sklep\/wp-content\/uploads\/2018\/04\/ORG-v01-02-SEBRING-VINOVE-768x264.jpg 768w, https:\/\/vinove.pl\/sklep\/wp-content\/uploads\/2018\/04\/ORG-v01-02-SEBRING-VINOVE-1030x354.jpg 1030w, https:\/\/vinove.pl\/sklep\/wp-content\/uploads\/2018\/04\/ORG-v01-02-SEBRING-VINOVE-1000x344.jpg 1000w\" sizes=\"(max-width: 1200px) 100vw, 1200px\" \/><\/p>\n","protected":false},"excerpt":{"rendered":"<div id=\"av-layout-grid-3\" class=\"av-layout-grid-container entry-content-wrapper main_color av-flex-cells avia-builder-el-10 el_after_av_layout_row el_before_av_layout_row submenu-not-first container_wrap fullsize\">\n<div class=\"flex_cell no_margin av_one_half avia-builder-el-13 el_after_av_cell_one_half avia-builder-el-last \">\n<div class=\"flex_cell_inner\">\n<div class=\"av-special-heading av-special-heading-h3 blockquote modern-quote avia-builder-el-14 el_before_av_image avia-builder-el-first \">\n<h3 class=\"av-special-heading-tag\">MEN\u2019s fragrance<\/h3>\n<\/div>\n<div class=\"avia-image-container avia_animated_image avia_animate_when_almost_visible right-to-left av-styling- avia-builder-el-15 el_after_av_heading el_before_av_hr avia-align-left avia_start_animation avia_start_delayed_animation\">\n<div class=\"avia-image-container-inner\"><img decoding=\"async\" class=\"avia_image \" title=\"sebring-vinove-meskie-perfumy-samochodowe\" src=\"https:\/\/vinove.pl\/sklep\/wp-content\/uploads\/2017\/02\/sebring-vinove-meskie-perfumy-samochodowe.png\" alt=\"\" \/><\/div>\n<\/div>\n<div class=\"hr hr-invisible avia-builder-el-16 el_after_av_image el_before_av_textblock \"><\/div>\n<section class=\"av_textblock_section\">\n<div class=\"avia_textblock \">\n<p>SEBRING to\u00a0zapach m\u0119skiej przygody na\u00a0\u0142onie dzikiej Florydy. Adrenaliny wyzwalanej nurkowaniem w\u00a0jaskiniach i\u00a0skokami ze\u00a0ska\u0142 w\u00a0turkusowe g\u0142\u0119bie. Ryzyka zag\u0142\u0119biania si\u0119 w\u00a0nieznane i\u00a0odkrywania subtropik\u00f3w.<\/p>\n<\/div>\n<\/section>\n<section class=\"av_textblock_section\">\n<div class=\"avia_textblock \">\n<p>SEBRING \u0142\u0105czy orze\u017awiaj\u0105c\u0105 rze\u015bko\u015b\u0107 cytrus\u00f3w i\u00a0soczystego melona w\u00a0wodospadzie krystalicznie czystej wody, pot\u0119gowanej ch\u0142odem mi\u0119ty.<\/p>\n<\/div>\n<\/section>\n<section class=\"av_textblock_section\">\n<div class=\"avia_textblock \">\n<p><strong>Nuta g\u0142owy<\/strong>: cytrusy, nuty wodno-ozonowe, gujawa, papaja i\u00a0melon<\/p>\n<p><strong>Nuta serca<\/strong>: kwiat pomara\u0144czy, ja\u015bmin, magnolia, mi\u0119ta<\/p>\n<p><strong>Nuta bazowa<\/strong>: drzewo sanda\u0142owe i\u00a0cedrowe, mech, pi\u017cmo, ambra<\/p>\n<p><img decoding=\"async\" class=\"alignnone size-full wp-image-1885\" src=\"https:\/\/vinove.pl\/sklep\/wp-content\/uploads\/2018\/04\/vinove-katalog-handlowy-2017.jpg\" alt=\"vinove-katalog-handlowy-2017\" width=\"700\" height=\"483\" srcset=\"https:\/\/vinove.pl\/sklep\/wp-content\/uploads\/2018\/04\/vinove-katalog-handlowy-2017.jpg 700w, https:\/\/vinove.pl\/sklep\/wp-content\/uploads\/2018\/04\/vinove-katalog-handlowy-2017-300x207.jpg 300w\" sizes=\"(max-width: 700px) 100vw, 700px\" \/><\/p>\n<\/div>\n<\/section>\n<\/div>\n<\/div>\n<\/div>\n","protected":false},"featured_media":6239,"comment_status":"closed","ping_status":"closed","template":"","meta":{"_acf_changed":false},"product_brand":[],"product_cat":[52],"product_tag":[84,91,89,83,93,67,75,78,96,82,95,94,60,92],"class_list":{"0":"post-1700","1":"product","2":"type-product","3":"status-publish","4":"has-post-thumbnail","6":"product_cat-mens-fragrances","7":"product_tag-ambra","8":"product_tag-cytrusy","9":"product_tag-drewno-cedrowe","10":"product_tag-drzewo-sandalowe","11":"product_tag-gujawa","12":"product_tag-jasmin","13":"product_tag-kwiat-pomaranczy","14":"product_tag-magnolia","15":"product_tag-mech","16":"product_tag-melon","17":"product_tag-mieta","18":"product_tag-papaja","19":"product_tag-pizmo","20":"product_tag-wodno-ozonowe","22":"first","23":"outofstock","24":"taxable","25":"shipping-taxable","26":"purchasable","27":"product-type-simple"},"acf":[],"yoast_head":"<!-- This site is optimized with the Yoast SEO plugin v27.0 - https:\/\/yoast.com\/product\/yoast-seo-wordpress\/ -->\n<title>Sebring - refill - VINOVE<\/title>\n<meta name=\"robots\" content=\"index, follow, max-snippet:-1, max-image-preview:large, max-video-preview:-1\" \/>\n<link rel=\"canonical\" href=\"https:\/\/vinove.pl\/sklep\/produkt\/sebring-kondensator-zapachu\/\" \/>\n<meta property=\"og:locale\" content=\"pl_PL\" \/>\n<meta property=\"og:type\" content=\"article\" \/>\n<meta property=\"og:title\" content=\"Sebring - refill - VINOVE\" \/>\n<meta property=\"og:description\" content=\"MEN\u2019s fragrance         SEBRING to\u00a0zapach m\u0119skiej przygody na\u00a0\u0142onie dzikiej Florydy. Adrenaliny wyzwalanej nurkowaniem w\u00a0jaskiniach i\u00a0skokami ze\u00a0ska\u0142 w\u00a0turkusowe g\u0142\u0119bie. Ryzyka zag\u0142\u0119biania si\u0119 w\u00a0nieznane i\u00a0odkrywania subtropik\u00f3w.      SEBRING \u0142\u0105czy orze\u017awiaj\u0105c\u0105 rze\u015bko\u015b\u0107 cytrus\u00f3w i\u00a0soczystego melona w\u00a0wodospadzie krystalicznie czystej wody, pot\u0119gowanej ch\u0142odem mi\u0119ty.      Nuta g\u0142owy: cytrusy, nuty wodno-ozonowe, gujawa, papaja i\u00a0melon  Nuta serca: kwiat pomara\u0144czy, ja\u015bmin, magnolia, mi\u0119ta  Nuta bazowa: drzewo sanda\u0142owe i\u00a0cedrowe, mech, pi\u017cmo, ambra\" \/>\n<meta property=\"og:url\" content=\"https:\/\/vinove.pl\/sklep\/produkt\/sebring-kondensator-zapachu\/\" \/>\n<meta property=\"og:site_name\" content=\"VINOVE\" \/>\n<meta property=\"article:publisher\" content=\"https:\/\/www.facebook.com\/Vinove-244089886723219\/\" \/>\n<meta property=\"article:modified_time\" content=\"2024-09-17T09:55:51+00:00\" \/>\n<meta property=\"og:image\" content=\"https:\/\/vinove.pl\/sklep\/wp-content\/uploads\/2019\/02\/REB-v07-02-SEBRING-VINOVE-min.jpg\" \/>\n\t<meta property=\"og:image:width\" content=\"1200\" \/>\n\t<meta property=\"og:image:height\" content=\"1200\" \/>\n\t<meta property=\"og:image:type\" content=\"image\/jpeg\" \/>\n<meta name=\"twitter:card\" content=\"summary_large_image\" \/>\n<script type=\"application\/ld+json\" class=\"yoast-schema-graph\">{\"@context\":\"https:\/\/schema.org\",\"@graph\":[{\"@type\":\"WebPage\",\"@id\":\"https:\/\/vinove.pl\/sklep\/produkt\/sebring-kondensator-zapachu\/\",\"url\":\"https:\/\/vinove.pl\/sklep\/produkt\/sebring-kondensator-zapachu\/\",\"name\":\"Sebring - refill - VINOVE\",\"isPartOf\":{\"@id\":\"https:\/\/vinove.pl\/sklep\/#website\"},\"primaryImageOfPage\":{\"@id\":\"https:\/\/vinove.pl\/sklep\/produkt\/sebring-kondensator-zapachu\/#primaryimage\"},\"image\":{\"@id\":\"https:\/\/vinove.pl\/sklep\/produkt\/sebring-kondensator-zapachu\/#primaryimage\"},\"thumbnailUrl\":\"https:\/\/vinove.pl\/sklep\/wp-content\/uploads\/2019\/02\/REB-v07-02-SEBRING-VINOVE-min.jpg\",\"datePublished\":\"2018-04-10T06:00:00+00:00\",\"dateModified\":\"2024-09-17T09:55:51+00:00\",\"breadcrumb\":{\"@id\":\"https:\/\/vinove.pl\/sklep\/produkt\/sebring-kondensator-zapachu\/#breadcrumb\"},\"inLanguage\":\"pl-PL\",\"potentialAction\":[{\"@type\":\"ReadAction\",\"target\":[\"https:\/\/vinove.pl\/sklep\/produkt\/sebring-kondensator-zapachu\/\"]}]},{\"@type\":\"ImageObject\",\"inLanguage\":\"pl-PL\",\"@id\":\"https:\/\/vinove.pl\/sklep\/produkt\/sebring-kondensator-zapachu\/#primaryimage\",\"url\":\"https:\/\/vinove.pl\/sklep\/wp-content\/uploads\/2019\/02\/REB-v07-02-SEBRING-VINOVE-min.jpg\",\"contentUrl\":\"https:\/\/vinove.pl\/sklep\/wp-content\/uploads\/2019\/02\/REB-v07-02-SEBRING-VINOVE-min.jpg\",\"width\":1200,\"height\":1200,\"caption\":\"VINOVE sebring REFILL (v07-02)\"},{\"@type\":\"BreadcrumbList\",\"@id\":\"https:\/\/vinove.pl\/sklep\/produkt\/sebring-kondensator-zapachu\/#breadcrumb\",\"itemListElement\":[{\"@type\":\"ListItem\",\"position\":1,\"name\":\"Home\",\"item\":\"https:\/\/vinove.pl\/sklep\/\"},{\"@type\":\"ListItem\",\"position\":2,\"name\":\"Sklep\",\"item\":\"https:\/\/vinove.pl\/sklep\/\"},{\"@type\":\"ListItem\",\"position\":3,\"name\":\"Sebring &#8211; refill\"}]},{\"@type\":\"WebSite\",\"@id\":\"https:\/\/vinove.pl\/sklep\/#website\",\"url\":\"https:\/\/vinove.pl\/sklep\/\",\"name\":\"VINOVE\",\"description\":\"magnifique auto perfum\",\"publisher\":{\"@id\":\"https:\/\/vinove.pl\/sklep\/#organization\"},\"potentialAction\":[{\"@type\":\"SearchAction\",\"target\":{\"@type\":\"EntryPoint\",\"urlTemplate\":\"https:\/\/vinove.pl\/sklep\/?s={search_term_string}\"},\"query-input\":{\"@type\":\"PropertyValueSpecification\",\"valueRequired\":true,\"valueName\":\"search_term_string\"}}],\"inLanguage\":\"pl-PL\"},{\"@type\":\"Organization\",\"@id\":\"https:\/\/vinove.pl\/sklep\/#organization\",\"name\":\"VINOVE Sp. z o.o. Magnifique auto perfum\",\"url\":\"https:\/\/vinove.pl\/sklep\/\",\"logo\":{\"@type\":\"ImageObject\",\"inLanguage\":\"pl-PL\",\"@id\":\"https:\/\/vinove.pl\/sklep\/#\/schema\/logo\/image\/\",\"url\":\"https:\/\/vinove.pl\/sklep\/wp-content\/uploads\/2017\/02\/cropped-vinove-logo-claim-szary-1.png\",\"contentUrl\":\"https:\/\/vinove.pl\/sklep\/wp-content\/uploads\/2017\/02\/cropped-vinove-logo-claim-szary-1.png\",\"width\":340,\"height\":138,\"caption\":\"VINOVE Sp. z o.o. Magnifique auto perfum\"},\"image\":{\"@id\":\"https:\/\/vinove.pl\/sklep\/#\/schema\/logo\/image\/\"},\"sameAs\":[\"https:\/\/www.facebook.com\/Vinove-244089886723219\/\",\"https:\/\/www.instagram.com\/vinove_official\/\",\"https:\/\/www.youtube.com\/channel\/UCHLlhVO2ymPq60pfNhAZ2Ow\"]}]}<\/script>\n<!-- \/ Yoast SEO plugin. -->","yoast_head_json":{"title":"Sebring - refill - VINOVE","robots":{"index":"index","follow":"follow","max-snippet":"max-snippet:-1","max-image-preview":"max-image-preview:large","max-video-preview":"max-video-preview:-1"},"canonical":"https:\/\/vinove.pl\/sklep\/produkt\/sebring-kondensator-zapachu\/","og_locale":"pl_PL","og_type":"article","og_title":"Sebring - refill - VINOVE","og_description":"MEN\u2019s fragrance         SEBRING to\u00a0zapach m\u0119skiej przygody na\u00a0\u0142onie dzikiej Florydy. Adrenaliny wyzwalanej nurkowaniem w\u00a0jaskiniach i\u00a0skokami ze\u00a0ska\u0142 w\u00a0turkusowe g\u0142\u0119bie. Ryzyka zag\u0142\u0119biania si\u0119 w\u00a0nieznane i\u00a0odkrywania subtropik\u00f3w.      SEBRING \u0142\u0105czy orze\u017awiaj\u0105c\u0105 rze\u015bko\u015b\u0107 cytrus\u00f3w i\u00a0soczystego melona w\u00a0wodospadzie krystalicznie czystej wody, pot\u0119gowanej ch\u0142odem mi\u0119ty.      Nuta g\u0142owy: cytrusy, nuty wodno-ozonowe, gujawa, papaja i\u00a0melon  Nuta serca: kwiat pomara\u0144czy, ja\u015bmin, magnolia, mi\u0119ta  Nuta bazowa: drzewo sanda\u0142owe i\u00a0cedrowe, mech, pi\u017cmo, ambra","og_url":"https:\/\/vinove.pl\/sklep\/produkt\/sebring-kondensator-zapachu\/","og_site_name":"VINOVE","article_publisher":"https:\/\/www.facebook.com\/Vinove-244089886723219\/","article_modified_time":"2024-09-17T09:55:51+00:00","og_image":[{"width":1200,"height":1200,"url":"https:\/\/vinove.pl\/sklep\/wp-content\/uploads\/2019\/02\/REB-v07-02-SEBRING-VINOVE-min.jpg","type":"image\/jpeg"}],"twitter_card":"summary_large_image","schema":{"@context":"https:\/\/schema.org","@graph":[{"@type":"WebPage","@id":"https:\/\/vinove.pl\/sklep\/produkt\/sebring-kondensator-zapachu\/","url":"https:\/\/vinove.pl\/sklep\/produkt\/sebring-kondensator-zapachu\/","name":"Sebring - refill - VINOVE","isPartOf":{"@id":"https:\/\/vinove.pl\/sklep\/#website"},"primaryImageOfPage":{"@id":"https:\/\/vinove.pl\/sklep\/produkt\/sebring-kondensator-zapachu\/#primaryimage"},"image":{"@id":"https:\/\/vinove.pl\/sklep\/produkt\/sebring-kondensator-zapachu\/#primaryimage"},"thumbnailUrl":"https:\/\/vinove.pl\/sklep\/wp-content\/uploads\/2019\/02\/REB-v07-02-SEBRING-VINOVE-min.jpg","datePublished":"2018-04-10T06:00:00+00:00","dateModified":"2024-09-17T09:55:51+00:00","breadcrumb":{"@id":"https:\/\/vinove.pl\/sklep\/produkt\/sebring-kondensator-zapachu\/#breadcrumb"},"inLanguage":"pl-PL","potentialAction":[{"@type":"ReadAction","target":["https:\/\/vinove.pl\/sklep\/produkt\/sebring-kondensator-zapachu\/"]}]},{"@type":"ImageObject","inLanguage":"pl-PL","@id":"https:\/\/vinove.pl\/sklep\/produkt\/sebring-kondensator-zapachu\/#primaryimage","url":"https:\/\/vinove.pl\/sklep\/wp-content\/uploads\/2019\/02\/REB-v07-02-SEBRING-VINOVE-min.jpg","contentUrl":"https:\/\/vinove.pl\/sklep\/wp-content\/uploads\/2019\/02\/REB-v07-02-SEBRING-VINOVE-min.jpg","width":1200,"height":1200,"caption":"VINOVE sebring REFILL (v07-02)"},{"@type":"BreadcrumbList","@id":"https:\/\/vinove.pl\/sklep\/produkt\/sebring-kondensator-zapachu\/#breadcrumb","itemListElement":[{"@type":"ListItem","position":1,"name":"Home","item":"https:\/\/vinove.pl\/sklep\/"},{"@type":"ListItem","position":2,"name":"Sklep","item":"https:\/\/vinove.pl\/sklep\/"},{"@type":"ListItem","position":3,"name":"Sebring &#8211; refill"}]},{"@type":"WebSite","@id":"https:\/\/vinove.pl\/sklep\/#website","url":"https:\/\/vinove.pl\/sklep\/","name":"VINOVE","description":"magnifique auto perfum","publisher":{"@id":"https:\/\/vinove.pl\/sklep\/#organization"},"potentialAction":[{"@type":"SearchAction","target":{"@type":"EntryPoint","urlTemplate":"https:\/\/vinove.pl\/sklep\/?s={search_term_string}"},"query-input":{"@type":"PropertyValueSpecification","valueRequired":true,"valueName":"search_term_string"}}],"inLanguage":"pl-PL"},{"@type":"Organization","@id":"https:\/\/vinove.pl\/sklep\/#organization","name":"VINOVE Sp. z o.o. Magnifique auto perfum","url":"https:\/\/vinove.pl\/sklep\/","logo":{"@type":"ImageObject","inLanguage":"pl-PL","@id":"https:\/\/vinove.pl\/sklep\/#\/schema\/logo\/image\/","url":"https:\/\/vinove.pl\/sklep\/wp-content\/uploads\/2017\/02\/cropped-vinove-logo-claim-szary-1.png","contentUrl":"https:\/\/vinove.pl\/sklep\/wp-content\/uploads\/2017\/02\/cropped-vinove-logo-claim-szary-1.png","width":340,"height":138,"caption":"VINOVE Sp. z o.o. Magnifique auto perfum"},"image":{"@id":"https:\/\/vinove.pl\/sklep\/#\/schema\/logo\/image\/"},"sameAs":["https:\/\/www.facebook.com\/Vinove-244089886723219\/","https:\/\/www.instagram.com\/vinove_official\/","https:\/\/www.youtube.com\/channel\/UCHLlhVO2ymPq60pfNhAZ2Ow"]}]}},"_links":{"self":[{"href":"https:\/\/vinove.pl\/sklep\/wp-json\/wp\/v2\/product\/1700","targetHints":{"allow":["GET"]}}],"collection":[{"href":"https:\/\/vinove.pl\/sklep\/wp-json\/wp\/v2\/product"}],"about":[{"href":"https:\/\/vinove.pl\/sklep\/wp-json\/wp\/v2\/types\/product"}],"replies":[{"embeddable":true,"href":"https:\/\/vinove.pl\/sklep\/wp-json\/wp\/v2\/comments?post=1700"}],"wp:featuredmedia":[{"embeddable":true,"href":"https:\/\/vinove.pl\/sklep\/wp-json\/wp\/v2\/media\/6239"}],"wp:attachment":[{"href":"https:\/\/vinove.pl\/sklep\/wp-json\/wp\/v2\/media?parent=1700"}],"wp:term":[{"taxonomy":"product_brand","embeddable":true,"href":"https:\/\/vinove.pl\/sklep\/wp-json\/wp\/v2\/product_brand?post=1700"},{"taxonomy":"product_cat","embeddable":true,"href":"https:\/\/vinove.pl\/sklep\/wp-json\/wp\/v2\/product_cat?post=1700"},{"taxonomy":"product_tag","embeddable":true,"href":"https:\/\/vinove.pl\/sklep\/wp-json\/wp\/v2\/product_tag?post=1700"}],"curies":[{"name":"wp","href":"https:\/\/api.w.org\/{rel}","templated":true}]}}