{"id":1622,"date":"2018-04-10T20:00:35","date_gmt":"2018-04-10T20:00:35","guid":{"rendered":"https:\/\/vinove.pl\/sklep\/?page_id=1622"},"modified":"2019-02-02T22:03:47","modified_gmt":"2019-02-02T20:03:47","slug":"jak-zamawiac","status":"publish","type":"page","link":"https:\/\/vinove.pl\/sklep\/jak-zamawiac\/","title":{"rendered":"Jak zamawia\u0107"},"content":{"rendered":"<p>Informacje zawarte w Serwisie nie stanowi\u0105 oferty Sprzedawcy w rozumieniu Kodeksu Cywilnego, a jedynie zaproszenie U\u017cytkownik\u00f3w do zawarcia umowy sprzeda\u017cy.<\/p>\n<ol>\n<li>U\u017cytkownik mo\u017ce sk\u0142ada\u0107 Zam\u00f3wienia w Sklepie Internetowym oraz telefonicznie +48 42\u00a0227 90 08.<\/li>\n<li>U\u017cytkownik mo\u017ce sk\u0142ada\u0107 Zam\u00f3wienia w Sklepie Internetowym przez 7 dni w tygodniu ca\u0142odobowo.<\/li>\n<li>Przed z\u0142o\u017ceniem Zam\u00f3wienia, U\u017cytkownik jest informowany o danych Sprzedawcy o \u0142\u0105cznej cenie za wybrany Towar i Dostaw\u0119, jak te\u017c o wszystkich dodatkowych kosztach (w tym kosztach us\u0142ug dodatkowych np. transportu), jakie jest zobowi\u0105zany ponie\u015b\u0107 w zwi\u0105zku z Umow\u0105 sprzeda\u017cy.<\/li>\n<li>Z\u0142o\u017cenie Zam\u00f3wienia wymaga akceptacji regulaminu serwisu oraz regulaminu sprzeda\u017cy Sprzedawcy.<\/li>\n<li>Z\u0142o\u017cenie Zam\u00f3wienia\u00a0 stanowi z\u0142o\u017cenie przez U\u017cytkownika oferty zawarcia Umowy sprzeda\u017cy Towar\u00f3w b\u0119d\u0105cych przedmiotem Zam\u00f3wienia.<\/li>\n<li>Po z\u0142o\u017ceniu Zam\u00f3wienia U\u017cytkownik otrzymuje na podany przez U\u017cytkownika adres poczty elektronicznej wiadomo\u015b\u0107 od Sprzedawcy informuj\u0105c\u0105 o otrzymaniu zam\u00f3wienia.<\/li>\n<li>U\u017cytkownik mo\u017ce sk\u0142ada\u0107 Zam\u00f3wienia telefonicznie. Form\u0105 zap\u0142aty za zam\u00f3wienie z\u0142o\u017cone za po\u015brednictwem telefonu jest\u00a0 jedynie przelew bankowy.<\/li>\n<li>U\u017cytkownik ma mo\u017cliwo\u015b\u0107 z\u0142o\u017cenia Zam\u00f3wienia\u00a0za po\u015brednictwem telefonu dzwoni\u0105c na numer +48\u00a042 227 90 08. W takim przypadku U\u017cytkownik podaje nazw\u0119 towaru spo\u015br\u00f3d towar\u00f3w znajduj\u0105cych si\u0119 na stronie www.vinove.pl\/sklep i ilo\u015b\u0107. Po skompletowaniu zam\u00f3wienia U\u017cytkownik wybiera spos\u00f3b dostawy. Po wskazaniu sposobu dostawy U\u017cytkownik podaje Sprzedawcy nast\u0119puj\u0105ce dane: imi\u0119, nazwisko, adres dostawy, adres e-mail, nr telefonu. U\u017cytkownik potwierdza, \u017ce wie, \u017ce z\u0142o\u017cenie zam\u00f3wienia telefonicznie wi\u0105\u017ce si\u0119 z obowi\u0105zkiem zap\u0142aty.<\/li>\n<li>Bez wzgl\u0119du na spos\u00f3b z\u0142o\u017cenia zam\u00f3wienia (w Sklepie Internetowym lub telefonicznie), w terminie do 3 dni od dnia otrzymania zam\u00f3wienia Sprzedawca informuje U\u017cytkownika o\u00a0akceptacji zam\u00f3wienia. Wraz z t\u0105 informacj\u0105 U\u017cytkownik otrzymuje tre\u015b\u0107 regulaminu serwisu, wz\u00f3r o\u015bwiadczenia o odst\u0105pieniu od umowy oraz inne informacje wymagane przepisami prawa.<\/li>\n<li>Umowa sprzeda\u017cy zostaje zawarta z chwil\u0105 otrzymania przez U\u017cytkownika wiadomo\u015bci o\u00a0akceptacji zam\u00f3wienia.<\/li>\n<li>Je\u017celi zam\u00f3wienie nie mo\u017ce zosta\u0107 zrealizowane przez Sprzedawc\u0119, Sprzedawca zawiadamia o tym U\u017cytkownika przesy\u0142aj\u0105c mu wiadomo\u015b\u0107 na adres poczty elektronicznej z informacj\u0105 o odmowie realizacji zam\u00f3wienia oraz przyczynie tej odmowy.<\/li>\n<li>Do czasu otrzymania przez U\u017cytkownika wiadomo\u015bci od Sprzedawcy, o kt\u00f3rej mowa pkt.XIII.11, U\u017cytkownik mo\u017ce anulowa\u0107 zam\u00f3wienie. W tym celu U\u017cytkownik powinien skontaktowa\u0107 si\u0119 ze Sprzedawc\u0105 +48 42\u00a0227 90 08 , 604\u00a0707\u00a0999 lub wys\u0142a\u0107 wiadomo\u015b\u0107 na adres <a href=\"mailto:sklep@vinove.pl\">sklep@vinove.pl<\/a> Mo\u017cliwo\u015b\u0107 anulowania Zam\u00f3wienia nie uchybia mo\u017cliwo\u015bci odst\u0105pienia od Umowy sprzeda\u017cy zgodnie z obowi\u0105zuj\u0105cymi przepisami.<\/li>\n<\/ol>\n<p>&nbsp;<\/p>\n<h3>Co zrobi\u0107, je\u015bli produktu, kt\u00f3ry mnie interesuje, nie ma na stanie lub jest za ma\u0142o sztuk?<\/h3>\n<p>Mo\u017ce si\u0119 zdarzy\u0107, \u017ce produkt, kt\u00f3ry Ci\u0119 zainteresowa\u0142 wcze\u015bniej zostanie kupiony przez inn\u0105 osob\u0119 lub, w przypadku zakupu kilku sztuk, nie b\u0119dziemy dysponowa\u0107 odpowiedni\u0105 ilo\u015bci\u0105 produkt\u00f3w. Polecamy w\u00f3wczas skorzystanie z\u00a0kontaktu do firmy VINOVE.<\/p>\n","protected":false},"excerpt":{"rendered":"<p>Informacje zawarte w Serwisie nie stanowi\u0105 oferty Sprzedawcy w rozumieniu Kodeksu Cywilnego, a jedynie zaproszenie U\u017cytkownik\u00f3w do zawarcia umowy sprzeda\u017cy. U\u017cytkownik mo\u017ce sk\u0142ada\u0107 Zam\u00f3wienia w Sklepie Internetowym oraz telefonicznie +48 42\u00a0227 90 08. U\u017cytkownik mo\u017ce sk\u0142ada\u0107 Zam\u00f3wienia w Sklepie Internetowym przez 7 dni w tygodniu ca\u0142odobowo. Przed z\u0142o\u017ceniem Zam\u00f3wienia, U\u017cytkownik jest informowany o danych Sprzedawcy [&hellip;]<\/p>\n","protected":false},"author":1,"featured_media":0,"parent":0,"menu_order":0,"comment_status":"closed","ping_status":"closed","template":"","meta":{"_acf_changed":false,"footnotes":""},"class_list":["post-1622","page","type-page","status-publish","hentry"],"acf":[],"yoast_head":"<!-- This site is optimized with the Yoast SEO plugin v27.0 - https:\/\/yoast.com\/product\/yoast-seo-wordpress\/ -->\n<title>Jak zamawia\u0107 - VINOVE<\/title>\n<meta name=\"robots\" content=\"index, follow, max-snippet:-1, max-image-preview:large, max-video-preview:-1\" \/>\n<link rel=\"canonical\" href=\"https:\/\/vinove.pl\/sklep\/jak-zamawiac\/\" \/>\n<meta property=\"og:locale\" content=\"pl_PL\" \/>\n<meta property=\"og:type\" content=\"article\" \/>\n<meta property=\"og:title\" content=\"Jak zamawia\u0107 - VINOVE\" \/>\n<meta property=\"og:description\" content=\"Informacje zawarte w Serwisie nie stanowi\u0105 oferty Sprzedawcy w rozumieniu Kodeksu Cywilnego, a jedynie zaproszenie U\u017cytkownik\u00f3w do zawarcia umowy sprzeda\u017cy. U\u017cytkownik mo\u017ce sk\u0142ada\u0107 Zam\u00f3wienia w Sklepie Internetowym oraz telefonicznie +48 42\u00a0227 90 08. U\u017cytkownik mo\u017ce sk\u0142ada\u0107 Zam\u00f3wienia w Sklepie Internetowym przez 7 dni w tygodniu ca\u0142odobowo. Przed z\u0142o\u017ceniem Zam\u00f3wienia, U\u017cytkownik jest informowany o danych Sprzedawcy [&hellip;]\" \/>\n<meta property=\"og:url\" content=\"https:\/\/vinove.pl\/sklep\/jak-zamawiac\/\" \/>\n<meta property=\"og:site_name\" content=\"VINOVE\" \/>\n<meta property=\"article:publisher\" content=\"https:\/\/www.facebook.com\/Vinove-244089886723219\/\" \/>\n<meta property=\"article:modified_time\" content=\"2019-02-02T20:03:47+00:00\" \/>\n<meta name=\"twitter:card\" content=\"summary_large_image\" \/>\n<meta name=\"twitter:label1\" content=\"Szacowany czas czytania\" \/>\n\t<meta name=\"twitter:data1\" content=\"3 minuty\" \/>\n<script type=\"application\/ld+json\" class=\"yoast-schema-graph\">{\"@context\":\"https:\/\/schema.org\",\"@graph\":[{\"@type\":\"WebPage\",\"@id\":\"https:\/\/vinove.pl\/sklep\/jak-zamawiac\/\",\"url\":\"https:\/\/vinove.pl\/sklep\/jak-zamawiac\/\",\"name\":\"Jak zamawia\u0107 - VINOVE\",\"isPartOf\":{\"@id\":\"https:\/\/vinove.pl\/sklep\/#website\"},\"datePublished\":\"2018-04-10T20:00:35+00:00\",\"dateModified\":\"2019-02-02T20:03:47+00:00\",\"breadcrumb\":{\"@id\":\"https:\/\/vinove.pl\/sklep\/jak-zamawiac\/#breadcrumb\"},\"inLanguage\":\"pl-PL\",\"potentialAction\":[{\"@type\":\"ReadAction\",\"target\":[\"https:\/\/vinove.pl\/sklep\/jak-zamawiac\/\"]}]},{\"@type\":\"BreadcrumbList\",\"@id\":\"https:\/\/vinove.pl\/sklep\/jak-zamawiac\/#breadcrumb\",\"itemListElement\":[{\"@type\":\"ListItem\",\"position\":1,\"name\":\"Home\",\"item\":\"https:\/\/vinove.pl\/sklep\/\"},{\"@type\":\"ListItem\",\"position\":2,\"name\":\"Jak zamawia\u0107\"}]},{\"@type\":\"WebSite\",\"@id\":\"https:\/\/vinove.pl\/sklep\/#website\",\"url\":\"https:\/\/vinove.pl\/sklep\/\",\"name\":\"VINOVE\",\"description\":\"magnifique auto perfum\",\"publisher\":{\"@id\":\"https:\/\/vinove.pl\/sklep\/#organization\"},\"potentialAction\":[{\"@type\":\"SearchAction\",\"target\":{\"@type\":\"EntryPoint\",\"urlTemplate\":\"https:\/\/vinove.pl\/sklep\/?s={search_term_string}\"},\"query-input\":{\"@type\":\"PropertyValueSpecification\",\"valueRequired\":true,\"valueName\":\"search_term_string\"}}],\"inLanguage\":\"pl-PL\"},{\"@type\":\"Organization\",\"@id\":\"https:\/\/vinove.pl\/sklep\/#organization\",\"name\":\"VINOVE Sp. z o.o. Magnifique auto perfum\",\"url\":\"https:\/\/vinove.pl\/sklep\/\",\"logo\":{\"@type\":\"ImageObject\",\"inLanguage\":\"pl-PL\",\"@id\":\"https:\/\/vinove.pl\/sklep\/#\/schema\/logo\/image\/\",\"url\":\"https:\/\/vinove.pl\/sklep\/wp-content\/uploads\/2017\/02\/cropped-vinove-logo-claim-szary-1.png\",\"contentUrl\":\"https:\/\/vinove.pl\/sklep\/wp-content\/uploads\/2017\/02\/cropped-vinove-logo-claim-szary-1.png\",\"width\":340,\"height\":138,\"caption\":\"VINOVE Sp. z o.o. Magnifique auto perfum\"},\"image\":{\"@id\":\"https:\/\/vinove.pl\/sklep\/#\/schema\/logo\/image\/\"},\"sameAs\":[\"https:\/\/www.facebook.com\/Vinove-244089886723219\/\",\"https:\/\/www.instagram.com\/vinove_official\/\",\"https:\/\/www.youtube.com\/channel\/UCHLlhVO2ymPq60pfNhAZ2Ow\"]}]}<\/script>\n<!-- \/ Yoast SEO plugin. -->","yoast_head_json":{"title":"Jak zamawia\u0107 - VINOVE","robots":{"index":"index","follow":"follow","max-snippet":"max-snippet:-1","max-image-preview":"max-image-preview:large","max-video-preview":"max-video-preview:-1"},"canonical":"https:\/\/vinove.pl\/sklep\/jak-zamawiac\/","og_locale":"pl_PL","og_type":"article","og_title":"Jak zamawia\u0107 - VINOVE","og_description":"Informacje zawarte w Serwisie nie stanowi\u0105 oferty Sprzedawcy w rozumieniu Kodeksu Cywilnego, a jedynie zaproszenie U\u017cytkownik\u00f3w do zawarcia umowy sprzeda\u017cy. U\u017cytkownik mo\u017ce sk\u0142ada\u0107 Zam\u00f3wienia w Sklepie Internetowym oraz telefonicznie +48 42\u00a0227 90 08. U\u017cytkownik mo\u017ce sk\u0142ada\u0107 Zam\u00f3wienia w Sklepie Internetowym przez 7 dni w tygodniu ca\u0142odobowo. Przed z\u0142o\u017ceniem Zam\u00f3wienia, U\u017cytkownik jest informowany o danych Sprzedawcy [&hellip;]","og_url":"https:\/\/vinove.pl\/sklep\/jak-zamawiac\/","og_site_name":"VINOVE","article_publisher":"https:\/\/www.facebook.com\/Vinove-244089886723219\/","article_modified_time":"2019-02-02T20:03:47+00:00","twitter_card":"summary_large_image","twitter_misc":{"Szacowany czas czytania":"3 minuty"},"schema":{"@context":"https:\/\/schema.org","@graph":[{"@type":"WebPage","@id":"https:\/\/vinove.pl\/sklep\/jak-zamawiac\/","url":"https:\/\/vinove.pl\/sklep\/jak-zamawiac\/","name":"Jak zamawia\u0107 - VINOVE","isPartOf":{"@id":"https:\/\/vinove.pl\/sklep\/#website"},"datePublished":"2018-04-10T20:00:35+00:00","dateModified":"2019-02-02T20:03:47+00:00","breadcrumb":{"@id":"https:\/\/vinove.pl\/sklep\/jak-zamawiac\/#breadcrumb"},"inLanguage":"pl-PL","potentialAction":[{"@type":"ReadAction","target":["https:\/\/vinove.pl\/sklep\/jak-zamawiac\/"]}]},{"@type":"BreadcrumbList","@id":"https:\/\/vinove.pl\/sklep\/jak-zamawiac\/#breadcrumb","itemListElement":[{"@type":"ListItem","position":1,"name":"Home","item":"https:\/\/vinove.pl\/sklep\/"},{"@type":"ListItem","position":2,"name":"Jak zamawia\u0107"}]},{"@type":"WebSite","@id":"https:\/\/vinove.pl\/sklep\/#website","url":"https:\/\/vinove.pl\/sklep\/","name":"VINOVE","description":"magnifique auto perfum","publisher":{"@id":"https:\/\/vinove.pl\/sklep\/#organization"},"potentialAction":[{"@type":"SearchAction","target":{"@type":"EntryPoint","urlTemplate":"https:\/\/vinove.pl\/sklep\/?s={search_term_string}"},"query-input":{"@type":"PropertyValueSpecification","valueRequired":true,"valueName":"search_term_string"}}],"inLanguage":"pl-PL"},{"@type":"Organization","@id":"https:\/\/vinove.pl\/sklep\/#organization","name":"VINOVE Sp. z o.o. Magnifique auto perfum","url":"https:\/\/vinove.pl\/sklep\/","logo":{"@type":"ImageObject","inLanguage":"pl-PL","@id":"https:\/\/vinove.pl\/sklep\/#\/schema\/logo\/image\/","url":"https:\/\/vinove.pl\/sklep\/wp-content\/uploads\/2017\/02\/cropped-vinove-logo-claim-szary-1.png","contentUrl":"https:\/\/vinove.pl\/sklep\/wp-content\/uploads\/2017\/02\/cropped-vinove-logo-claim-szary-1.png","width":340,"height":138,"caption":"VINOVE Sp. z o.o. Magnifique auto perfum"},"image":{"@id":"https:\/\/vinove.pl\/sklep\/#\/schema\/logo\/image\/"},"sameAs":["https:\/\/www.facebook.com\/Vinove-244089886723219\/","https:\/\/www.instagram.com\/vinove_official\/","https:\/\/www.youtube.com\/channel\/UCHLlhVO2ymPq60pfNhAZ2Ow"]}]}},"_links":{"self":[{"href":"https:\/\/vinove.pl\/sklep\/wp-json\/wp\/v2\/pages\/1622","targetHints":{"allow":["GET"]}}],"collection":[{"href":"https:\/\/vinove.pl\/sklep\/wp-json\/wp\/v2\/pages"}],"about":[{"href":"https:\/\/vinove.pl\/sklep\/wp-json\/wp\/v2\/types\/page"}],"author":[{"embeddable":true,"href":"https:\/\/vinove.pl\/sklep\/wp-json\/wp\/v2\/users\/1"}],"replies":[{"embeddable":true,"href":"https:\/\/vinove.pl\/sklep\/wp-json\/wp\/v2\/comments?post=1622"}],"version-history":[{"count":9,"href":"https:\/\/vinove.pl\/sklep\/wp-json\/wp\/v2\/pages\/1622\/revisions"}],"predecessor-version":[{"id":6195,"href":"https:\/\/vinove.pl\/sklep\/wp-json\/wp\/v2\/pages\/1622\/revisions\/6195"}],"wp:attachment":[{"href":"https:\/\/vinove.pl\/sklep\/wp-json\/wp\/v2\/media?parent=1622"}],"curies":[{"name":"wp","href":"https:\/\/api.w.org\/{rel}","templated":true}]}}