{"id":3114,"date":"2018-04-10T20:02:03","date_gmt":"2018-04-10T18:02:03","guid":{"rendered":"https:\/\/vinove.pl\/?page_id=3114"},"modified":"2018-08-05T15:26:58","modified_gmt":"2018-08-05T13:26:58","slug":"c%d0%bf%d0%be%d1%81%d0%be%d0%b1%d1%8b-%d0%be%d0%bf%d0%bb%d0%b0%d1%82","status":"publish","type":"page","link":"https:\/\/vinove.pl\/ru\/c%d0%bf%d0%be%d1%81%d0%be%d0%b1%d1%8b-%d0%be%d0%bf%d0%bb%d0%b0%d1%82\/","title":{"rendered":"C\u043f\u043e\u0441\u043e\u0431\u044b \u043e\u043f\u043b\u0430\u0442"},"content":{"rendered":"<div class=\"tresc_obslugi_klienta rte\">\n<h3><strong>P\u0141ATNO\u015aCI &#8212; najwa\u017cniejsze informacje<\/strong><\/h3>\n<p>Klienci Vinove maj\u0105 do wyboru kilka form p\u0142atno\u015bci<\/p>\n<ul>\n<li>przelew tradycyjny lub szybki przelew obs\u0142ugiwany przez wsp\u00f3\u0142pracuj\u0105cego z nami agenta rozliczeniowego)<\/li>\n<li>p\u0142atno\u015b\u0107 kart\u0105 kredytow\u0105: VISA, MasterCard, American Express, Diners Club, JCB (obs\u0142ugiwana przez wsp\u00f3\u0142pracuj\u0105cego z nami agenta rozliczeniowego)<\/li>\n<li>p\u0142atno\u015b\u0107 przy odbiorze (przesy\u0142ka za pobraniem, forma p\u0142atno\u015bci dost\u0119pna wy\u0142\u0105cznie na terenie Polski).<\/li>\n<\/ul>\n<p>&nbsp;<\/p>\n<h3><strong>Dane do przelewu<\/strong><\/h3>\n<p>Numer konta bankowego:<\/p>\n<p><strong>Do\u00a0przelew\u00f3w z\u00a0krajowych:<\/strong><\/p>\n<p>MBANK<br \/>\n77\u00a01140\u00a02004\u00a00000\u00a03702\u00a07618\u00a06734<\/p>\n<p><strong>Do\u00a0przelew\u00f3w z\u00a0zagranicy:<\/strong><\/p>\n<p>MBANK<br \/>\nBIC\/SWIFT: BREXPLPWMBK<br \/>\nIBAN: PL 77\u00a01140\u00a02004\u00a00000\u00a03702\u00a07618\u00a06734<\/p>\n<p><strong>Walutowy:<\/strong><\/p>\n<p>MBANK<br \/>\nBIC\/SWIFT: BREXPLPWMBK<br \/>\nIBAN: PL 98\u00a01140\u00a02004\u00a00000\u00a03112\u00a00503\u00a04691<\/p>\n<h3><\/h3>\n<p>&nbsp;<\/p>\n<div class=\"tresc_obslugi_klienta rte\">\n<h3><strong>Wsp\u00f3\u0142pracuj\u0105cy z nami agenci rozliczeniowi<\/strong><\/h3>\n<p>Vinove wsp\u00f3\u0142pracuje z agentami rozliczeniowymi, kt\u00f3rych wybrali\u015bmy ze wzgl\u0119du na wysokie standardy bezpiecze\u0144stwa, kt\u00f3re spe\u0142niaj\u0105. Wszystkie transakcje mog\u0105 Pa\u0144stwo realizowa\u0107 wybieraj\u0105c jednego z 2 naszych agent\u00f3w:<\/p>\n<ul>\n<li><strong>Dotpay<\/strong><\/li>\n<\/ul>\n<\/div>\n<\/div>\n","protected":false},"excerpt":{"rendered":"<p>P\u0141ATNO\u015aCI &#8212; najwa\u017cniejsze informacje Klienci Vinove maj\u0105 do wyboru kilka form p\u0142atno\u015bci przelew tradycyjny lub szybki przelew obs\u0142ugiwany przez wsp\u00f3\u0142pracuj\u0105cego z nami agenta rozliczeniowego) p\u0142atno\u015b\u0107 kart\u0105 kredytow\u0105: VISA, MasterCard, American Express, Diners Club, JCB (obs\u0142ugiwana przez wsp\u00f3\u0142pracuj\u0105cego z nami agenta rozliczeniowego) p\u0142atno\u015b\u0107 przy odbiorze (przesy\u0142ka za pobraniem, forma p\u0142atno\u015bci dost\u0119pna wy\u0142\u0105cznie na terenie Polski). &nbsp; [&hellip;]<\/p>\n","protected":false},"author":1,"featured_media":0,"parent":0,"menu_order":0,"comment_status":"closed","ping_status":"closed","template":"","meta":{"footnotes":""},"class_list":["post-3114","page","type-page","status-publish","hentry"],"_links":{"self":[{"href":"https:\/\/vinove.pl\/ru\/wp-json\/wp\/v2\/pages\/3114","targetHints":{"allow":["GET"]}}],"collection":[{"href":"https:\/\/vinove.pl\/ru\/wp-json\/wp\/v2\/pages"}],"about":[{"href":"https:\/\/vinove.pl\/ru\/wp-json\/wp\/v2\/types\/page"}],"author":[{"embeddable":true,"href":"https:\/\/vinove.pl\/ru\/wp-json\/wp\/v2\/users\/1"}],"replies":[{"embeddable":true,"href":"https:\/\/vinove.pl\/ru\/wp-json\/wp\/v2\/comments?post=3114"}],"version-history":[{"count":2,"href":"https:\/\/vinove.pl\/ru\/wp-json\/wp\/v2\/pages\/3114\/revisions"}],"predecessor-version":[{"id":19294,"href":"https:\/\/vinove.pl\/ru\/wp-json\/wp\/v2\/pages\/3114\/revisions\/19294"}],"wp:attachment":[{"href":"https:\/\/vinove.pl\/ru\/wp-json\/wp\/v2\/media?parent=3114"}],"curies":[{"name":"wp","href":"https:\/\/api.w.org\/{rel}","templated":true}]}}