{"id":3077,"date":"2016-10-30T05:48:03","date_gmt":"2016-10-30T03:48:03","guid":{"rendered":"https:\/\/vinove.pl\/?page_id=3077"},"modified":"2025-01-07T11:28:58","modified_gmt":"2025-01-07T09:28:58","slug":"%d0%ba%d0%be%d0%bd%d1%82%d0%b0%d0%ba%d1%82%d1%8b","status":"publish","type":"page","link":"https:\/\/vinove.pl\/ru\/%d0%ba%d0%be%d0%bd%d1%82%d0%b0%d0%ba%d1%82%d1%8b\/","title":{"rendered":"\u043a\u043e\u043d\u0442\u0430\u043a\u0442\u044b"},"content":{"rendered":"\n<style type=\"text\/css\" data-created_by=\"avia_inline_auto\" id=\"style-css-av-av_heading-3e3732f49b58496f9877b5fdffedd1da\">\n#top .av-special-heading.av-av_heading-3e3732f49b58496f9877b5fdffedd1da{\npadding-bottom:10px;\n}\nbody .av-special-heading.av-av_heading-3e3732f49b58496f9877b5fdffedd1da .av-special-heading-tag .heading-char{\nfont-size:25px;\n}\n.av-special-heading.av-av_heading-3e3732f49b58496f9877b5fdffedd1da .av-subheading{\nfont-size:15px;\n}\n<\/style>\n<div  class='av-special-heading av-av_heading-3e3732f49b58496f9877b5fdffedd1da av-special-heading-h3  avia-builder-el-0  el_before_av_one_half  avia-builder-el-first '><h3 class='av-special-heading-tag '  itemprop=\"headline\"  >\u041a\u041e\u041d\u0422\u0410\u041a\u0422\u042b<\/h3><div class=\"special-heading-border\"><div class=\"special-heading-inner-border\"><\/div><\/div><\/div>\n\n<style type=\"text\/css\" data-created_by=\"avia_inline_auto\" id=\"style-css-av-av_one_half-313f5acec16798d87ca60cf333a528fe\">\n#top .flex_column.av-av_one_half-313f5acec16798d87ca60cf333a528fe{\nmargin-top:0px;\nmargin-bottom:20px;\n}\n.flex_column.av-av_one_half-313f5acec16798d87ca60cf333a528fe{\nborder-radius:0px 0px 0px 0px;\npadding:0px 0px 0px 0px;\n}\n.responsive #top #wrap_all .flex_column.av-av_one_half-313f5acec16798d87ca60cf333a528fe{\nmargin-top:0px;\nmargin-bottom:20px;\n}\n<\/style>\n<div  class='flex_column av-av_one_half-313f5acec16798d87ca60cf333a528fe av_one_half  avia-builder-el-1  el_after_av_heading  el_before_av_one_half  first flex_column_div av-zero-column-padding  '     ><p>\n<style type=\"text\/css\" data-created_by=\"avia_inline_auto\" id=\"style-css-av-av_heading-53819b86e5b78bc52c7d98d728745e9d\">\n#top .av-special-heading.av-av_heading-53819b86e5b78bc52c7d98d728745e9d{\npadding-bottom:10px;\n}\nbody .av-special-heading.av-av_heading-53819b86e5b78bc52c7d98d728745e9d .av-special-heading-tag .heading-char{\nfont-size:25px;\n}\n.av-special-heading.av-av_heading-53819b86e5b78bc52c7d98d728745e9d .av-subheading{\nfont-size:15px;\n}\n<\/style>\n<div  class='av-special-heading av-av_heading-53819b86e5b78bc52c7d98d728745e9d av-special-heading-h3  avia-builder-el-2  el_before_av_image  avia-builder-el-first '><h3 class='av-special-heading-tag '  itemprop=\"headline\"  >\u041e\u0442\u0434\u0435\u043b \u0442\u043e\u0440\u0433\u043e\u0432\u043b\u0438:<\/h3><div class=\"special-heading-border\"><div class=\"special-heading-inner-border\"><\/div><\/div><\/div><br \/>\n\n<style type=\"text\/css\" data-created_by=\"avia_inline_auto\" id=\"style-css-av-av_image-4eb610faeac34aa9da5cac1d5717e8c9\">\n.avia-image-container.av-av_image-4eb610faeac34aa9da5cac1d5717e8c9 img.avia_image{\nbox-shadow:none;\n}\n.avia-image-container.av-av_image-4eb610faeac34aa9da5cac1d5717e8c9 .av-image-caption-overlay-center{\ncolor:#ffffff;\n}\n<\/style>\n<div  class='avia-image-container av-av_image-4eb610faeac34aa9da5cac1d5717e8c9 av-styling- avia-align-left  avia-builder-el-3  el_after_av_heading  el_before_av_icon_box '   itemprop=\"image\" itemscope=\"itemscope\" itemtype=\"https:\/\/schema.org\/ImageObject\" ><div class=\"avia-image-container-inner\"><div class=\"avia-image-overlay-wrap\"><img decoding=\"async\" fetchpriority=\"high\" class='wp-image-2659 avia-img-lazy-loading-not-2659 avia_image ' src=\"https:\/\/vinove.pl\/wp-content\/uploads\/2017\/04\/vinove-magnifique-auto-perfum-180x180.png\" alt='VINOVE magnifique auto perfum' title='VINOVE-magnifique-auto-perfum'  height=\"180\" width=\"180\"  itemprop=\"thumbnailUrl\" srcset=\"https:\/\/vinove.pl\/wp-content\/uploads\/2017\/04\/vinove-magnifique-auto-perfum-180x180.png 180w, https:\/\/vinove.pl\/wp-content\/uploads\/2017\/04\/vinove-magnifique-auto-perfum-80x80.png 80w, https:\/\/vinove.pl\/wp-content\/uploads\/2017\/04\/vinove-magnifique-auto-perfum-300x300.png 300w, https:\/\/vinove.pl\/wp-content\/uploads\/2017\/04\/vinove-magnifique-auto-perfum.png 600w, https:\/\/vinove.pl\/wp-content\/uploads\/2017\/04\/vinove-magnifique-auto-perfum-36x36.png 36w, https:\/\/vinove.pl\/wp-content\/uploads\/2017\/04\/vinove-magnifique-auto-perfum-100x100.png 100w, https:\/\/vinove.pl\/wp-content\/uploads\/2017\/04\/vinove-magnifique-auto-perfum-500x500.png 500w\" sizes=\"(max-width: 180px) 100vw, 180px\" \/><\/div><\/div><\/div><br \/>\n<article  class='iconbox iconbox_left av-av_icon_box-282a99c3690b615d1aac3c5c8067c199  avia-builder-el-4  el_after_av_image  el_before_av_textblock '  itemscope=\"itemscope\" itemtype=\"https:\/\/schema.org\/CreativeWork\" ><div class=\"iconbox_content\"><header class=\"entry-content-header\" aria-label=\"Icon: EXPORT\"><div class='iconbox_icon heading-color avia-iconfont avia-font-entypo-fontello' data-av_icon='\ue8b1' data-av_iconfont='entypo-fontello'  ><\/div><h3 class='iconbox_content_title '  itemprop=\"headline\" >EXPORT<\/h3><\/header><div class='iconbox_content_container '  itemprop=\"text\" ><\/div><\/div><footer class=\"entry-footer\"><\/footer><\/article><br \/>\n<section  class='av_textblock_section av-av_textblock-396ddf1f42196ca838231e61a4602801 '   itemscope=\"itemscope\" itemtype=\"https:\/\/schema.org\/CreativeWork\" ><div class='avia_textblock'  itemprop=\"text\" ><p><strong>Micha\u0142 Nowacki<\/strong><br \/>\nBusiness Development Manager<\/p>\n<\/div><\/section><br \/>\n<article  class='iconbox iconbox_left av-av_icon_box-ca58b38769367d98f84eaa65f4eb573f  avia-builder-el-6  el_after_av_textblock  el_before_av_icon_box '  itemscope=\"itemscope\" itemtype=\"https:\/\/schema.org\/CreativeWork\" ><div class=\"iconbox_content\"><header class=\"entry-content-header\" aria-label=\"Icon: mobile\"><div class='iconbox_icon heading-color avia-iconfont avia-font-entypo-fontello' data-av_icon='' data-av_iconfont='entypo-fontello'  ><\/div><h3 class='iconbox_content_title '  itemprop=\"headline\" >mobile<\/h3><\/header><div class='iconbox_content_container '  itemprop=\"text\" ><p>+48 666 992 326<\/p>\n<\/div><\/div><footer class=\"entry-footer\"><\/footer><\/article><br \/>\n<article  class='iconbox iconbox_left av-av_icon_box-d2fbc9d18c7436de6a8f655405398a71  avia-builder-el-7  el_after_av_icon_box  el_before_av_icon_box '  itemscope=\"itemscope\" itemtype=\"https:\/\/schema.org\/CreativeWork\" ><div class=\"iconbox_content\"><header class=\"entry-content-header\" aria-label=\"Icon: e-mail\"><div class='iconbox_icon heading-color avia-iconfont avia-font-entypo-fontello' data-av_icon='\ue805' data-av_iconfont='entypo-fontello'  ><\/div><h3 class='iconbox_content_title '  itemprop=\"headline\" >e-mail<\/h3><\/header><div class='iconbox_content_container '  itemprop=\"text\" ><p><a href=\"mailto:export@vinove.pl\">export@vinove.pl<\/a><\/p>\n<\/div><\/div><footer class=\"entry-footer\"><\/footer><\/article><br \/>\n<article  class='iconbox iconbox_left av-av_icon_box-282a99c3690b615d1aac3c5c8067c199  avia-builder-el-8  el_after_av_icon_box  el_before_av_textblock '  itemscope=\"itemscope\" itemtype=\"https:\/\/schema.org\/CreativeWork\" ><div class=\"iconbox_content\"><header class=\"entry-content-header\" aria-label=\"Icon: EXPORT\"><div class='iconbox_icon heading-color avia-iconfont avia-font-entypo-fontello' data-av_icon='\ue8b1' data-av_iconfont='entypo-fontello'  ><\/div><h3 class='iconbox_content_title '  itemprop=\"headline\" >EXPORT<\/h3><\/header><div class='iconbox_content_container '  itemprop=\"text\" ><p>(Rumunia \/ Hungary \/ Lithuania \/ Latvia \/ Estonia)<\/p>\n<\/div><\/div><footer class=\"entry-footer\"><\/footer><\/article><br \/>\n<section  class='av_textblock_section av-av_textblock-396ddf1f42196ca838231e61a4602801 '   itemscope=\"itemscope\" itemtype=\"https:\/\/schema.org\/CreativeWork\" ><div class='avia_textblock'  itemprop=\"text\" ><p><strong>Marek Monik<\/strong><br \/>\nBusiness Development Manager<\/p>\n<\/div><\/section><br \/>\n<article  class='iconbox iconbox_left av-av_icon_box-ca58b38769367d98f84eaa65f4eb573f  avia-builder-el-10  el_after_av_textblock  el_before_av_icon_box '  itemscope=\"itemscope\" itemtype=\"https:\/\/schema.org\/CreativeWork\" ><div class=\"iconbox_content\"><header class=\"entry-content-header\" aria-label=\"Icon: mobile\"><div class='iconbox_icon heading-color avia-iconfont avia-font-entypo-fontello' data-av_icon='' data-av_iconfont='entypo-fontello'  ><\/div><h3 class='iconbox_content_title '  itemprop=\"headline\" >mobile<\/h3><\/header><div class='iconbox_content_container '  itemprop=\"text\" ><p>+48 795 900 795<\/p>\n<\/div><\/div><footer class=\"entry-footer\"><\/footer><\/article><br \/>\n<article  class='iconbox iconbox_left av-av_icon_box-d2fbc9d18c7436de6a8f655405398a71  avia-builder-el-11  el_after_av_icon_box  el_before_av_icon_box '  itemscope=\"itemscope\" itemtype=\"https:\/\/schema.org\/CreativeWork\" ><div class=\"iconbox_content\"><header class=\"entry-content-header\" aria-label=\"Icon: e-mail\"><div class='iconbox_icon heading-color avia-iconfont avia-font-entypo-fontello' data-av_icon='\ue805' data-av_iconfont='entypo-fontello'  ><\/div><h3 class='iconbox_content_title '  itemprop=\"headline\" >e-mail<\/h3><\/header><div class='iconbox_content_container '  itemprop=\"text\" ><p><a href=\"mailto:mmonik@vinove.pl\">mmonik@vinove.pl<\/a><\/p>\n<\/div><\/div><footer class=\"entry-footer\"><\/footer><\/article><br \/>\n<article  class='iconbox iconbox_left av-av_icon_box-e228ea7c940aa23e8a9c16e051cf1962  avia-builder-el-12  el_after_av_icon_box  el_before_av_icon_box '  itemscope=\"itemscope\" itemtype=\"https:\/\/schema.org\/CreativeWork\" ><div class=\"iconbox_content\"><header class=\"entry-content-header\" aria-label=\"Icon: adress\"><div class='iconbox_icon heading-color avia-iconfont avia-font-entypo-fontello' data-av_icon='\ue821' data-av_iconfont='entypo-fontello'  ><\/div><h3 class='iconbox_content_title '  itemprop=\"headline\" >adress<\/h3><\/header><div class='iconbox_content_container '  itemprop=\"text\" ><p>93-526 \u0141\u00f3d\u017a<br \/>\nul. Rymanowska 4<\/p>\n<\/div><\/div><footer class=\"entry-footer\"><\/footer><\/article><br \/>\n<article  class='iconbox iconbox_left av-av_icon_box-14a3b8f1accd339f5f80099aebe4eae9  avia-builder-el-13  el_after_av_icon_box  avia-builder-el-last '  itemscope=\"itemscope\" itemtype=\"https:\/\/schema.org\/CreativeWork\" ><div class=\"iconbox_content\"><header class=\"entry-content-header\" aria-label=\"Icon: telephone\"><div class='iconbox_icon heading-color avia-iconfont avia-font-entypo-fontello' data-av_icon='' data-av_iconfont='entypo-fontello'  ><\/div><h3 class='iconbox_content_title '  itemprop=\"headline\" >telephone<\/h3><\/header><div class='iconbox_content_container '  itemprop=\"text\" ><p>+48 604 707 999<\/p>\n<\/div><\/div><footer class=\"entry-footer\"><\/footer><\/article><\/p><\/div>\n\n<style type=\"text\/css\" data-created_by=\"avia_inline_auto\" id=\"style-css-av-av_one_half-9c1d454dc06f7247226bc4e8f931daae\">\n#top .flex_column.av-av_one_half-9c1d454dc06f7247226bc4e8f931daae{\nmargin-top:0px;\nmargin-bottom:20px;\n}\n.flex_column.av-av_one_half-9c1d454dc06f7247226bc4e8f931daae{\nborder-radius:0px 0px 0px 0px;\npadding:0px 0px 0px 0px;\n}\n.responsive #top #wrap_all .flex_column.av-av_one_half-9c1d454dc06f7247226bc4e8f931daae{\nmargin-top:0px;\nmargin-bottom:20px;\n}\n<\/style>\n<div  class='flex_column av-av_one_half-9c1d454dc06f7247226bc4e8f931daae av_one_half  avia-builder-el-14  el_after_av_one_half  el_before_av_heading  flex_column_div av-zero-column-padding  '     ><p>\n<style type=\"text\/css\" data-created_by=\"avia_inline_auto\" id=\"style-css-av-av_heading-de601f46a67ca5e17268e460d276319d\">\n#top .av-special-heading.av-av_heading-de601f46a67ca5e17268e460d276319d{\npadding-bottom:10px;\n}\nbody .av-special-heading.av-av_heading-de601f46a67ca5e17268e460d276319d .av-special-heading-tag .heading-char{\nfont-size:25px;\n}\n.av-special-heading.av-av_heading-de601f46a67ca5e17268e460d276319d .av-subheading{\nfont-size:15px;\n}\n<\/style>\n<div  class='av-special-heading av-av_heading-de601f46a67ca5e17268e460d276319d av-special-heading-h3  avia-builder-el-15  el_before_av_contact  avia-builder-el-first '><h3 class='av-special-heading-tag '  itemprop=\"headline\"  >\u041d\u0430\u043f\u0438\u0448\u0438\u0442\u0435 \u043d\u0430\u043c<\/h3><div class=\"special-heading-border\"><div class=\"special-heading-inner-border\"><\/div><\/div><\/div><br \/>\n<form action=\"https:\/\/vinove.pl\/ru\/%d0%ba%d0%be%d0%bd%d1%82%d0%b0%d0%ba%d1%82%d1%8b\/\" method=\"post\" data-fields-with-error=\"Found errors in the following field(s):\" class=\"avia_ajax_form av-form-labels-visible   avia-builder-el-16  el_after_av_heading  avia-builder-el-last   \" data-avia-form-id=\"1\" data-avia-redirect='' ><fieldset><p class='  first_form  form_element form_fullwidth' id='element_avia_1_1'><label for=\"avia_1_1\">\u0418\u043c\u044f, \u0444\u0430\u043c\u0438\u043b\u0438\u044f \u0438\u043b\u0438 \u043f\u0441\u0435\u0432\u0434\u043e\u043d\u0438\u043c <abbr class=\"required\" title=\"\u0442\u0440\u0435\u0431\u0443\u0435\u0442\u0441\u044f\">*<\/abbr><\/label> <input name=\"avia_1_1\" class=\"text_input is_empty\" type=\"text\" id=\"avia_1_1\" value=\"\" \/><\/p><p class='  first_form  form_element form_fullwidth' id='element_avia_2_1'><label for=\"avia_2_1\">E-Mail <abbr class=\"required\" title=\"\u0442\u0440\u0435\u0431\u0443\u0435\u0442\u0441\u044f\">*<\/abbr><\/label> <input name=\"avia_2_1\" class=\"text_input is_email\" type=\"text\" id=\"avia_2_1\" value=\"\" \/><\/p><p class='  first_form  form_element form_fullwidth' id='element_avia_3_1'><label for=\"avia_3_1\">\u0422\u0435\u043c\u0430 <abbr class=\"required\" title=\"\u0442\u0440\u0435\u0431\u0443\u0435\u0442\u0441\u044f\">*<\/abbr><\/label> <input name=\"avia_3_1\" class=\"text_input is_empty\" type=\"text\" id=\"avia_3_1\" value=\"\" \/><\/p><p class='  first_form  form_element form_fullwidth av-last-visible-form-element' id='element_avia_4_1'><label for=\"avia_4_1\" class=\"textare_label hidden textare_label_avia_4_1\">\u0421\u043e\u043e\u0431\u0449\u0435\u043d\u0438\u0435 <abbr class=\"required\" title=\"\u0442\u0440\u0435\u0431\u0443\u0435\u0442\u0441\u044f\">*<\/abbr><\/label><textarea  name=\"avia_4_1\" class=\"text_area is_empty\" cols=\"40\" rows=\"7\" id=\"avia_4_1\" ><\/textarea><\/p><p class=\"hidden\"><input type=\"text\" name=\"avia_5_1\" class=\"hidden \" id=\"avia_5_1\" value=\"\" \/><\/p><p class=\"form_element \"><input type=\"hidden\" value=\"1\" name=\"avia_generated_form1\" \/><input type=\"submit\" value=\"\u043f\u043e\u0441\u043b\u0430\u0442\u044c\" class=\"button\"  data-sending-label=\"\u041e\u0442\u043f\u0440\u0430\u0432\u043a\u0430\"\/><\/p><\/fieldset><\/form><div id=\"ajaxresponse_1\" class=\"ajaxresponse ajaxresponse_1 hidden\"><\/div><\/p><\/div>\n\n<style type=\"text\/css\" data-created_by=\"avia_inline_auto\" id=\"style-css-av-av_heading-7a5164ac2ace6ae868eda309fe9ce405\">\n#top .av-special-heading.av-av_heading-7a5164ac2ace6ae868eda309fe9ce405{\npadding-bottom:10px;\n}\nbody .av-special-heading.av-av_heading-7a5164ac2ace6ae868eda309fe9ce405 .av-special-heading-tag .heading-char{\nfont-size:25px;\n}\n.av-special-heading.av-av_heading-7a5164ac2ace6ae868eda309fe9ce405 .av-subheading{\nfont-size:15px;\n}\n<\/style>\n<div  class='av-special-heading av-av_heading-7a5164ac2ace6ae868eda309fe9ce405 av-special-heading-h3  avia-builder-el-17  el_after_av_one_half  el_before_av_textblock '><h3 class='av-special-heading-tag '  itemprop=\"headline\"  >\u0417\u0430\u0440\u0435\u0433\u0438\u0441\u0442\u0440\u0438\u0440\u043e\u0432\u0430\u0442\u044c \u0434\u0430\u043d\u043d\u044b\u0435<\/h3><div class=\"special-heading-border\"><div class=\"special-heading-inner-border\"><\/div><\/div><\/div>\n<section  class='av_textblock_section av-av_textblock-396ddf1f42196ca838231e61a4602801 '   itemscope=\"itemscope\" itemtype=\"https:\/\/schema.org\/CreativeWork\" ><div class='avia_textblock'  itemprop=\"text\" ><p>\u041a\u041e\u041c\u041f\u0410\u041d\u0418\u042f VINOVE \u0421 \u041e\u0413\u0420\u0410\u041d\u0418\u0427\u0415\u041d\u041d\u041e\u0419 \u041e\u0422\u0412\u0415\u0422\u0421\u0422\u0412\u0415\u041d\u041d\u041e\u0421\u0422\u042c\u042e<\/p>\n<\/div><\/section>\n<div  class='avia-table av-av_table-5e8dca6f6373d6df8320a18f615115f7 main_color avia-pricing-table-container avia_pricing_default  avia-builder-el-19  el_after_av_textblock  el_before_av_heading  avia-table-1'  itemscope=\"itemscope\" itemtype=\"https:\/\/schema.org\/Table\" ><div class=\"pricing-table-wrap\"><ul class='pricing-table avia-center-col'><li class=''><div class='first-table-item'>NIP: 7282808796<\/div><span class='pricing-extra'><\/span><\/li><\/ul><\/div><div class=\"pricing-table-wrap\"><ul class='pricing-table avia-center-col'><li class=''><div class='first-table-item'>REGON: 364546777<\/div><span class='pricing-extra'><\/span><\/li><\/ul><\/div><div class=\"pricing-table-wrap\"><ul class='pricing-table avia-center-col'><li class=''><div class='first-table-item'>KRS: 0000620255<\/div><span class='pricing-extra'><\/span><\/li><\/ul><\/div><\/div>\n\n<style type=\"text\/css\" data-created_by=\"avia_inline_auto\" id=\"style-css-av-av_heading-b1a8adba0a7b13990068ae6b48c210c6\">\n#top .av-special-heading.av-av_heading-b1a8adba0a7b13990068ae6b48c210c6{\npadding-bottom:10px;\n}\nbody .av-special-heading.av-av_heading-b1a8adba0a7b13990068ae6b48c210c6 .av-special-heading-tag .heading-char{\nfont-size:25px;\n}\n.av-special-heading.av-av_heading-b1a8adba0a7b13990068ae6b48c210c6 .av-subheading{\nfont-size:15px;\n}\n<\/style>\n<div  class='av-special-heading av-av_heading-b1a8adba0a7b13990068ae6b48c210c6 av-special-heading-h3  avia-builder-el-20  el_after_av_table  el_before_av_one_half '><h3 class='av-special-heading-tag '  itemprop=\"headline\"  >\u041d\u043e\u043c\u0435\u0440 \u0431\u0430\u043d\u043a\u043e\u0432\u0441\u043a\u043e\u0433\u043e \u0441\u0447\u0435\u0442\u0430<\/h3><div class=\"special-heading-border\"><div class=\"special-heading-inner-border\"><\/div><\/div><\/div>\n\n<style type=\"text\/css\" data-created_by=\"avia_inline_auto\" id=\"style-css-av-av_one_half-9497bbf8bff73ea4c6992cc17fa9ec36\">\n.flex_column.av-av_one_half-9497bbf8bff73ea4c6992cc17fa9ec36{\nborder-radius:0px 0px 0px 0px;\npadding:0px 0px 0px 0px;\n}\n<\/style>\n<div  class='flex_column av-av_one_half-9497bbf8bff73ea4c6992cc17fa9ec36 av_one_half  avia-builder-el-21  el_after_av_heading  el_before_av_one_half  first flex_column_div av-zero-column-padding  '     ><section  class='av_textblock_section av-av_textblock-396ddf1f42196ca838231e61a4602801 '   itemscope=\"itemscope\" itemtype=\"https:\/\/schema.org\/CreativeWork\" ><div class='avia_textblock'  itemprop=\"text\" ><p><strong>\u0414\u043b\u044f \u043f\u0435\u0440\u0435\u0432\u043e\u0434\u043e\u0432 \u0438\u0437 \u0432\u043d\u0443\u0442\u0440\u0435\u043d\u043d\u0438\u0445:<\/strong><\/p>\n<p>MBANK<br \/>\n77 1140 2004 0000 3702 7618 6734<\/p>\n<\/div><\/section><\/div>\n\n<style type=\"text\/css\" data-created_by=\"avia_inline_auto\" id=\"style-css-av-av_one_half-9c1d454dc06f7247226bc4e8f931daae\">\n.flex_column.av-av_one_half-9c1d454dc06f7247226bc4e8f931daae{\nborder-radius:0px 0px 0px 0px;\npadding:0px 0px 0px 0px;\n}\n<\/style>\n<div  class='flex_column av-av_one_half-9c1d454dc06f7247226bc4e8f931daae av_one_half  avia-builder-el-23  el_after_av_one_half  el_before_av_one_half  flex_column_div av-zero-column-padding  '     ><section  class='av_textblock_section av-av_textblock-396ddf1f42196ca838231e61a4602801 '   itemscope=\"itemscope\" itemtype=\"https:\/\/schema.org\/CreativeWork\" ><div class='avia_textblock'  itemprop=\"text\" ><p><strong>\u0414\u043b\u044f \u043f\u0435\u0440\u0435\u0432\u043e\u0434\u043e\u0432 \u0438\u0437-\u0437\u0430 \u0440\u0443\u0431\u0435\u0436\u0430:<\/strong><\/p>\n<p>MBANK<br \/>\nBIC\/SWIFT: BREXPLPWMBK<br \/>\nIBAN: PL 77 1140 2004 0000 3702 7618 6734<\/p>\n<\/div><\/section><\/div>\n\n<style type=\"text\/css\" data-created_by=\"avia_inline_auto\" id=\"style-css-av-av_one_half-9497bbf8bff73ea4c6992cc17fa9ec36\">\n.flex_column.av-av_one_half-9497bbf8bff73ea4c6992cc17fa9ec36{\nborder-radius:0px 0px 0px 0px;\npadding:0px 0px 0px 0px;\n}\n<\/style>\n<div  class='flex_column av-av_one_half-9497bbf8bff73ea4c6992cc17fa9ec36 av_one_half  avia-builder-el-25  el_after_av_one_half  el_before_av_one_half  first flex_column_div av-zero-column-padding  column-top-margin'     ><section  class='av_textblock_section av-av_textblock-396ddf1f42196ca838231e61a4602801 '   itemscope=\"itemscope\" itemtype=\"https:\/\/schema.org\/CreativeWork\" ><div class='avia_textblock'  itemprop=\"text\" ><p><strong>\u0412\u0430\u043b\u044e\u0442\u0430 EUR:<\/strong><\/p>\n<p>MBANK<br \/>\nBIC\/SWIFT: BREXPLPWMBK<br \/>\nIBAN: PL 98 1140 2004 0000 3112 0503 4691<\/p>\n<\/div><\/section><\/div>\n\n<style type=\"text\/css\" data-created_by=\"avia_inline_auto\" id=\"style-css-av-av_one_half-9c1d454dc06f7247226bc4e8f931daae\">\n.flex_column.av-av_one_half-9c1d454dc06f7247226bc4e8f931daae{\nborder-radius:0px 0px 0px 0px;\npadding:0px 0px 0px 0px;\n}\n<\/style>\n<div  class='flex_column av-av_one_half-9c1d454dc06f7247226bc4e8f931daae av_one_half  avia-builder-el-27  el_after_av_one_half  el_before_av_hr  flex_column_div av-zero-column-padding  column-top-margin'     ><section  class='av_textblock_section av-av_textblock-396ddf1f42196ca838231e61a4602801 '   itemscope=\"itemscope\" itemtype=\"https:\/\/schema.org\/CreativeWork\" ><div class='avia_textblock'  itemprop=\"text\" ><p><strong>\u0412\u0430\u043b\u044e\u0442\u0430 USD:<\/strong><\/p>\n<p>MBANK<br \/>\nBIC\/SWIFT: BREXPLPWMBK<br \/>\nIBAN: PL 14 1140 2004 0000 3312 0573 0140<\/p>\n<\/div><\/section><\/div>\n\n<style type=\"text\/css\" data-created_by=\"avia_inline_auto\" id=\"style-css-av-av_hr-f2dee1eb85ef5672691aaadf6cbe6bda\">\n#top .hr.hr-invisible.av-av_hr-f2dee1eb85ef5672691aaadf6cbe6bda{\nheight:22px;\n}\n<\/style>\n<div  class='hr av-av_hr-f2dee1eb85ef5672691aaadf6cbe6bda hr-invisible  avia-builder-el-29  el_after_av_one_half  el_before_av_textblock '><span class='hr-inner '><span class=\"hr-inner-style\"><\/span><\/span><\/div>\n<section  class='av_textblock_section av-av_textblock-396ddf1f42196ca838231e61a4602801 '   itemscope=\"itemscope\" itemtype=\"https:\/\/schema.org\/CreativeWork\" ><div class='avia_textblock'  itemprop=\"text\" ><p><iframe loading=\"lazy\" src=\"https:\/\/www.google.com\/maps\/embed?pb=!1m18!1m12!1m3!1d79639.75993335657!2d19.407014382511182!3d51.722948106343544!2m3!1f0!2f0!3f0!3m2!1i1024!2i768!4f13.1!3m3!1m2!1s0x471a3578a914c2b5%3A0xad26b4fc24c67c68!2sVINOVE%20SP.%20Z%20O.O.!5e0!3m2!1spl!2spl!4v1736241844126!5m2!1spl!2spl\" width=\"100%\" height=\"500\" frameborder=\"0\" allowfullscreen=\"allowfullscreen\"><\/iframe><\/p>\n<\/div><\/section>\n","protected":false},"excerpt":{"rendered":"","protected":false},"author":1,"featured_media":0,"parent":0,"menu_order":0,"comment_status":"closed","ping_status":"closed","template":"","meta":{"footnotes":""},"class_list":["post-3077","page","type-page","status-publish","hentry"],"_links":{"self":[{"href":"https:\/\/vinove.pl\/ru\/wp-json\/wp\/v2\/pages\/3077","targetHints":{"allow":["GET"]}}],"collection":[{"href":"https:\/\/vinove.pl\/ru\/wp-json\/wp\/v2\/pages"}],"about":[{"href":"https:\/\/vinove.pl\/ru\/wp-json\/wp\/v2\/types\/page"}],"author":[{"embeddable":true,"href":"https:\/\/vinove.pl\/ru\/wp-json\/wp\/v2\/users\/1"}],"replies":[{"embeddable":true,"href":"https:\/\/vinove.pl\/ru\/wp-json\/wp\/v2\/comments?post=3077"}],"version-history":[{"count":25,"href":"https:\/\/vinove.pl\/ru\/wp-json\/wp\/v2\/pages\/3077\/revisions"}],"predecessor-version":[{"id":21178,"href":"https:\/\/vinove.pl\/ru\/wp-json\/wp\/v2\/pages\/3077\/revisions\/21178"}],"wp:attachment":[{"href":"https:\/\/vinove.pl\/ru\/wp-json\/wp\/v2\/media?parent=3077"}],"curies":[{"name":"wp","href":"https:\/\/api.w.org\/{rel}","templated":true}]}}