{"id":5988,"date":"2017-03-30T09:02:05","date_gmt":"2017-03-30T07:02:05","guid":{"rendered":"https:\/\/vinove.pl\/?page_id=5988"},"modified":"2024-09-27T08:43:57","modified_gmt":"2024-09-27T06:43:57","slug":"contact-telephonique","status":"publish","type":"page","link":"https:\/\/vinove.pl\/fr\/contact-telephonique\/","title":{"rendered":"CONTACT T\u00c9L\u00c9PHONIQUE"},"content":{"rendered":"\n<style type=\"text\/css\" data-created_by=\"avia_inline_auto\" id=\"style-css-av-av_one_half-4b90c4819528ce2e624a51bf683b886e\">\n.flex_column.av-av_one_half-4b90c4819528ce2e624a51bf683b886e{\nborder-radius:0px 0px 0px 0px;\npadding:0px 0px 0px 0px;\n}\n<\/style>\n<div  class='flex_column av-av_one_half-4b90c4819528ce2e624a51bf683b886e av_one_half  avia-builder-el-0  el_before_av_one_fourth  avia-builder-el-first  first flex_column_div av-animated-generic right-to-left av-zero-column-padding  '     ><p>\n<style type=\"text\/css\" data-created_by=\"avia_inline_auto\" id=\"style-css-av-av_heading-23765bd0127db7b00bf1b149cec56cd7\">\n#top .av-special-heading.av-av_heading-23765bd0127db7b00bf1b149cec56cd7{\npadding-bottom:10px;\n}\nbody .av-special-heading.av-av_heading-23765bd0127db7b00bf1b149cec56cd7 .av-special-heading-tag .heading-char{\nfont-size:25px;\n}\n.av-special-heading.av-av_heading-23765bd0127db7b00bf1b149cec56cd7 .av-subheading{\nfont-size:15px;\n}\n<\/style>\n<div  class='av-special-heading av-av_heading-23765bd0127db7b00bf1b149cec56cd7 av-special-heading-h3  avia-builder-el-1  el_before_av_textblock  avia-builder-el-first '><h3 class='av-special-heading-tag '  itemprop=\"headline\"  >Appelez-nous<\/h3><div class=\"special-heading-border\"><div class=\"special-heading-inner-border\"><\/div><\/div><\/div><br \/>\n<section  class='av_textblock_section av-av_textblock-396ddf1f42196ca838231e61a4602801 '   itemscope=\"itemscope\" itemtype=\"https:\/\/schema.org\/CreativeWork\" ><div class='avia_textblock'  itemprop=\"text\" ><p><span lang=\"fr-FR\">Nous vous invitons \u00e0 nous contacter par t\u00e9l\u00e9phone pour passer une commande.<\/span><\/p>\n<\/div><\/section><br \/>\n\n<style type=\"text\/css\" data-created_by=\"avia_inline_auto\" id=\"style-css-av-av_image-618c810f67841ea4c3d1a81e9519b8b6\">\n.avia-image-container.av-av_image-618c810f67841ea4c3d1a81e9519b8b6 img.avia_image{\nbox-shadow:none;\n}\n.avia-image-container.av-av_image-618c810f67841ea4c3d1a81e9519b8b6 .av-image-caption-overlay-center{\ncolor:#ffffff;\n}\n<\/style>\n<div  class='avia-image-container av-av_image-618c810f67841ea4c3d1a81e9519b8b6 av-styling- avia-align-center  avia-builder-el-3  el_after_av_textblock  avia-builder-el-last '   itemprop=\"image\" itemscope=\"itemscope\" itemtype=\"https:\/\/schema.org\/ImageObject\" ><div class=\"avia-image-container-inner\"><div class=\"avia-image-overlay-wrap\"><img fetchpriority=\"high\" class='wp-image-1131 avia-img-lazy-loading-not-1131 avia_image ' src='https:\/\/vinove.pl\/wp-content\/uploads\/2017\/04\/vinove-magnifique-auto-perfum-180x180.png' alt='VINOVE magnifique auto perfum' title='VINOVE magnifique auto perfum'  height=\"180\" width=\"180\"  itemprop=\"thumbnailUrl\"  \/><\/div><\/div><\/div><\/p><\/div>\n\n<style type=\"text\/css\" data-created_by=\"avia_inline_auto\" id=\"style-css-av-av_one_fourth-60a890f5276958159927439e19d40c8d\">\n.flex_column.av-av_one_fourth-60a890f5276958159927439e19d40c8d{\nborder-radius:0px 0px 0px 0px;\npadding:0px 0px 0px 0px;\n}\n<\/style>\n<div  class='flex_column av-av_one_fourth-60a890f5276958159927439e19d40c8d av_one_fourth  avia-builder-el-4  el_after_av_one_half  el_before_av_one_fourth  flex_column_div av-animated-generic right-to-left av-zero-column-padding  '     ><p>\n<style type=\"text\/css\" data-created_by=\"avia_inline_auto\" id=\"style-css-av-av_heading-a57d38839bfba7edffd82607f74c8881\">\n#top .av-special-heading.av-av_heading-a57d38839bfba7edffd82607f74c8881{\npadding-bottom:10px;\n}\nbody .av-special-heading.av-av_heading-a57d38839bfba7edffd82607f74c8881 .av-special-heading-tag .heading-char{\nfont-size:25px;\n}\n.av-special-heading.av-av_heading-a57d38839bfba7edffd82607f74c8881 .av-subheading{\nfont-size:15px;\n}\n<\/style>\n<div  class='av-special-heading av-av_heading-a57d38839bfba7edffd82607f74c8881 av-special-heading-h3  avia-builder-el-5  el_before_av_textblock  avia-builder-el-first '><h3 class='av-special-heading-tag '  itemprop=\"headline\"  >D\u00e9partement des ventes<\/h3><div class=\"special-heading-border\"><div class=\"special-heading-inner-border\"><\/div><\/div><\/div><br \/>\n<section  class='av_textblock_section av-av_textblock-396ddf1f42196ca838231e61a4602801 '   itemscope=\"itemscope\" itemtype=\"https:\/\/schema.org\/CreativeWork\" ><div class='avia_textblock'  itemprop=\"text\" ><p><img loading=\"lazy\" decoding=\"async\" class=\"alignnone size-full wp-image-1785\" src=\"http:\/\/vinove.pl\/wp-content\/uploads\/2018\/05\/flaga-pl-19.jpg\" alt=\"flaga Polski\" width=\"19\" height=\"12\" \/> <strong>Magdalena \u0141ukowska<\/strong><\/p>\n<p>responsable du service client &#8211; Poland<\/p>\n<\/div><\/section><br \/>\n<article  class='iconbox iconbox_left av-av_icon_box-0ca5416e7711393c475b58f04ee065ec  avia-builder-el-7  el_after_av_textblock  el_before_av_icon_box '  itemscope=\"itemscope\" itemtype=\"https:\/\/schema.org\/CreativeWork\" ><div class=\"iconbox_content\"><header class=\"entry-content-header\" aria-label=\"Ic\u00f4ne : t\u00e9l\u00e9phone\"><div class='iconbox_icon heading-color avia-iconfont avia-font-entypo-fontello' data-av_icon='' data-av_iconfont='entypo-fontello'  ><\/div><h3 class='iconbox_content_title '  itemprop=\"headline\" >t\u00e9l\u00e9phone<\/h3><\/header><div class='iconbox_content_container '  itemprop=\"text\" ><p>+48 604 707 999<\/p>\n<\/div><\/div><footer class=\"entry-footer\"><\/footer><\/article><br \/>\n<article  class='iconbox iconbox_left av-av_icon_box-d2fbc9d18c7436de6a8f655405398a71  avia-builder-el-8  el_after_av_icon_box  avia-builder-el-last '  itemscope=\"itemscope\" itemtype=\"https:\/\/schema.org\/CreativeWork\" ><div class=\"iconbox_content\"><header class=\"entry-content-header\" aria-label=\"Ic\u00f4ne : e-mail\"><div class='iconbox_icon heading-color avia-iconfont avia-font-entypo-fontello' data-av_icon='\ue805' data-av_iconfont='entypo-fontello'  ><\/div><h3 class='iconbox_content_title '  itemprop=\"headline\" >e-mail<\/h3><\/header><div class='iconbox_content_container '  itemprop=\"text\" ><p>mlukowska@vinove.pl<\/p>\n<\/div><\/div><footer class=\"entry-footer\"><\/footer><\/article><\/p><\/div>\n\n<style type=\"text\/css\" data-created_by=\"avia_inline_auto\" id=\"style-css-av-av_one_fourth-a0924d18cd3718dde9e2dfe73b391e32\">\n.flex_column.av-av_one_fourth-a0924d18cd3718dde9e2dfe73b391e32{\nborder-radius:0px 0px 0px 0px;\npadding:0px 0px 0px 0px;\n}\n<\/style>\n<div  class='flex_column av-av_one_fourth-a0924d18cd3718dde9e2dfe73b391e32 av_one_fourth  avia-builder-el-9  el_after_av_one_fourth  el_before_av_hr  flex_column_div av-animated-generic left-to-right av-zero-column-padding  '     ><p>\n<style type=\"text\/css\" data-created_by=\"avia_inline_auto\" id=\"style-css-av-av_heading-119ac9ea39a84170aa126d9a9940a328\">\n#top .av-special-heading.av-av_heading-119ac9ea39a84170aa126d9a9940a328{\npadding-bottom:10px;\n}\nbody .av-special-heading.av-av_heading-119ac9ea39a84170aa126d9a9940a328 .av-special-heading-tag .heading-char{\nfont-size:25px;\n}\n.av-special-heading.av-av_heading-119ac9ea39a84170aa126d9a9940a328 .av-subheading{\nfont-size:15px;\n}\n<\/style>\n<div  class='av-special-heading av-av_heading-119ac9ea39a84170aa126d9a9940a328 av-special-heading-h3  avia-builder-el-10  el_before_av_icon_box  avia-builder-el-first '><h3 class='av-special-heading-tag '  itemprop=\"headline\"  >Contact<\/h3><div class=\"special-heading-border\"><div class=\"special-heading-inner-border\"><\/div><\/div><\/div><br \/>\n<article  class='iconbox iconbox_left av-av_icon_box-ca549829d6615db2876f7b97f675dc14  avia-builder-el-11  el_after_av_heading  el_before_av_icon_box '  itemscope=\"itemscope\" itemtype=\"https:\/\/schema.org\/CreativeWork\" ><div class=\"iconbox_content\"><header class=\"entry-content-header\" aria-label=\"Ic\u00f4ne : address\"><div class='iconbox_icon heading-color avia-iconfont avia-font-entypo-fontello' data-av_icon='\ue821' data-av_iconfont='entypo-fontello'  ><\/div><h3 class='iconbox_content_title '  itemprop=\"headline\" >address<\/h3><\/header><div class='iconbox_content_container '  itemprop=\"text\" ><p>VINOVE Sp. z o.o.<\/p>\n<p>95-030 Rzg\u00f3w<br \/>\nStarowa G\u00f3ra<br \/>\nul.\u00a0Szeroka 36<br \/>\nvo\u00efvodie de \u0141\u00f3d\u017a<\/p>\n<\/div><\/div><footer class=\"entry-footer\"><\/footer><\/article><br \/>\n<article  class='iconbox iconbox_left av-av_icon_box-0ca5416e7711393c475b58f04ee065ec  avia-builder-el-12  el_after_av_icon_box  avia-builder-el-last '  itemscope=\"itemscope\" itemtype=\"https:\/\/schema.org\/CreativeWork\" ><div class=\"iconbox_content\"><header class=\"entry-content-header\" aria-label=\"Ic\u00f4ne : t\u00e9l\u00e9phone\"><div class='iconbox_icon heading-color avia-iconfont avia-font-entypo-fontello' data-av_icon='' data-av_iconfont='entypo-fontello'  ><\/div><h3 class='iconbox_content_title '  itemprop=\"headline\" >t\u00e9l\u00e9phone<\/h3><\/header><div class='iconbox_content_container '  itemprop=\"text\" ><p>+48 604 707 999<\/p>\n<\/div><\/div><footer class=\"entry-footer\"><\/footer><\/article><\/p><\/div>\n<style type=\"text\/css\" data-created_by=\"avia_inline_auto\" id=\"style-css-av-av_hr-4474f20d2389e2e5ecf918a02da5132e\">\n#top .hr.hr-invisible.av-av_hr-4474f20d2389e2e5ecf918a02da5132e{\nheight:50px;\n}\n<\/style>\n<div  class='hr av-av_hr-4474f20d2389e2e5ecf918a02da5132e hr-invisible  avia-builder-el-13  el_after_av_one_fourth  el_before_av_one_full '><span class='hr-inner '><span class=\"hr-inner-style\"><\/span><\/span><\/div><\/p>\n<div class='flex_column_table av-av_one_full-0f564af31fa0c0c6131ef8f49625d39c sc-av_one_full av-equal-height-column-flextable'>\n<style type=\"text\/css\" data-created_by=\"avia_inline_auto\" id=\"style-css-av-av_one_full-0f564af31fa0c0c6131ef8f49625d39c\">\n#top .flex_column_table.av-equal-height-column-flextable.av-av_one_full-0f564af31fa0c0c6131ef8f49625d39c{\nmargin-top:0px;\nmargin-bottom:0px;\n}\n.flex_column.av-av_one_full-0f564af31fa0c0c6131ef8f49625d39c{\nborder-radius:0px 0px 0px 0px;\npadding:0px 0px 0px 0px;\n}\n<\/style>\n<div  class='flex_column av-av_one_full-0f564af31fa0c0c6131ef8f49625d39c av_one_full  avia-builder-el-14  el_after_av_hr  el_before_av_hr  first flex_column_table_cell av-equal-height-column av-align-top av-animated-generic right-to-left av-zero-column-padding  '     ><p>\n<style type=\"text\/css\" data-created_by=\"avia_inline_auto\" id=\"style-css-av-av_heading-29bfcb37b9d6679650a4d9130e3dfee1\">\n#top .av-special-heading.av-av_heading-29bfcb37b9d6679650a4d9130e3dfee1{\npadding-bottom:10px;\n}\nbody .av-special-heading.av-av_heading-29bfcb37b9d6679650a4d9130e3dfee1 .av-special-heading-tag .heading-char{\nfont-size:25px;\n}\n.av-special-heading.av-av_heading-29bfcb37b9d6679650a4d9130e3dfee1 .av-subheading{\nfont-size:15px;\n}\n<\/style>\n<div  class='av-special-heading av-av_heading-29bfcb37b9d6679650a4d9130e3dfee1 av-special-heading-h3  avia-builder-el-15  el_before_av_textblock  avia-builder-el-first '><h3 class='av-special-heading-tag '  itemprop=\"headline\"  >Donn\u00e9es du registre<\/h3><div class=\"special-heading-border\"><div class=\"special-heading-inner-border\"><\/div><\/div><\/div><br \/>\n<section  class='av_textblock_section av-av_textblock-396ddf1f42196ca838231e61a4602801 '   itemscope=\"itemscope\" itemtype=\"https:\/\/schema.org\/CreativeWork\" ><div class='avia_textblock'  itemprop=\"text\" ><p>VINOVE SP\u00d3\u0141KA Z OGRANICZON\u0104 ODPOWIEDZIALNO\u015aCI\u0104<\/p>\n<\/div><\/section><br \/>\n<div  class='avia-table av-av_table-5e8dca6f6373d6df8320a18f615115f7 main_color avia-pricing-table-container avia_pricing_default  avia-builder-el-17  el_after_av_textblock  avia-builder-el-last  avia-table-1'  itemscope=\"itemscope\" itemtype=\"https:\/\/schema.org\/Table\" ><div class=\"pricing-table-wrap\"><ul class='pricing-table '><li class=''><div class='first-table-item'>TVA: 7282808796<\/div><span class='pricing-extra'><\/span><\/li><\/ul><\/div><div class=\"pricing-table-wrap\"><ul class='pricing-table '><li class=''><div class='first-table-item'>REGON: 364546777<\/div><span class='pricing-extra'><\/span><\/li><\/ul><\/div><div class=\"pricing-table-wrap\"><ul class='pricing-table '><li class=''><div class='first-table-item'>KRS: 0000620255<\/div><span class='pricing-extra'><\/span><\/li><\/ul><\/div><\/div><\/p><\/div><\/div><!--close column table wrapper. Autoclose: 1 -->\n\n<style type=\"text\/css\" data-created_by=\"avia_inline_auto\" id=\"style-css-av-av_hr-4474f20d2389e2e5ecf918a02da5132e\">\n#top .hr.hr-invisible.av-av_hr-4474f20d2389e2e5ecf918a02da5132e{\nheight:50px;\n}\n<\/style>\n<div  class='hr av-av_hr-4474f20d2389e2e5ecf918a02da5132e hr-invisible  avia-builder-el-18  el_after_av_one_full  el_before_av_one_full '><span class='hr-inner '><span class=\"hr-inner-style\"><\/span><\/span><\/div>\n<div class='flex_column_table av-av_one_full-0f564af31fa0c0c6131ef8f49625d39c sc-av_one_full av-equal-height-column-flextable'>\n<style type=\"text\/css\" data-created_by=\"avia_inline_auto\" id=\"style-css-av-av_one_full-0f564af31fa0c0c6131ef8f49625d39c\">\n#top .flex_column_table.av-equal-height-column-flextable.av-av_one_full-0f564af31fa0c0c6131ef8f49625d39c{\nmargin-top:0px;\nmargin-bottom:0px;\n}\n.flex_column.av-av_one_full-0f564af31fa0c0c6131ef8f49625d39c{\nborder-radius:0px 0px 0px 0px;\npadding:0px 0px 0px 0px;\n}\n<\/style>\n<div  class='flex_column av-av_one_full-0f564af31fa0c0c6131ef8f49625d39c av_one_full  avia-builder-el-19  el_after_av_hr  el_before_av_one_half  first flex_column_table_cell av-equal-height-column av-align-top av-animated-generic right-to-left av-zero-column-padding  '     ><style type=\"text\/css\" data-created_by=\"avia_inline_auto\" id=\"style-css-av-av_heading-7073454798a2f11c4456ed5538b05ccf\">\n#top .av-special-heading.av-av_heading-7073454798a2f11c4456ed5538b05ccf{\npadding-bottom:0;\n}\nbody .av-special-heading.av-av_heading-7073454798a2f11c4456ed5538b05ccf .av-special-heading-tag .heading-char{\nfont-size:25px;\n}\n.av-special-heading.av-av_heading-7073454798a2f11c4456ed5538b05ccf .av-subheading{\nfont-size:15px;\n}\n<\/style>\n<div  class='av-special-heading av-av_heading-7073454798a2f11c4456ed5538b05ccf av-special-heading-h3  avia-builder-el-20  avia-builder-el-no-sibling '><h3 class='av-special-heading-tag '  itemprop=\"headline\"  >Num\u00e9ro de compte bancaire<\/h3><div class=\"special-heading-border\"><div class=\"special-heading-inner-border\"><\/div><\/div><\/div><\/div><\/div><!--close column table wrapper. Autoclose: 1 -->\n\n<style type=\"text\/css\" data-created_by=\"avia_inline_auto\" id=\"style-css-av-av_one_half-9497bbf8bff73ea4c6992cc17fa9ec36\">\n.flex_column.av-av_one_half-9497bbf8bff73ea4c6992cc17fa9ec36{\nborder-radius:0px 0px 0px 0px;\npadding:0px 0px 0px 0px;\n}\n<\/style>\n<div  class='flex_column av-av_one_half-9497bbf8bff73ea4c6992cc17fa9ec36 av_one_half  avia-builder-el-21  el_after_av_one_full  el_before_av_one_half  first flex_column_div av-zero-column-padding  column-top-margin'     ><section  class='av_textblock_section av-av_textblock-396ddf1f42196ca838231e61a4602801 '   itemscope=\"itemscope\" itemtype=\"https:\/\/schema.org\/CreativeWork\" ><div class='avia_textblock'  itemprop=\"text\" ><p><strong>Pour les transferts nationaux:<\/strong><\/p>\n<p>MBANK<br \/>\n77 1140 2004 0000 3702 7618 6734<\/p>\n<\/div><\/section><\/div>\n\n<style type=\"text\/css\" data-created_by=\"avia_inline_auto\" id=\"style-css-av-av_one_half-9c1d454dc06f7247226bc4e8f931daae\">\n.flex_column.av-av_one_half-9c1d454dc06f7247226bc4e8f931daae{\nborder-radius:0px 0px 0px 0px;\npadding:0px 0px 0px 0px;\n}\n<\/style>\n<div  class='flex_column av-av_one_half-9c1d454dc06f7247226bc4e8f931daae av_one_half  avia-builder-el-23  el_after_av_one_half  el_before_av_one_half  flex_column_div av-zero-column-padding  column-top-margin'     ><section  class='av_textblock_section av-av_textblock-396ddf1f42196ca838231e61a4602801 '   itemscope=\"itemscope\" itemtype=\"https:\/\/schema.org\/CreativeWork\" ><div class='avia_textblock'  itemprop=\"text\" ><p><strong>Pour les virements depuis l&rsquo;\u00e9tranger:<\/strong><\/p>\n<p>MBANK<br \/>\nBIC\/SWIFT: BREXPLPWMBK<br \/>\nIBAN: PL 77 1140 2004 0000 3702 7618 6734<\/p>\n<\/div><\/section><\/div>\n\n<style type=\"text\/css\" data-created_by=\"avia_inline_auto\" id=\"style-css-av-av_one_half-9497bbf8bff73ea4c6992cc17fa9ec36\">\n.flex_column.av-av_one_half-9497bbf8bff73ea4c6992cc17fa9ec36{\nborder-radius:0px 0px 0px 0px;\npadding:0px 0px 0px 0px;\n}\n<\/style>\n<div  class='flex_column av-av_one_half-9497bbf8bff73ea4c6992cc17fa9ec36 av_one_half  avia-builder-el-25  el_after_av_one_half  el_before_av_one_half  first flex_column_div av-zero-column-padding  column-top-margin'     ><section  class='av_textblock_section av-av_textblock-396ddf1f42196ca838231e61a4602801 '   itemscope=\"itemscope\" itemtype=\"https:\/\/schema.org\/CreativeWork\" ><div class='avia_textblock'  itemprop=\"text\" ><p><strong>En devise \u00e9trang\u00e8re EUR:<\/strong><\/p>\n<p>MBANK<br \/>\nBIC\/SWIFT: BREXPLPWMBK<br \/>\nIBAN: PL 98 1140 2004 0000 3112 0503 4691<\/p>\n<\/div><\/section><\/div>\n\n<style type=\"text\/css\" data-created_by=\"avia_inline_auto\" id=\"style-css-av-av_one_half-9c1d454dc06f7247226bc4e8f931daae\">\n.flex_column.av-av_one_half-9c1d454dc06f7247226bc4e8f931daae{\nborder-radius:0px 0px 0px 0px;\npadding:0px 0px 0px 0px;\n}\n<\/style>\n<div  class='flex_column av-av_one_half-9c1d454dc06f7247226bc4e8f931daae av_one_half  avia-builder-el-27  el_after_av_one_half  el_before_av_hr  flex_column_div av-zero-column-padding  column-top-margin'     ><section  class='av_textblock_section av-av_textblock-396ddf1f42196ca838231e61a4602801 '   itemscope=\"itemscope\" itemtype=\"https:\/\/schema.org\/CreativeWork\" ><div class='avia_textblock'  itemprop=\"text\" ><p><strong>En devise \u00e9trang\u00e8re USD:<\/strong><\/p>\n<p>MBANK<br \/>\nBIC\/SWIFT: BREXPLPWMBK<br \/>\nIBAN: PL 98 1140 2004 0000 3112 0503 4691<\/p>\n<\/div><\/section><\/div>\n\n<style type=\"text\/css\" data-created_by=\"avia_inline_auto\" id=\"style-css-av-av_hr-f2dee1eb85ef5672691aaadf6cbe6bda\">\n#top .hr.hr-invisible.av-av_hr-f2dee1eb85ef5672691aaadf6cbe6bda{\nheight:22px;\n}\n<\/style>\n<div  class='hr av-av_hr-f2dee1eb85ef5672691aaadf6cbe6bda hr-invisible  avia-builder-el-29  el_after_av_one_half  el_before_av_textblock '><span class='hr-inner '><span class=\"hr-inner-style\"><\/span><\/span><\/div>\n<section  class='av_textblock_section av-av_textblock-396ddf1f42196ca838231e61a4602801 '   itemscope=\"itemscope\" itemtype=\"https:\/\/schema.org\/CreativeWork\" ><div class='avia_textblock'  itemprop=\"text\" ><p><iframe loading=\"lazy\" style=\"border: 0;\" src=\"https:\/\/www.google.com\/maps\/embed?pb=!1m18!1m12!1m3!1d158207.73796217062!2d19.544913053535264!3d51.71498845641757!2m3!1f0!2f0!3f0!3m2!1i1024!2i768!4f13.1!3m3!1m2!1s0x471a33f0d6eef959%3A0x7f6e4f6cc9e32e9c!2sSzeroka+36%2C+95-030+Starowa+G%C3%B3ra!5e0!3m2!1spl!2spl!4v1537222072413\" width=\"100%\" height=\"500\" frameborder=\"0\" allowfullscreen=\"allowfullscreen\"><\/iframe><\/p>\n<\/div><\/section>\n","protected":false},"excerpt":{"rendered":"","protected":false},"author":1,"featured_media":0,"parent":0,"menu_order":0,"comment_status":"closed","ping_status":"closed","template":"","meta":{"footnotes":""},"class_list":["post-5988","page","type-page","status-publish","hentry"],"_links":{"self":[{"href":"https:\/\/vinove.pl\/fr\/wp-json\/wp\/v2\/pages\/5988","targetHints":{"allow":["GET"]}}],"collection":[{"href":"https:\/\/vinove.pl\/fr\/wp-json\/wp\/v2\/pages"}],"about":[{"href":"https:\/\/vinove.pl\/fr\/wp-json\/wp\/v2\/types\/page"}],"author":[{"embeddable":true,"href":"https:\/\/vinove.pl\/fr\/wp-json\/wp\/v2\/users\/1"}],"replies":[{"embeddable":true,"href":"https:\/\/vinove.pl\/fr\/wp-json\/wp\/v2\/comments?post=5988"}],"version-history":[{"count":5,"href":"https:\/\/vinove.pl\/fr\/wp-json\/wp\/v2\/pages\/5988\/revisions"}],"predecessor-version":[{"id":21093,"href":"https:\/\/vinove.pl\/fr\/wp-json\/wp\/v2\/pages\/5988\/revisions\/21093"}],"wp:attachment":[{"href":"https:\/\/vinove.pl\/fr\/wp-json\/wp\/v2\/media?parent=5988"}],"curies":[{"name":"wp","href":"https:\/\/api.w.org\/{rel}","templated":true}]}}