{"id":5971,"date":"2017-02-24T22:57:57","date_gmt":"2017-02-24T20:57:57","guid":{"rendered":"https:\/\/vinove.pl\/?page_id=5971"},"modified":"2020-02-04T23:58:20","modified_gmt":"2020-02-04T21:58:20","slug":"condensateur-de-parfum","status":"publish","type":"page","link":"https:\/\/vinove.pl\/fr\/about-vinove-car-perfumes\/condensateur-de-parfum\/","title":{"rendered":"CONDENSATEUR DE PARFUM"},"content":{"rendered":"<div id='layer_slider_1'  class='avia-layerslider main_color avia-shadow  avia-builder-el-0  el_before_av_one_full  avia-builder-el-first  container_wrap fullsize'  style='height: 478px;'  ><\/div><div id='after_layer_slider_1'  class='main_color av_default_container_wrap container_wrap fullsize'  ><div class='container av-section-cont-open' ><div class='template-page content  av-content-full alpha units'><div class='post-entry post-entry-type-page post-entry-5971'><div class='entry-content-wrapper clearfix'>\n\n<style type=\"text\/css\" data-created_by=\"avia_inline_auto\" id=\"style-css-av-av_one_full-0d9dbec7e98bcca5858b02aa65ecdb09\">\n.flex_column.av-av_one_full-0d9dbec7e98bcca5858b02aa65ecdb09{\nborder-radius:0px 0px 0px 0px;\npadding:0px 0px 0px 0px;\n}\n<\/style>\n<div  class='flex_column av-av_one_full-0d9dbec7e98bcca5858b02aa65ecdb09 av_one_full  avia-builder-el-1  el_after_av_layerslider  el_before_av_layout_row  avia-builder-el-no-sibling  first flex_column_div av-animated-generic left-to-right av-zero-column-padding  '     ><p>\n<style type=\"text\/css\" data-created_by=\"avia_inline_auto\" id=\"style-css-av-av_heading-4866366392dedd334fb9e8e64a67a1a5\">\n#top .av-special-heading.av-av_heading-4866366392dedd334fb9e8e64a67a1a5{\npadding-bottom:10px;\n}\nbody .av-special-heading.av-av_heading-4866366392dedd334fb9e8e64a67a1a5 .av-special-heading-tag .heading-char{\nfont-size:25px;\n}\n.av-special-heading.av-av_heading-4866366392dedd334fb9e8e64a67a1a5 .av-subheading{\nfont-size:15px;\n}\n<\/style>\n<div  class='av-special-heading av-av_heading-4866366392dedd334fb9e8e64a67a1a5 av-special-heading-h3  avia-builder-el-2  el_before_av_textblock  avia-builder-el-first '><h3 class='av-special-heading-tag '  itemprop=\"headline\"  >TECHNOLOGIE<\/h3><div class=\"special-heading-border\"><div class=\"special-heading-inner-border\"><\/div><\/div><\/div><br \/>\n<section  class='av_textblock_section av-av_textblock-396ddf1f42196ca838231e61a4602801 '   itemscope=\"itemscope\" itemtype=\"https:\/\/schema.org\/CreativeWork\" ><div class='avia_textblock'  itemprop=\"text\" ><p>VINOVE &#8211; INNOVATION<\/p>\n<p><span lang=\"fr-FR\">Pour les parfums de voiture VINOVE nous avons utilis\u00e9s la technologie du XXIe si\u00e8cle. Nous avons utilis\u00e9 les connaissances, l&rsquo;ouverture et l&rsquo;exp\u00e9rience d&rsquo;une \u00e9quipe de scientifiques et, avec eux, nous avons condens\u00e9 nos parfums dans un polym\u00e8re innovant. Nous lui avons donn\u00e9 une forme qui permette \u00e0 l\u2019air des grilles d\u2018a\u00e9ration de s\u2019\u00e9couler doucement autour du labyrinthe en polym\u00e8re, lib\u00e9rant ainsi l\u2019odeur de mani\u00e8re subtile et durable &#8211; jusqu\u2019\u00e0 90 jours.<\/span><\/p>\n<p><span lang=\"fr-FR\">Lors de la conception du support de parfum, nous avons tenu compte de ses valeurs d\u2019utilit\u00e9 : d\u00e9gagement de parfum \u00e0 long terme, s\u00e9curit\u00e9 des rev\u00eatements et du cockpit de la voiture, ainsi que son aspect exclusif, en harmonie avec le style des voitures modernes.<\/span><\/p>\n<\/div><\/section><\/p><\/div>\n<\/div><\/div><\/div><!-- close content main div --><\/div><\/div><div id='av-layout-grid-1'  class='av-layout-grid-container av-av_layout_row-caf1f26e08707a2ebe9176b630e736c2 entry-content-wrapper main_color av-flex-cells  avia-builder-el-4  el_after_av_one_full  avia-builder-el-last  grid-row-not-first  container_wrap fullsize'  >\n\n<style type=\"text\/css\" data-created_by=\"avia_inline_auto\" id=\"style-css-av-av_cell_one_third-5227a743201b625eadc00b27db60eab9\">\n.flex_cell.av-av_cell_one_third-5227a743201b625eadc00b27db60eab9{\nvertical-align:top;\n}\n.responsive #top #wrap_all .flex_cell.av-av_cell_one_third-5227a743201b625eadc00b27db60eab9{\npadding:30px 30px 30px 30px !important;\n}\n<\/style>\n<div class='flex_cell av-av_cell_one_third-5227a743201b625eadc00b27db60eab9 av-gridrow-cell av_one_third no_margin  avia-builder-el-5  el_before_av_cell_one_third  avia-builder-el-first  content-align-top'  ><div class='flex_cell_inner'><p><div  class='avia-slideshow av-av_slideshow-4e67901136ce857e1604e055048f7d21 avia-slideshow-masonry av_slideshow avia-fade-slider  avia-builder-el-6  el_before_av_heading  avia-builder-el-first  av-slideshow-ui av-control-hidden av-no-slider-navigation av-hide-nav-arrows av-slideshow-manual av-loop-once av-loop-manual-endless av-default-height-applied avia-slideshow-1' data-slideshow-options=\"{&quot;animation&quot;:&quot;fade&quot;,&quot;autoplay&quot;:false,&quot;loop_autoplay&quot;:&quot;once&quot;,&quot;interval&quot;:6,&quot;loop_manual&quot;:&quot;manual-endless&quot;,&quot;autoplay_stopper&quot;:false,&quot;noNavigation&quot;:true,&quot;bg_slider&quot;:false,&quot;keep_padding&quot;:false,&quot;hoverpause&quot;:false,&quot;show_slide_delay&quot;:0}\"  itemprop=\"image\" itemscope=\"itemscope\" itemtype=\"https:\/\/schema.org\/ImageObject\" ><ul class='avia-slideshow-inner ' style='padding-bottom: 100%;'><li  class='avia-slideshow-slide av-av_slideshow-4e67901136ce857e1604e055048f7d21__0  av-single-slide slide-1 slide-odd'><div data-rel='slideshow-1' class='avia-slide-wrap '   ><img fetchpriority=\"high\" class=\"wp-image-5637 avia-img-lazy-loading-not-5637\"  src='https:\/\/vinove.pl\/wp-content\/uploads\/2016\/10\/stojak-ekspozycyjny-vinove-pos-plex.jpg' width='700' height='700' title='stojak-ekspozycyjny-vinove-pos-plex' alt=''  itemprop=\"thumbnailUrl\"   \/><\/div><\/li><\/ul><\/div><br \/>\n\n<style type=\"text\/css\" data-created_by=\"avia_inline_auto\" id=\"style-css-av-av_heading-2493898653a980c27d72c8f7ad38dd7c\">\n#top .av-special-heading.av-av_heading-2493898653a980c27d72c8f7ad38dd7c{\npadding-bottom:10px;\n}\nbody .av-special-heading.av-av_heading-2493898653a980c27d72c8f7ad38dd7c .av-special-heading-tag .heading-char{\nfont-size:25px;\n}\n.av-special-heading.av-av_heading-2493898653a980c27d72c8f7ad38dd7c .av-subheading{\nfont-size:15px;\n}\n<\/style>\n<div  class='av-special-heading av-av_heading-2493898653a980c27d72c8f7ad38dd7c av-special-heading-h3  avia-builder-el-7  el_after_av_slideshow  el_before_av_textblock '><h3 class='av-special-heading-tag '  itemprop=\"headline\"  >COMMANDER<\/h3><div class=\"special-heading-border\"><div class=\"special-heading-inner-border\"><\/div><\/div><\/div><br \/>\n<section  class='av_textblock_section av-av_textblock-396ddf1f42196ca838231e61a4602801 '   itemscope=\"itemscope\" itemtype=\"https:\/\/schema.org\/CreativeWork\" ><div class='avia_textblock'  itemprop=\"text\" ><p><a href=\"https:\/\/vinove.pl\/fr\/contact-telephonique\/\">contact par t\u00e9l\u00e9phone &gt;<\/a><\/p>\n<\/div><\/section><\/p>\n<\/div><\/div>\n<style type=\"text\/css\" data-created_by=\"avia_inline_auto\" id=\"style-css-av-av_cell_one_third-5227a743201b625eadc00b27db60eab9\">\n.flex_cell.av-av_cell_one_third-5227a743201b625eadc00b27db60eab9{\nvertical-align:top;\n}\n.responsive #top #wrap_all .flex_cell.av-av_cell_one_third-5227a743201b625eadc00b27db60eab9{\npadding:30px 30px 30px 30px !important;\n}\n<\/style>\n<div class='flex_cell av-av_cell_one_third-5227a743201b625eadc00b27db60eab9 av-gridrow-cell av_one_third no_margin  avia-builder-el-9  el_after_av_cell_one_third  el_before_av_cell_one_third  content-align-top'  ><div class='flex_cell_inner'><p><div  class='avia-slideshow av-av_slideshow-fe4e4dd373d824f627b46d6f39cea4d0 avia-slideshow-masonry av_slideshow avia-fade-slider  avia-builder-el-10  el_before_av_heading  avia-builder-el-first  av-slideshow-ui av-control-hidden av-no-slider-navigation av-hide-nav-arrows av-slideshow-autoplay av-loop-endless av-loop-manual-endless av-default-height-applied avia-slideshow-2' data-slideshow-options=\"{&quot;animation&quot;:&quot;fade&quot;,&quot;autoplay&quot;:true,&quot;loop_autoplay&quot;:&quot;endless&quot;,&quot;interval&quot;:6,&quot;loop_manual&quot;:&quot;manual-endless&quot;,&quot;autoplay_stopper&quot;:false,&quot;noNavigation&quot;:true,&quot;bg_slider&quot;:false,&quot;keep_padding&quot;:false,&quot;hoverpause&quot;:false,&quot;show_slide_delay&quot;:0}\"  itemprop=\"image\" itemscope=\"itemscope\" itemtype=\"https:\/\/schema.org\/ImageObject\" ><ul class='avia-slideshow-inner ' style='padding-bottom: 100%;'><li  class='avia-slideshow-slide av-av_slideshow-fe4e4dd373d824f627b46d6f39cea4d0__0  slide-1 slide-odd'><div data-rel='slideshow-2' class='avia-slide-wrap '   ><img fetchpriority=\"high\" class=\"wp-image-1276 avia-img-lazy-loading-not-1276\"  src='https:\/\/vinove.pl\/wp-content\/uploads\/2017\/06\/vinove-scent-condenser-front-view-705x705.jpg' width='705' height='705' title='VINOVE scent condenser - front view' alt='VINOVE scent condenser - front view'  itemprop=\"thumbnailUrl\"   \/><\/div><\/li><li  class='avia-slideshow-slide av-av_slideshow-fe4e4dd373d824f627b46d6f39cea4d0__1  slide-2 slide-even'><div data-rel='slideshow-2' class='avia-slide-wrap '   ><img fetchpriority=\"high\" class=\"wp-image-1275 avia-img-lazy-loading-not-1275\"  src='https:\/\/vinove.pl\/wp-content\/uploads\/2017\/06\/vinove-scent-condenser-beside-view-705x705.jpg' width='705' height='705' title='VINOVE scent condenser - beside view' alt='VINOVE scent condenser - beside view'  itemprop=\"thumbnailUrl\"   \/><\/div><\/li><li  class='avia-slideshow-slide av-av_slideshow-fe4e4dd373d824f627b46d6f39cea4d0__2  slide-3 slide-odd'><div data-rel='slideshow-2' class='avia-slide-wrap '   ><img fetchpriority=\"high\" class=\"wp-image-1277 avia-img-lazy-loading-not-1277\"  src='https:\/\/vinove.pl\/wp-content\/uploads\/2017\/06\/vinove-scent-condenser-rear-view-705x705.jpg' width='705' height='705' title='VINOVE scent condenser - rear view' alt='VINOVE scent condenser - rear view'  itemprop=\"thumbnailUrl\"   \/><\/div><\/li><\/ul><div class='avia-slideshow-arrows avia-slideshow-controls' ><a href='#prev' class='prev-slide  avia-svg-icon avia-font-svg_entypo-fontello' data-av_svg_icon='left-open-big' data-av_iconset='svg_entypo-fontello' tabindex='-1' title=\"Pr\u00e9c\u00e9dent\"><svg version=\"1.1\" xmlns=\"http:\/\/www.w3.org\/2000\/svg\" width=\"15\" height=\"32\" viewBox=\"0 0 15 32\" preserveAspectRatio=\"xMidYMid meet\" aria-labelledby='av-svg-title-1' aria-describedby='av-svg-desc-1' role=\"graphics-symbol\" aria-hidden=\"true\">\n<title id='av-svg-title-1'>Pr\u00e9c\u00e9dent<\/title>\n<desc id='av-svg-desc-1'>Pr\u00e9c\u00e9dent<\/desc>\n<path d=\"M14.464 27.84q0.832 0.832 0 1.536-0.832 0.832-1.536 0l-12.544-12.608q-0.768-0.768 0-1.6l12.544-12.608q0.704-0.832 1.536 0 0.832 0.704 0 1.536l-11.456 11.904z\"><\/path>\n<\/svg><span class='avia_hidden_link_text'>Pr\u00e9c\u00e9dent<\/span><\/a><a href='#next' class='next-slide  avia-svg-icon avia-font-svg_entypo-fontello' data-av_svg_icon='right-open-big' data-av_iconset='svg_entypo-fontello' tabindex='-1' title=\"Suivant\"><svg version=\"1.1\" xmlns=\"http:\/\/www.w3.org\/2000\/svg\" width=\"15\" height=\"32\" viewBox=\"0 0 15 32\" preserveAspectRatio=\"xMidYMid meet\" aria-labelledby='av-svg-title-2' aria-describedby='av-svg-desc-2' role=\"graphics-symbol\" aria-hidden=\"true\">\n<title id='av-svg-title-2'>Suivant<\/title>\n<desc id='av-svg-desc-2'>Suivant<\/desc>\n<path d=\"M0.416 27.84l11.456-11.84-11.456-11.904q-0.832-0.832 0-1.536 0.832-0.832 1.536 0l12.544 12.608q0.768 0.832 0 1.6l-12.544 12.608q-0.704 0.832-1.536 0-0.832-0.704 0-1.536z\"><\/path>\n<\/svg><span class='avia_hidden_link_text'>Suivant<\/span><\/a><\/div><\/div><br \/>\n\n<style type=\"text\/css\" data-created_by=\"avia_inline_auto\" id=\"style-css-av-av_heading-ef0667c27d89ab06e71a928f1445118b\">\n#top .av-special-heading.av-av_heading-ef0667c27d89ab06e71a928f1445118b{\npadding-bottom:10px;\n}\nbody .av-special-heading.av-av_heading-ef0667c27d89ab06e71a928f1445118b .av-special-heading-tag .heading-char{\nfont-size:25px;\n}\n.av-special-heading.av-av_heading-ef0667c27d89ab06e71a928f1445118b .av-subheading{\nfont-size:15px;\n}\n<\/style>\n<div  class='av-special-heading av-av_heading-ef0667c27d89ab06e71a928f1445118b av-special-heading-h3  avia-builder-el-11  el_after_av_slideshow  el_before_av_textblock '><h3 class='av-special-heading-tag '  itemprop=\"headline\"  >CONDENSATEUR DE PARFUM<\/h3><div class=\"special-heading-border\"><div class=\"special-heading-inner-border\"><\/div><\/div><\/div><br \/>\n<section  class='av_textblock_section av-av_textblock-396ddf1f42196ca838231e61a4602801 '   itemscope=\"itemscope\" itemtype=\"https:\/\/schema.org\/CreativeWork\" ><div class='avia_textblock'  itemprop=\"text\" ><p><a href=\"https:\/\/vinove.pl\/fr\/about-vinove-car-perfumes\/condensateur-de-parfum\/\">en savoir plus &gt;<\/a><\/p>\n<\/div><\/section><\/p>\n<\/div><\/div>\n<style type=\"text\/css\" data-created_by=\"avia_inline_auto\" id=\"style-css-av-av_cell_one_third-5227a743201b625eadc00b27db60eab9\">\n.flex_cell.av-av_cell_one_third-5227a743201b625eadc00b27db60eab9{\nvertical-align:top;\n}\n.responsive #top #wrap_all .flex_cell.av-av_cell_one_third-5227a743201b625eadc00b27db60eab9{\npadding:30px 30px 30px 30px !important;\n}\n<\/style>\n<div class='flex_cell av-av_cell_one_third-5227a743201b625eadc00b27db60eab9 av-gridrow-cell av_one_third no_margin  avia-builder-el-13  el_after_av_cell_one_third  avia-builder-el-last  content-align-top'  ><div class='flex_cell_inner'><p><div  class='avia-slideshow av-av_slideshow-fe4e4dd373d824f627b46d6f39cea4d0 avia-slideshow-masonry av_slideshow avia-fade-slider  avia-builder-el-14  el_before_av_heading  avia-builder-el-first  av-slideshow-ui av-control-hidden av-no-slider-navigation av-hide-nav-arrows av-slideshow-autoplay av-loop-endless av-loop-manual-endless av-default-height-applied avia-slideshow-3' data-slideshow-options=\"{&quot;animation&quot;:&quot;fade&quot;,&quot;autoplay&quot;:true,&quot;loop_autoplay&quot;:&quot;endless&quot;,&quot;interval&quot;:6,&quot;loop_manual&quot;:&quot;manual-endless&quot;,&quot;autoplay_stopper&quot;:false,&quot;noNavigation&quot;:true,&quot;bg_slider&quot;:false,&quot;keep_padding&quot;:false,&quot;hoverpause&quot;:false,&quot;show_slide_delay&quot;:0}\"  itemprop=\"image\" itemscope=\"itemscope\" itemtype=\"https:\/\/schema.org\/ImageObject\" ><ul class='avia-slideshow-inner ' style='padding-bottom: 100%;'><li  class='avia-slideshow-slide av-av_slideshow-fe4e4dd373d824f627b46d6f39cea4d0__0  slide-1 slide-odd'><div data-rel='slideshow-3' class='avia-slide-wrap '   ><img fetchpriority=\"high\" class=\"wp-image-1276 avia-img-lazy-loading-not-1276\"  src='https:\/\/vinove.pl\/wp-content\/uploads\/2017\/06\/vinove-scent-condenser-front-view-705x705.jpg' width='705' height='705' title='VINOVE scent condenser - front view' alt='VINOVE scent condenser - front view'  itemprop=\"thumbnailUrl\"   \/><\/div><\/li><li  class='avia-slideshow-slide av-av_slideshow-fe4e4dd373d824f627b46d6f39cea4d0__1  slide-2 slide-even'><div data-rel='slideshow-3' class='avia-slide-wrap '   ><img fetchpriority=\"high\" class=\"wp-image-1275 avia-img-lazy-loading-not-1275\"  src='https:\/\/vinove.pl\/wp-content\/uploads\/2017\/06\/vinove-scent-condenser-beside-view-705x705.jpg' width='705' height='705' title='VINOVE scent condenser - beside view' alt='VINOVE scent condenser - beside view'  itemprop=\"thumbnailUrl\"   \/><\/div><\/li><li  class='avia-slideshow-slide av-av_slideshow-fe4e4dd373d824f627b46d6f39cea4d0__2  slide-3 slide-odd'><div data-rel='slideshow-3' class='avia-slide-wrap '   ><img fetchpriority=\"high\" class=\"wp-image-1277 avia-img-lazy-loading-not-1277\"  src='https:\/\/vinove.pl\/wp-content\/uploads\/2017\/06\/vinove-scent-condenser-rear-view-705x705.jpg' width='705' height='705' title='VINOVE scent condenser - rear view' alt='VINOVE scent condenser - rear view'  itemprop=\"thumbnailUrl\"   \/><\/div><\/li><\/ul><div class='avia-slideshow-arrows avia-slideshow-controls' ><a href='#prev' class='prev-slide  avia-svg-icon avia-font-svg_entypo-fontello' data-av_svg_icon='left-open-big' data-av_iconset='svg_entypo-fontello' tabindex='-1' title=\"Pr\u00e9c\u00e9dent\"><svg version=\"1.1\" xmlns=\"http:\/\/www.w3.org\/2000\/svg\" width=\"15\" height=\"32\" viewBox=\"0 0 15 32\" preserveAspectRatio=\"xMidYMid meet\" aria-labelledby='av-svg-title-3' aria-describedby='av-svg-desc-3' role=\"graphics-symbol\" aria-hidden=\"true\">\n<title id='av-svg-title-3'>Pr\u00e9c\u00e9dent<\/title>\n<desc id='av-svg-desc-3'>Pr\u00e9c\u00e9dent<\/desc>\n<path d=\"M14.464 27.84q0.832 0.832 0 1.536-0.832 0.832-1.536 0l-12.544-12.608q-0.768-0.768 0-1.6l12.544-12.608q0.704-0.832 1.536 0 0.832 0.704 0 1.536l-11.456 11.904z\"><\/path>\n<\/svg><span class='avia_hidden_link_text'>Pr\u00e9c\u00e9dent<\/span><\/a><a href='#next' class='next-slide  avia-svg-icon avia-font-svg_entypo-fontello' data-av_svg_icon='right-open-big' data-av_iconset='svg_entypo-fontello' tabindex='-1' title=\"Suivant\"><svg version=\"1.1\" xmlns=\"http:\/\/www.w3.org\/2000\/svg\" width=\"15\" height=\"32\" viewBox=\"0 0 15 32\" preserveAspectRatio=\"xMidYMid meet\" aria-labelledby='av-svg-title-4' aria-describedby='av-svg-desc-4' role=\"graphics-symbol\" aria-hidden=\"true\">\n<title id='av-svg-title-4'>Suivant<\/title>\n<desc id='av-svg-desc-4'>Suivant<\/desc>\n<path d=\"M0.416 27.84l11.456-11.84-11.456-11.904q-0.832-0.832 0-1.536 0.832-0.832 1.536 0l12.544 12.608q0.768 0.832 0 1.6l-12.544 12.608q-0.704 0.832-1.536 0-0.832-0.704 0-1.536z\"><\/path>\n<\/svg><span class='avia_hidden_link_text'>Suivant<\/span><\/a><\/div><\/div><br \/>\n\n<style type=\"text\/css\" data-created_by=\"avia_inline_auto\" id=\"style-css-av-av_heading-ef8975f00ad217fd658af01eef0a0d0b\">\n#top .av-special-heading.av-av_heading-ef8975f00ad217fd658af01eef0a0d0b{\npadding-bottom:10px;\n}\nbody .av-special-heading.av-av_heading-ef8975f00ad217fd658af01eef0a0d0b .av-special-heading-tag .heading-char{\nfont-size:25px;\n}\n.av-special-heading.av-av_heading-ef8975f00ad217fd658af01eef0a0d0b .av-subheading{\nfont-size:15px;\n}\n<\/style>\n<div  class='av-special-heading av-av_heading-ef8975f00ad217fd658af01eef0a0d0b av-special-heading-h3  avia-builder-el-15  el_after_av_slideshow  el_before_av_textblock '><h3 class='av-special-heading-tag '  itemprop=\"headline\"  >PRODUITS<\/h3><div class=\"special-heading-border\"><div class=\"special-heading-inner-border\"><\/div><\/div><\/div><br \/>\n<section  class='av_textblock_section av-av_textblock-396ddf1f42196ca838231e61a4602801 '   itemscope=\"itemscope\" itemtype=\"https:\/\/schema.org\/CreativeWork\" ><div class='avia_textblock'  itemprop=\"text\" ><p><a href=\"https:\/\/vinove.pl\/wp-content\/uploads\/2020\/02\/vinove-folder_2019-fr-en.pdf\" target=\"_blank\" rel=\"noopener noreferrer\">voir en ligne\u00a0&gt;<\/a><\/p>\n<\/div><\/section><\/p>\n<\/div><\/div>\n<\/div>\n","protected":false},"excerpt":{"rendered":"","protected":false},"author":1,"featured_media":0,"parent":5529,"menu_order":0,"comment_status":"closed","ping_status":"closed","template":"","meta":{"footnotes":""},"class_list":["post-5971","page","type-page","status-publish","hentry"],"_links":{"self":[{"href":"https:\/\/vinove.pl\/fr\/wp-json\/wp\/v2\/pages\/5971","targetHints":{"allow":["GET"]}}],"collection":[{"href":"https:\/\/vinove.pl\/fr\/wp-json\/wp\/v2\/pages"}],"about":[{"href":"https:\/\/vinove.pl\/fr\/wp-json\/wp\/v2\/types\/page"}],"author":[{"embeddable":true,"href":"https:\/\/vinove.pl\/fr\/wp-json\/wp\/v2\/users\/1"}],"replies":[{"embeddable":true,"href":"https:\/\/vinove.pl\/fr\/wp-json\/wp\/v2\/comments?post=5971"}],"version-history":[{"count":6,"href":"https:\/\/vinove.pl\/fr\/wp-json\/wp\/v2\/pages\/5971\/revisions"}],"predecessor-version":[{"id":6001,"href":"https:\/\/vinove.pl\/fr\/wp-json\/wp\/v2\/pages\/5971\/revisions\/6001"}],"up":[{"embeddable":true,"href":"https:\/\/vinove.pl\/fr\/wp-json\/wp\/v2\/pages\/5529"}],"wp:attachment":[{"href":"https:\/\/vinove.pl\/fr\/wp-json\/wp\/v2\/media?parent=5971"}],"curies":[{"name":"wp","href":"https:\/\/api.w.org\/{rel}","templated":true}]}}