{"id":18657,"date":"2022-08-03T01:17:59","date_gmt":"2022-08-02T23:17:59","guid":{"rendered":"https:\/\/vinove.pl\/?page_id=18657"},"modified":"2022-09-29T19:17:25","modified_gmt":"2022-09-29T17:17:25","slug":"classic-leather-line","status":"publish","type":"page","link":"https:\/\/vinove.pl\/fr\/fragrance-collections\/classic-leather-line\/","title":{"rendered":"Classic Leather Line"},"content":{"rendered":"\n<style type=\"text\/css\" data-created_by=\"avia_inline_auto\" id=\"style-css-av-av_image-59fcaea84fca40d5f292d74769ebf2a8\">\n.avia-image-container.av-av_image-59fcaea84fca40d5f292d74769ebf2a8 img.avia_image{\nbox-shadow:none;\n}\n.avia-image-container.av-av_image-59fcaea84fca40d5f292d74769ebf2a8 .av-image-caption-overlay-center{\ncolor:#ffffff;\n}\n<\/style>\n<div  class='avia-image-container av-av_image-59fcaea84fca40d5f292d74769ebf2a8 av-styling- av-img-linked avia_animated_image av-animated-when-visible-95 left-to-right avia-align-center  avia-builder-el-0  el_before_av_one_full  avia-builder-el-first '   itemprop=\"image\" itemscope=\"itemscope\" itemtype=\"https:\/\/schema.org\/ImageObject\" ><div class=\"avia-image-container-inner\"><div class=\"avia-image-overlay-wrap\"><a href=\"https:\/\/vinove.pl\/wp-content\/uploads\/2022\/09\/vinove_leather-ivory-1-1920x800_-1030x429.jpg\" class='avia_image '  aria-label='VINOVE_leather-IVORY-1-1920x800_'><img fetchpriority=\"high\" class='wp-image-17103 avia-img-lazy-loading-not-17103 avia_image ' src='https:\/\/vinove.pl\/wp-content\/uploads\/2022\/09\/vinove_leather-ivory-1-1920x800_.jpg' alt='' title='VINOVE_leather-IVORY-1-1920x800_'  height=\"800\" width=\"1920\"  itemprop=\"thumbnailUrl\"  \/><\/a><\/div><\/div><\/div>\n\n<style type=\"text\/css\" data-created_by=\"avia_inline_auto\" id=\"style-css-av-av_one_full-0d9dbec7e98bcca5858b02aa65ecdb09\">\n.flex_column.av-av_one_full-0d9dbec7e98bcca5858b02aa65ecdb09{\nborder-radius:0px 0px 0px 0px;\npadding:0px 0px 0px 0px;\n}\n<\/style>\n<div  class='flex_column av-av_one_full-0d9dbec7e98bcca5858b02aa65ecdb09 av_one_full  avia-builder-el-1  el_after_av_image  el_before_av_layout_row  avia-builder-el-last  first flex_column_div av-animated-generic left-to-right av-zero-column-padding  '     ><style type=\"text\/css\" data-created_by=\"avia_inline_auto\" id=\"style-css-av-av_heading-7f6998df7c97aad0f587be119b4daea5\">\n#top .av-special-heading.av-av_heading-7f6998df7c97aad0f587be119b4daea5{\npadding-bottom:10px;\n}\nbody .av-special-heading.av-av_heading-7f6998df7c97aad0f587be119b4daea5 .av-special-heading-tag .heading-char{\nfont-size:25px;\n}\n.av-special-heading.av-av_heading-7f6998df7c97aad0f587be119b4daea5 .av-subheading{\nfont-size:15px;\n}\n<\/style>\n<div  class='av-special-heading av-av_heading-7f6998df7c97aad0f587be119b4daea5 av-special-heading-h3 blockquote modern-quote modern-centered  avia-builder-el-2  avia-builder-el-no-sibling '><h3 class='av-special-heading-tag '  itemprop=\"headline\"  >Classic Leather Line<\/h3><div class=\"special-heading-border\"><div class=\"special-heading-inner-border\"><\/div><\/div><\/div><\/div>\n<\/div><\/div><\/div><!-- close content main div --><\/div><\/div><div id='av-layout-grid-1'  class='av-layout-grid-container av-av_layout_row-eb6e709a120cd01c33793e628f89df43 entry-content-wrapper main_color av-flex-cells  avia-builder-el-3  el_after_av_one_full  el_before_av_textblock  grid-row-not-first  container_wrap fullsize'  >\n\n<style type=\"text\/css\" data-created_by=\"avia_inline_auto\" id=\"style-css-av-av_cell_one_third-8637876d7ab1f564e0042c4c01799ecf\">\n.flex_cell.av-av_cell_one_third-8637876d7ab1f564e0042c4c01799ecf{\nvertical-align:top;\nheight:400px;\nmin-height:400px;\n}\n.responsive #top #wrap_all .flex_cell.av-av_cell_one_third-8637876d7ab1f564e0042c4c01799ecf{\npadding:0px 0px 0px 0px !important;\n}\n<\/style>\n<div class='flex_cell av-av_cell_one_third-8637876d7ab1f564e0042c4c01799ecf av-gridrow-cell av_one_third no_margin  avia-builder-el-4  el_before_av_cell_one_third  avia-builder-el-first  content-align-top av-zero-padding'  ><div class='flex_cell_inner'>\n<style type=\"text\/css\" data-created_by=\"avia_inline_auto\" id=\"style-css-av-av_image-bee16a6d6b9e1fa90794050cee9088a9\">\n.avia-image-container.av-av_image-bee16a6d6b9e1fa90794050cee9088a9 img.avia_image{\nbox-shadow:none;\n}\n.avia-image-container.av-av_image-bee16a6d6b9e1fa90794050cee9088a9 .av-image-caption-overlay-center{\ncolor:#ffffff;\n}\n<\/style>\n<div  class='avia-image-container av-av_image-bee16a6d6b9e1fa90794050cee9088a9 av-styling- av-img-linked avia_animated_image av-animated-when-visible-95 left-to-right avia-align-center  avia-builder-el-5  avia-builder-el-no-sibling '   itemprop=\"image\" itemscope=\"itemscope\" itemtype=\"https:\/\/schema.org\/ImageObject\" ><div class=\"avia-image-container-inner\"><div class=\"avia-image-overlay-wrap\"><a href=\"https:\/\/vinove.pl\/fr\/fragrance-collections\/classic-leather-line\/ivory\/\" class='avia_image '  aria-label='PRO_2022-leather-IVORY_666px'><img fetchpriority=\"high\" class='wp-image-16728 avia-img-lazy-loading-not-16728 avia_image ' src='https:\/\/vinove.pl\/wp-content\/uploads\/2022\/09\/pro_2022-leather-ivory_666px.jpg' alt='' title='PRO_2022-leather-IVORY_666px'  height=\"666\" width=\"666\"  itemprop=\"thumbnailUrl\"  \/><\/a><\/div><\/div><\/div>\n<\/div><\/div>\n<style type=\"text\/css\" data-created_by=\"avia_inline_auto\" id=\"style-css-av-av_cell_one_third-8637876d7ab1f564e0042c4c01799ecf\">\n.flex_cell.av-av_cell_one_third-8637876d7ab1f564e0042c4c01799ecf{\nvertical-align:top;\nheight:400px;\nmin-height:400px;\n}\n.responsive #top #wrap_all .flex_cell.av-av_cell_one_third-8637876d7ab1f564e0042c4c01799ecf{\npadding:0px 0px 0px 0px !important;\n}\n<\/style>\n<div class='flex_cell av-av_cell_one_third-8637876d7ab1f564e0042c4c01799ecf av-gridrow-cell av_one_third no_margin  avia-builder-el-6  el_after_av_cell_one_third  el_before_av_cell_one_third  content-align-top av-zero-padding'  ><div class='flex_cell_inner'>\n<style type=\"text\/css\" data-created_by=\"avia_inline_auto\" id=\"style-css-av-av_image-049322499fba3992bce87f3fdba6ef6f\">\n.avia-image-container.av-av_image-049322499fba3992bce87f3fdba6ef6f img.avia_image{\nbox-shadow:none;\n}\n.avia-image-container.av-av_image-049322499fba3992bce87f3fdba6ef6f .av-image-caption-overlay-center{\ncolor:#ffffff;\n}\n<\/style>\n<div  class='avia-image-container av-av_image-049322499fba3992bce87f3fdba6ef6f av-styling- av-img-linked avia_animated_image av-animated-when-visible-95 left-to-right avia-align-center  avia-builder-el-7  avia-builder-el-no-sibling '   itemprop=\"image\" itemscope=\"itemscope\" itemtype=\"https:\/\/schema.org\/ImageObject\" ><div class=\"avia-image-container-inner\"><div class=\"avia-image-overlay-wrap\"><a href=\"https:\/\/vinove.pl\/fr\/fragrance-collections\/classic-leather-line\/eclipse\/\" class='avia_image '  aria-label='PRO_2022-leather-ECLIPSE_666px_new'><img fetchpriority=\"high\" class='wp-image-16752 avia-img-lazy-loading-not-16752 avia_image ' src='https:\/\/vinove.pl\/wp-content\/uploads\/2022\/09\/pro_2022-leather-eclipse_666px_new.jpg' alt='' title='PRO_2022-leather-ECLIPSE_666px_new'  height=\"666\" width=\"666\"  itemprop=\"thumbnailUrl\"  \/><\/a><\/div><\/div><\/div>\n<\/div><\/div>\n<style type=\"text\/css\" data-created_by=\"avia_inline_auto\" id=\"style-css-av-av_cell_one_third-8637876d7ab1f564e0042c4c01799ecf\">\n.flex_cell.av-av_cell_one_third-8637876d7ab1f564e0042c4c01799ecf{\nvertical-align:top;\nheight:400px;\nmin-height:400px;\n}\n.responsive #top #wrap_all .flex_cell.av-av_cell_one_third-8637876d7ab1f564e0042c4c01799ecf{\npadding:0px 0px 0px 0px !important;\n}\n<\/style>\n<div class='flex_cell av-av_cell_one_third-8637876d7ab1f564e0042c4c01799ecf av-gridrow-cell av_one_third no_margin  avia-builder-el-8  el_after_av_cell_one_third  avia-builder-el-last  content-align-top av-zero-padding'  ><div class='flex_cell_inner'>\n<style type=\"text\/css\" data-created_by=\"avia_inline_auto\" id=\"style-css-av-av_image-133c089afaac445530738f9420a87ee5\">\n.avia-image-container.av-av_image-133c089afaac445530738f9420a87ee5 img.avia_image{\nbox-shadow:none;\n}\n.avia-image-container.av-av_image-133c089afaac445530738f9420a87ee5 .av-image-caption-overlay-center{\ncolor:#ffffff;\n}\n<\/style>\n<div  class='avia-image-container av-av_image-133c089afaac445530738f9420a87ee5 av-styling- av-img-linked avia_animated_image av-animated-when-visible-95 left-to-right avia-align-center  avia-builder-el-9  avia-builder-el-no-sibling '   itemprop=\"image\" itemscope=\"itemscope\" itemtype=\"https:\/\/schema.org\/ImageObject\" ><div class=\"avia-image-container-inner\"><div class=\"avia-image-overlay-wrap\"><a href=\"https:\/\/vinove.pl\/fr\/fragrance-collections\/classic-leather-line\/espresso\/\" class='avia_image '  aria-label='PRO_2022-leather-ESPRESSO_666px_new'><img fetchpriority=\"high\" class='wp-image-16746 avia-img-lazy-loading-not-16746 avia_image ' src='https:\/\/vinove.pl\/wp-content\/uploads\/2022\/09\/pro_2022-leather-espresso_666px_new.jpg' alt='' title='PRO_2022-leather-ESPRESSO_666px_new'  height=\"666\" width=\"666\"  itemprop=\"thumbnailUrl\"  \/><\/a><\/div><\/div><\/div>\n<\/div><\/div><\/div><div id='after_grid_row_1'  class='main_color av_default_container_wrap container_wrap fullsize'  ><div class='container av-section-cont-open' ><div class='template-page content  av-content-full alpha units'><div class='post-entry post-entry-type-page post-entry-18657'><div class='entry-content-wrapper clearfix'><section  class='av_textblock_section av-av_textblock-396ddf1f42196ca838231e61a4602801 '   itemscope=\"itemscope\" itemtype=\"https:\/\/schema.org\/CreativeWork\" ><div class='avia_textblock'  itemprop=\"text\" ><p>face avant du produit rev\u00eatue de cuir \u00e9cologique en couleurs:<strong> \u00c9cru, gris et brun<\/strong><\/p>\n<\/div><\/section><\/p>\n<section  class='av_textblock_section av-av_textblock-eab9c45d5766e56c6cb7827c67eefa7c '   itemscope=\"itemscope\" itemtype=\"https:\/\/schema.org\/CreativeWork\" ><div class='avia_textblock'  itemprop=\"text\" ><\/div><\/section>\n<\/div><\/div><\/div><!-- close content main div --><\/div><\/div><div id='full_slider_1'  class='avia-fullwidth-slider main_color avia-shadow   avia-builder-el-12  el_after_av_textblock  el_before_av_textblock   slider-not-first container_wrap fullsize'  ><div  class='avia-slideshow av-av_slideshow_full-bfe236817a55c37e18f0221783e704f9 avia-slideshow-no scaling av_slideshow_full avia-slide-slider av-slideshow-ui av-control-hidden av-no-slider-navigation av-hide-nav-arrows av-slideshow-autoplay av-loop-endless av-loop-manual-endless av-default-height-applied   avia-slideshow-1' data-slideshow-options=\"{&quot;animation&quot;:&quot;slide&quot;,&quot;autoplay&quot;:true,&quot;loop_autoplay&quot;:&quot;endless&quot;,&quot;interval&quot;:6,&quot;loop_manual&quot;:&quot;manual-endless&quot;,&quot;autoplay_stopper&quot;:false,&quot;noNavigation&quot;:true,&quot;bg_slider&quot;:false,&quot;keep_padding&quot;:false,&quot;hoverpause&quot;:false,&quot;show_slide_delay&quot;:0}\"  itemprop=\"image\" itemscope=\"itemscope\" itemtype=\"https:\/\/schema.org\/ImageObject\" ><ul class='avia-slideshow-inner ' style='padding-bottom: 25%;'><li  class='avia-slideshow-slide av-av_slideshow_full-bfe236817a55c37e18f0221783e704f9__0  slide-1 slide-odd'><div data-rel='slideshow-1' class='avia-slide-wrap '   ><div class='av-slideshow-caption av-av_slideshow_full-bfe236817a55c37e18f0221783e704f9__0 caption_fullwidth caption_bottom'><div class=\"container caption_container\"><div class=\"slideshow_caption\"><div class=\"slideshow_inner_caption\"><div class=\"slideshow_align_caption\"><h2 class='avia-caption-title '  itemprop=\"name\" >VINOVE<\/h2><div class='avia-caption-content '  itemprop=\"description\" ><p>prawdziwe perfumy<br \/>\nw Twoim samochodzie<\/p>\n<\/div><\/div><\/div><\/div><\/div><\/div><img fetchpriority=\"high\" class=\"wp-image-1072 avia-img-lazy-loading-not-1072\"  src='https:\/\/vinove.pl\/wp-content\/uploads\/2017\/04\/VINOVE-womens-fragrances-perfumy-samochodowex2.jpg' width='1000' height='250' title='VINOVE woman&#039;s fragrances - perfumy samochodowe' alt='VINOVE woman&#039;s fragrances - perfumy samochodowe'  itemprop=\"thumbnailUrl\"   \/><\/div><\/li><li  class='avia-slideshow-slide av-av_slideshow_full-bfe236817a55c37e18f0221783e704f9__1  slide-2 slide-even'><div data-rel='slideshow-1' class='avia-slide-wrap '   ><div class='av-slideshow-caption av-av_slideshow_full-bfe236817a55c37e18f0221783e704f9__1 caption_fullwidth caption_bottom'><div class=\"container caption_container\"><div class=\"slideshow_caption\"><div class=\"slideshow_inner_caption\"><div class=\"slideshow_align_caption\"><h2 class='avia-caption-title '  itemprop=\"name\" >VINOVE<\/h2><div class='avia-caption-content '  itemprop=\"description\" ><p>perfumy przyjazne<br \/>\ndla wn\u0119trza auta<\/p>\n<\/div><\/div><\/div><\/div><\/div><\/div><img fetchpriority=\"high\" class=\"wp-image-972 avia-img-lazy-loading-not-972\"  src='https:\/\/vinove.pl\/wp-content\/uploads\/2017\/04\/VINOVE-kondensator-zapachu-std-GC4A0508.jpg' width='2000' height='500' title='VINOVE samochodowy kondensator zapachu' alt='VINOVE samochodowy kondensator zapachu'  itemprop=\"thumbnailUrl\"   \/><\/div><\/li><\/ul><div class='avia-slideshow-arrows avia-slideshow-controls' ><a href='#prev' class='prev-slide  avia-svg-icon avia-font-svg_entypo-fontello' data-av_svg_icon='left-open-big' data-av_iconset='svg_entypo-fontello' tabindex='-1' title=\"Pr\u00e9c\u00e9dent\"><svg version=\"1.1\" xmlns=\"http:\/\/www.w3.org\/2000\/svg\" width=\"15\" height=\"32\" viewBox=\"0 0 15 32\" preserveAspectRatio=\"xMidYMid meet\" aria-labelledby='av-svg-title-1' aria-describedby='av-svg-desc-1' role=\"graphics-symbol\" aria-hidden=\"true\">\n<title id='av-svg-title-1'>Pr\u00e9c\u00e9dent<\/title>\n<desc id='av-svg-desc-1'>Pr\u00e9c\u00e9dent<\/desc>\n<path d=\"M14.464 27.84q0.832 0.832 0 1.536-0.832 0.832-1.536 0l-12.544-12.608q-0.768-0.768 0-1.6l12.544-12.608q0.704-0.832 1.536 0 0.832 0.704 0 1.536l-11.456 11.904z\"><\/path>\n<\/svg><span class='avia_hidden_link_text'>Pr\u00e9c\u00e9dent<\/span><\/a><a href='#next' class='next-slide  avia-svg-icon avia-font-svg_entypo-fontello' data-av_svg_icon='right-open-big' data-av_iconset='svg_entypo-fontello' tabindex='-1' title=\"Suivant\"><svg version=\"1.1\" xmlns=\"http:\/\/www.w3.org\/2000\/svg\" width=\"15\" height=\"32\" viewBox=\"0 0 15 32\" preserveAspectRatio=\"xMidYMid meet\" aria-labelledby='av-svg-title-2' aria-describedby='av-svg-desc-2' role=\"graphics-symbol\" aria-hidden=\"true\">\n<title id='av-svg-title-2'>Suivant<\/title>\n<desc id='av-svg-desc-2'>Suivant<\/desc>\n<path d=\"M0.416 27.84l11.456-11.84-11.456-11.904q-0.832-0.832 0-1.536 0.832-0.832 1.536 0l12.544 12.608q0.768 0.832 0 1.6l-12.544 12.608q-0.704 0.832-1.536 0-0.832-0.704 0-1.536z\"><\/path>\n<\/svg><span class='avia_hidden_link_text'>Suivant<\/span><\/a><\/div><\/div><\/div><div id='after_full_slider_1'  class='main_color av_default_container_wrap container_wrap fullsize'  ><div class='container av-section-cont-open' ><div class='template-page content  av-content-full alpha units'><div class='post-entry post-entry-type-page post-entry-18657'><div class='entry-content-wrapper clearfix'>\n<section  class='av_textblock_section av-av_textblock-eab9c45d5766e56c6cb7827c67eefa7c '   itemscope=\"itemscope\" itemtype=\"https:\/\/schema.org\/CreativeWork\" ><div class='avia_textblock'  itemprop=\"text\" ><\/div><\/section>\n<\/div><\/div><\/div><!-- close content main div --><\/div><\/div><div id='av_section_1'  class='avia-section av-av_section-d18d8c2c81d10022ebd21ffa95322c35 main_color avia-section-default avia-no-shadow  avia-builder-el-14  el_after_av_textblock  avia-builder-el-last  avia-bg-style-scroll container_wrap fullsize'  ><div class='container av-section-cont-open' ><div class='template-page content  av-content-full alpha units'><div class='post-entry post-entry-type-page post-entry-18657'><div class='entry-content-wrapper clearfix'>\n\n<style type=\"text\/css\" data-created_by=\"avia_inline_auto\" id=\"style-css-av-av_one_full-9497bbf8bff73ea4c6992cc17fa9ec36\">\n.flex_column.av-av_one_full-9497bbf8bff73ea4c6992cc17fa9ec36{\nborder-radius:0px 0px 0px 0px;\npadding:0px 0px 0px 0px;\n}\n<\/style>\n<div  class='flex_column av-av_one_full-9497bbf8bff73ea4c6992cc17fa9ec36 av_one_full  avia-builder-el-15  el_before_av_one_third  avia-builder-el-first  first flex_column_div av-zero-column-padding  '     ><article  class='iconbox iconbox_top av-av_icon_box-323874d6ed50129bef7cfb1e060b5220  avia-builder-el-16  avia-builder-el-no-sibling  main_color'  itemscope=\"itemscope\" itemtype=\"https:\/\/schema.org\/CreativeWork\" ><div class=\"iconbox_content\"><header class=\"entry-content-header\" aria-label=\"Ic\u00f4ne : S\u00c9CURIT\u00c9\"><div class='iconbox_icon heading-color avia-iconfont avia-font-entypo-fontello' data-av_icon='\ue8c2' data-av_iconfont='entypo-fontello'  ><\/div><h3 class='iconbox_content_title '  itemprop=\"headline\" >S\u00c9CURIT\u00c9<\/h3><\/header><div class='iconbox_content_container '  itemprop=\"text\" ><p><span lang=\"fr-FR\">Sans danger pour le cockpit et le rembourrage. Les parfums de voiture VINOVE sont contenus dans un polym\u00e8re durable, parfaitement sans danger pour l\u2019int\u00e9rieur de la voiture, qui contient un condenseur de parfum avec un bo\u00eetier. Des tests ont d\u00e9montr\u00e9 la pleine r\u00e9sistance de ces parfums aux hautes et basses temp\u00e9ratures. Aucun des composants utilis\u00e9s dans les parfums VINOVE n&rsquo;est nocif pour les mat\u00e9riaux utilis\u00e9s dans les int\u00e9rieurs de voiture. Le condensateur de parfum VINOVE est en \u00e9tat solide, de sorte qu&rsquo;aucune substance ne lui \u00e9chappe &#8211; seule une odeur unique.<\/span><\/p>\n<\/div><\/div><footer class=\"entry-footer\"><\/footer><\/article><\/div>\n<style type=\"text\/css\" data-created_by=\"avia_inline_auto\" id=\"style-css-av-av_one_third-9497bbf8bff73ea4c6992cc17fa9ec36\">\n.flex_column.av-av_one_third-9497bbf8bff73ea4c6992cc17fa9ec36{\nborder-radius:0px 0px 0px 0px;\npadding:0px 0px 0px 0px;\n}\n<\/style>\n<div  class='flex_column av-av_one_third-9497bbf8bff73ea4c6992cc17fa9ec36 av_one_third  avia-builder-el-17  el_after_av_one_full  el_before_av_one_third  first flex_column_div av-zero-column-padding  column-top-margin'     ><article  class='iconbox iconbox_top av-av_icon_box-f9a2aa6b48aac3c2b7d4e8ac4807fafd  avia-builder-el-18  avia-builder-el-no-sibling  main_color'  itemscope=\"itemscope\" itemtype=\"https:\/\/schema.org\/CreativeWork\" ><div class=\"iconbox_content\"><header class=\"entry-content-header\" aria-label=\"Ic\u00f4ne : DESIGN ITALIEN\"><div class='iconbox_icon heading-color avia-iconfont avia-font-entypo-fontello' data-av_icon='\ue827' data-av_iconfont='entypo-fontello'  ><\/div><h3 class='iconbox_content_title '  itemprop=\"headline\" >DESIGN ITALIEN<\/h3><\/header><div class='iconbox_content_container '  itemprop=\"text\" ><p lang=\"fr-FR\">La forme noble des parfums de voiture VINOVE s\u2019inscrit parfaitement dans le style des voitures modernes.<\/p>\n<\/div><\/div><footer class=\"entry-footer\"><\/footer><\/article><\/div>\n<style type=\"text\/css\" data-created_by=\"avia_inline_auto\" id=\"style-css-av-av_one_third-9c1d454dc06f7247226bc4e8f931daae\">\n.flex_column.av-av_one_third-9c1d454dc06f7247226bc4e8f931daae{\nborder-radius:0px 0px 0px 0px;\npadding:0px 0px 0px 0px;\n}\n<\/style>\n<div  class='flex_column av-av_one_third-9c1d454dc06f7247226bc4e8f931daae av_one_third  avia-builder-el-19  el_after_av_one_third  el_before_av_one_third  flex_column_div av-zero-column-padding  column-top-margin'     ><article  class='iconbox iconbox_top av-av_icon_box-06890a7edb2d4d2e406451098546442b  avia-builder-el-20  avia-builder-el-no-sibling  main_color'  itemscope=\"itemscope\" itemtype=\"https:\/\/schema.org\/CreativeWork\" ><div class=\"iconbox_content\"><header class=\"entry-content-header\" aria-label=\"Ic\u00f4ne : UNICITE DU PARFUM\"><div class='iconbox_icon heading-color avia-iconfont avia-font-entypo-fontello' data-av_icon='\ue858' data-av_iconfont='entypo-fontello'  ><\/div><h3 class='iconbox_content_title '  itemprop=\"headline\" >UNICITE DU PARFUM<\/h3><\/header><div class='iconbox_content_container '  itemprop=\"text\" ><p><span lang=\"fr-FR\">Le p\u00e9digr\u00e9e fran\u00e7ais des recettes de parfum VINOVE offre des combinaisons sophistiqu\u00e9es de notes parfum\u00e9es. Votre voiture gagnera une dimension suppl\u00e9mentaire d&rsquo;\u00e9l\u00e9gance.<\/span><\/p>\n<\/div><\/div><footer class=\"entry-footer\"><\/footer><\/article><\/div>\n<style type=\"text\/css\" data-created_by=\"avia_inline_auto\" id=\"style-css-av-av_one_third-9c1d454dc06f7247226bc4e8f931daae\">\n.flex_column.av-av_one_third-9c1d454dc06f7247226bc4e8f931daae{\nborder-radius:0px 0px 0px 0px;\npadding:0px 0px 0px 0px;\n}\n<\/style>\n<div  class='flex_column av-av_one_third-9c1d454dc06f7247226bc4e8f931daae av_one_third  avia-builder-el-21  el_after_av_one_third  avia-builder-el-last  flex_column_div av-zero-column-padding  column-top-margin'     ><article  class='iconbox iconbox_top av-av_icon_box-4c210092fa59438842d56523ae7381f4  avia-builder-el-22  avia-builder-el-no-sibling  main_color'  itemscope=\"itemscope\" itemtype=\"https:\/\/schema.org\/CreativeWork\" ><div class=\"iconbox_content\"><header class=\"entry-content-header\" aria-label=\"Ic\u00f4ne : DURABILITE DE PARFUM\"><div class='iconbox_icon heading-color avia-iconfont avia-font-entypo-fontello' data-av_icon='\ue8c4' data-av_iconfont='entypo-fontello'  ><\/div><h3 class='iconbox_content_title '  itemprop=\"headline\" >DURABILITE DE PARFUM<\/h3><\/header><div class='iconbox_content_container '  itemprop=\"text\" ><p><span lang=\"fr-FR\">Les parfums de voiture VINOVE ont une odeur de 90 jours. Le parfum discret se d\u00e9gage lentement gr\u00e2ce aux essences de parfum concentr\u00e9es et aux polym\u00e8res de technologie avanc\u00e9e utilis\u00e9s comme support de parfum.<\/span><\/p>\n<\/div><\/div><footer class=\"entry-footer\"><\/footer><\/article><\/div>\n\n","protected":false},"excerpt":{"rendered":"","protected":false},"author":3,"featured_media":0,"parent":8664,"menu_order":2,"comment_status":"closed","ping_status":"closed","template":"","meta":{"footnotes":""},"class_list":["post-18657","page","type-page","status-publish","hentry"],"_links":{"self":[{"href":"https:\/\/vinove.pl\/fr\/wp-json\/wp\/v2\/pages\/18657","targetHints":{"allow":["GET"]}}],"collection":[{"href":"https:\/\/vinove.pl\/fr\/wp-json\/wp\/v2\/pages"}],"about":[{"href":"https:\/\/vinove.pl\/fr\/wp-json\/wp\/v2\/types\/page"}],"author":[{"embeddable":true,"href":"https:\/\/vinove.pl\/fr\/wp-json\/wp\/v2\/users\/3"}],"replies":[{"embeddable":true,"href":"https:\/\/vinove.pl\/fr\/wp-json\/wp\/v2\/comments?post=18657"}],"version-history":[{"count":4,"href":"https:\/\/vinove.pl\/fr\/wp-json\/wp\/v2\/pages\/18657\/revisions"}],"predecessor-version":[{"id":18661,"href":"https:\/\/vinove.pl\/fr\/wp-json\/wp\/v2\/pages\/18657\/revisions\/18661"}],"up":[{"embeddable":true,"href":"https:\/\/vinove.pl\/fr\/wp-json\/wp\/v2\/pages\/8664"}],"wp:attachment":[{"href":"https:\/\/vinove.pl\/fr\/wp-json\/wp\/v2\/media?parent=18657"}],"curies":[{"name":"wp","href":"https:\/\/api.w.org\/{rel}","templated":true}]}}