{"id":3481,"date":"2017-02-24T22:57:57","date_gmt":"2017-02-24T20:57:57","guid":{"rendered":"https:\/\/vinove.pl\/?page_id=3481"},"modified":"2020-02-04T23:54:26","modified_gmt":"2020-02-04T21:54:26","slug":"technologie","status":"publish","type":"page","link":"https:\/\/vinove.pl\/de\/exklusive-vinove-auto-perfums\/technologie\/","title":{"rendered":"Technologie"},"content":{"rendered":"<div id='layer_slider_1'  class='avia-layerslider main_color avia-shadow  avia-builder-el-0  el_before_av_one_full  avia-builder-el-first  container_wrap fullsize'  style='height: 478px;'  ><\/div><div id='after_layer_slider_1'  class='main_color av_default_container_wrap container_wrap fullsize'  ><div class='container av-section-cont-open' ><div class='template-page content  av-content-full alpha units'><div class='post-entry post-entry-type-page post-entry-3481'><div class='entry-content-wrapper clearfix'>\n\n<style type=\"text\/css\" data-created_by=\"avia_inline_auto\" id=\"style-css-av-av_one_full-0d9dbec7e98bcca5858b02aa65ecdb09\">\n.flex_column.av-av_one_full-0d9dbec7e98bcca5858b02aa65ecdb09{\nborder-radius:0px 0px 0px 0px;\npadding:0px 0px 0px 0px;\n}\n<\/style>\n<div  class='flex_column av-av_one_full-0d9dbec7e98bcca5858b02aa65ecdb09 av_one_full  avia-builder-el-1  el_after_av_layerslider  el_before_av_layout_row  avia-builder-el-no-sibling  first flex_column_div av-animated-generic left-to-right av-zero-column-padding  '     ><p>\n<style type=\"text\/css\" data-created_by=\"avia_inline_auto\" id=\"style-css-av-av_heading-4866366392dedd334fb9e8e64a67a1a5\">\n#top .av-special-heading.av-av_heading-4866366392dedd334fb9e8e64a67a1a5{\npadding-bottom:10px;\n}\nbody .av-special-heading.av-av_heading-4866366392dedd334fb9e8e64a67a1a5 .av-special-heading-tag .heading-char{\nfont-size:25px;\n}\n.av-special-heading.av-av_heading-4866366392dedd334fb9e8e64a67a1a5 .av-subheading{\nfont-size:15px;\n}\n<\/style>\n<div  class='av-special-heading av-av_heading-4866366392dedd334fb9e8e64a67a1a5 av-special-heading-h3  avia-builder-el-2  el_before_av_textblock  avia-builder-el-first '><h3 class='av-special-heading-tag '  itemprop=\"headline\"  >TECHNOLOGIE<\/h3><div class=\"special-heading-border\"><div class=\"special-heading-inner-border\"><\/div><\/div><\/div><br \/>\n<section  class='av_textblock_section av-av_textblock-396ddf1f42196ca838231e61a4602801 '   itemscope=\"itemscope\" itemtype=\"https:\/\/schema.org\/CreativeWork\" ><div class='avia_textblock'  itemprop=\"text\" ><p>VINOVE &#8211; INNOVATION<\/p>\n<p>Zur Produktion VINOVE Auto-Parfums wurde von uns Technologie des 21. Jahrhunderts verwendet. Wir haben das Wissen, die Offenheit und die Erfahrung eines Teams von Wissenschaftlern genutzt und unsere D\u00fcfte zusammen mit ihnen in einem innovativen Polymer verdichtet. Wir gaben ihm so eine Form, so dass die Luft aus den Auto Entl\u00fcftungen sanft durch das Polymerlabyrinth ausstr\u00f6mt und den Duft subtil und lang anhaltend freisetzt &#8211; bis zu 90 Tage.<\/p>\n<p>Bei der Gestaltung des Dufttr\u00e4gers haben wir seine Gebrauchseigenschaften ber\u00fccksichtigt: die Langlebigkeit der Duftfreisetzung, Sicherheit f\u00fcr die Polsterung und das Cockpit des Autos, sowie der exklusive Look, der mit dem Stil moderner Autos harmonisiert.<\/p>\n<\/div><\/section><\/p><\/div>\n<\/div><\/div><\/div><!-- close content main div --><\/div><\/div><div id='av-layout-grid-1'  class='av-layout-grid-container av-av_layout_row-caf1f26e08707a2ebe9176b630e736c2 entry-content-wrapper main_color av-flex-cells  avia-builder-el-4  el_after_av_one_full  avia-builder-el-last  grid-row-not-first  container_wrap fullsize'  >\n\n<style type=\"text\/css\" data-created_by=\"avia_inline_auto\" id=\"style-css-av-av_cell_one_third-5227a743201b625eadc00b27db60eab9\">\n.flex_cell.av-av_cell_one_third-5227a743201b625eadc00b27db60eab9{\nvertical-align:top;\n}\n.responsive #top #wrap_all .flex_cell.av-av_cell_one_third-5227a743201b625eadc00b27db60eab9{\npadding:30px 30px 30px 30px !important;\n}\n<\/style>\n<div class='flex_cell av-av_cell_one_third-5227a743201b625eadc00b27db60eab9 av-gridrow-cell av_one_third no_margin  avia-builder-el-5  el_before_av_cell_one_third  avia-builder-el-first  content-align-top'  ><div class='flex_cell_inner'><p><div  class='avia-slideshow av-av_slideshow-4e67901136ce857e1604e055048f7d21 avia-slideshow-masonry av_slideshow avia-fade-slider  avia-builder-el-6  el_before_av_heading  avia-builder-el-first  av-slideshow-ui av-control-hidden av-no-slider-navigation av-hide-nav-arrows av-slideshow-manual av-loop-once av-loop-manual-endless av-default-height-applied avia-slideshow-1' data-slideshow-options=\"{&quot;animation&quot;:&quot;fade&quot;,&quot;autoplay&quot;:false,&quot;loop_autoplay&quot;:&quot;once&quot;,&quot;interval&quot;:6,&quot;loop_manual&quot;:&quot;manual-endless&quot;,&quot;autoplay_stopper&quot;:false,&quot;noNavigation&quot;:true,&quot;bg_slider&quot;:false,&quot;keep_padding&quot;:false,&quot;hoverpause&quot;:false,&quot;show_slide_delay&quot;:0}\"  itemprop=\"image\" itemscope=\"itemscope\" itemtype=\"https:\/\/schema.org\/ImageObject\" ><ul class='avia-slideshow-inner ' style='padding-bottom: 100%;'><li  class='avia-slideshow-slide av-av_slideshow-4e67901136ce857e1604e055048f7d21__0  av-single-slide slide-1 slide-odd'><a href=\"https:\/\/vinove.pl\/de\/telefonkontakt\/\"  data-rel='slideshow-1' class='avia-slide-wrap '   ><img fetchpriority=\"high\" class=\"wp-image-3413 avia-img-lazy-loading-not-3413\"  src='https:\/\/vinove.pl\/wp-content\/uploads\/2016\/10\/stojak-ekspozycyjny-vinove-pos-plex.jpg' width='700' height='700' title='stojak-ekspozycyjny-vinove-pos-plex' alt='stojak ekspozycyjny VINOVE'  itemprop=\"thumbnailUrl\"   \/><\/a><\/li><\/ul><\/div><br \/>\n\n<style type=\"text\/css\" data-created_by=\"avia_inline_auto\" id=\"style-css-av-av_heading-fd07e7d757301ddf695a1a6cc278b1eb\">\n#top .av-special-heading.av-av_heading-fd07e7d757301ddf695a1a6cc278b1eb{\npadding-bottom:10px;\n}\nbody .av-special-heading.av-av_heading-fd07e7d757301ddf695a1a6cc278b1eb .av-special-heading-tag .heading-char{\nfont-size:25px;\n}\n.av-special-heading.av-av_heading-fd07e7d757301ddf695a1a6cc278b1eb .av-subheading{\nfont-size:15px;\n}\n<\/style>\n<div  class='av-special-heading av-av_heading-fd07e7d757301ddf695a1a6cc278b1eb av-special-heading-h3  avia-builder-el-7  el_after_av_slideshow  el_before_av_textblock '><h3 class='av-special-heading-tag '  itemprop=\"headline\"  >BESTELLEN SIE<\/h3><div class=\"special-heading-border\"><div class=\"special-heading-inner-border\"><\/div><\/div><\/div><br \/>\n<section  class='av_textblock_section av-av_textblock-396ddf1f42196ca838231e61a4602801 '   itemscope=\"itemscope\" itemtype=\"https:\/\/schema.org\/CreativeWork\" ><div class='avia_textblock'  itemprop=\"text\" ><p><a href=\"https:\/\/vinove.pl\/de\/telefonkontakt\/\">Telefonkontakt &gt;<\/a><\/p>\n<\/div><\/section><\/p>\n<\/div><\/div>\n<style type=\"text\/css\" data-created_by=\"avia_inline_auto\" id=\"style-css-av-av_cell_one_third-5227a743201b625eadc00b27db60eab9\">\n.flex_cell.av-av_cell_one_third-5227a743201b625eadc00b27db60eab9{\nvertical-align:top;\n}\n.responsive #top #wrap_all .flex_cell.av-av_cell_one_third-5227a743201b625eadc00b27db60eab9{\npadding:30px 30px 30px 30px !important;\n}\n<\/style>\n<div class='flex_cell av-av_cell_one_third-5227a743201b625eadc00b27db60eab9 av-gridrow-cell av_one_third no_margin  avia-builder-el-9  el_after_av_cell_one_third  el_before_av_cell_one_third  content-align-top'  ><div class='flex_cell_inner'><p><div  class='avia-slideshow av-av_slideshow-fe4e4dd373d824f627b46d6f39cea4d0 avia-slideshow-masonry av_slideshow avia-fade-slider  avia-builder-el-10  el_before_av_heading  avia-builder-el-first  av-slideshow-ui av-control-hidden av-no-slider-navigation av-hide-nav-arrows av-slideshow-autoplay av-loop-endless av-loop-manual-endless av-default-height-applied avia-slideshow-2' data-slideshow-options=\"{&quot;animation&quot;:&quot;fade&quot;,&quot;autoplay&quot;:true,&quot;loop_autoplay&quot;:&quot;endless&quot;,&quot;interval&quot;:6,&quot;loop_manual&quot;:&quot;manual-endless&quot;,&quot;autoplay_stopper&quot;:false,&quot;noNavigation&quot;:true,&quot;bg_slider&quot;:false,&quot;keep_padding&quot;:false,&quot;hoverpause&quot;:false,&quot;show_slide_delay&quot;:0}\"  itemprop=\"image\" itemscope=\"itemscope\" itemtype=\"https:\/\/schema.org\/ImageObject\" ><ul class='avia-slideshow-inner ' style='padding-bottom: 100%;'><li  class='avia-slideshow-slide av-av_slideshow-fe4e4dd373d824f627b46d6f39cea4d0__0  slide-1 slide-odd'><a href=\"https:\/\/vinove.pl\/de\/exklusive-vinove-auto-perfums\/technologie\/\"  data-rel='slideshow-2' class='avia-slide-wrap '   ><img fetchpriority=\"high\" class=\"wp-image-3453 avia-img-lazy-loading-not-3453\"  src='https:\/\/vinove.pl\/wp-content\/uploads\/2017\/02\/VINOVE-kondensator-zapachu-od-przodu-705x705.jpg' width='705' height='705' title='VINOVE-kondensator-zapachu-od-przodu' alt='VINOVE kondensator zapachu - widok od przodu'  itemprop=\"thumbnailUrl\"   \/><\/a><\/li><li  class='avia-slideshow-slide av-av_slideshow-fe4e4dd373d824f627b46d6f39cea4d0__1  slide-2 slide-even'><a href=\"https:\/\/vinove.pl\/de\/exklusive-vinove-auto-perfums\/technologie\/\"  data-rel='slideshow-2' class='avia-slide-wrap '   ><img fetchpriority=\"high\" class=\"wp-image-3452 avia-img-lazy-loading-not-3452\"  src='https:\/\/vinove.pl\/wp-content\/uploads\/2017\/02\/VINOVE-kondensator-zapachu-od-boku-705x705.jpg' width='705' height='705' title='VINOVE-kondensator-zapachu-od-boku' alt='VINOVE kondensator zapachu - widok z boku'  itemprop=\"thumbnailUrl\"   \/><\/a><\/li><li  class='avia-slideshow-slide av-av_slideshow-fe4e4dd373d824f627b46d6f39cea4d0__2  slide-3 slide-odd'><a href=\"https:\/\/vinove.pl\/de\/exklusive-vinove-auto-perfums\/technologie\/\"  data-rel='slideshow-2' class='avia-slide-wrap '   ><img fetchpriority=\"high\" class=\"wp-image-3454 avia-img-lazy-loading-not-3454\"  src='https:\/\/vinove.pl\/wp-content\/uploads\/2017\/02\/VINOVE-kondensator-zapachu-od-tylu-705x705.jpg' width='705' height='705' title='VINOVE-kondensator-zapachu-od-tylu' alt='VINOVE kondensator zapachu - widok od ty\u0142u'  itemprop=\"thumbnailUrl\"   \/><\/a><\/li><\/ul><div class='avia-slideshow-arrows avia-slideshow-controls' ><a href='#prev' class='prev-slide  avia-svg-icon avia-font-svg_entypo-fontello' data-av_svg_icon='left-open-big' data-av_iconset='svg_entypo-fontello' tabindex='-1' title=\"Zur\u00fcck\"><svg version=\"1.1\" xmlns=\"http:\/\/www.w3.org\/2000\/svg\" width=\"15\" height=\"32\" viewBox=\"0 0 15 32\" preserveAspectRatio=\"xMidYMid meet\" aria-labelledby='av-svg-title-1' aria-describedby='av-svg-desc-1' role=\"graphics-symbol\" aria-hidden=\"true\">\n<title id='av-svg-title-1'>Zur\u00fcck<\/title>\n<desc id='av-svg-desc-1'>Zur\u00fcck<\/desc>\n<path d=\"M14.464 27.84q0.832 0.832 0 1.536-0.832 0.832-1.536 0l-12.544-12.608q-0.768-0.768 0-1.6l12.544-12.608q0.704-0.832 1.536 0 0.832 0.704 0 1.536l-11.456 11.904z\"><\/path>\n<\/svg><span class='avia_hidden_link_text'>Zur\u00fcck<\/span><\/a><a href='#next' class='next-slide  avia-svg-icon avia-font-svg_entypo-fontello' data-av_svg_icon='right-open-big' data-av_iconset='svg_entypo-fontello' tabindex='-1' title=\"Weiter\"><svg version=\"1.1\" xmlns=\"http:\/\/www.w3.org\/2000\/svg\" width=\"15\" height=\"32\" viewBox=\"0 0 15 32\" preserveAspectRatio=\"xMidYMid meet\" aria-labelledby='av-svg-title-2' aria-describedby='av-svg-desc-2' role=\"graphics-symbol\" aria-hidden=\"true\">\n<title id='av-svg-title-2'>Weiter<\/title>\n<desc id='av-svg-desc-2'>Weiter<\/desc>\n<path d=\"M0.416 27.84l11.456-11.84-11.456-11.904q-0.832-0.832 0-1.536 0.832-0.832 1.536 0l12.544 12.608q0.768 0.832 0 1.6l-12.544 12.608q-0.704 0.832-1.536 0-0.832-0.704 0-1.536z\"><\/path>\n<\/svg><span class='avia_hidden_link_text'>Weiter<\/span><\/a><\/div><\/div><br \/>\n\n<style type=\"text\/css\" data-created_by=\"avia_inline_auto\" id=\"style-css-av-av_heading-539cabdfb7c39eadf05e6aacd2bf858f\">\n#top .av-special-heading.av-av_heading-539cabdfb7c39eadf05e6aacd2bf858f{\npadding-bottom:10px;\n}\nbody .av-special-heading.av-av_heading-539cabdfb7c39eadf05e6aacd2bf858f .av-special-heading-tag .heading-char{\nfont-size:25px;\n}\n.av-special-heading.av-av_heading-539cabdfb7c39eadf05e6aacd2bf858f .av-subheading{\nfont-size:15px;\n}\n<\/style>\n<div  class='av-special-heading av-av_heading-539cabdfb7c39eadf05e6aacd2bf858f av-special-heading-h3  avia-builder-el-11  el_after_av_slideshow  el_before_av_textblock '><h3 class='av-special-heading-tag '  itemprop=\"headline\"  >DUFTKONDENSATOR<\/h3><div class=\"special-heading-border\"><div class=\"special-heading-inner-border\"><\/div><\/div><\/div><br \/>\n<section  class='av_textblock_section av-av_textblock-396ddf1f42196ca838231e61a4602801 '   itemscope=\"itemscope\" itemtype=\"https:\/\/schema.org\/CreativeWork\" ><div class='avia_textblock'  itemprop=\"text\" ><p><a href=\"https:\/\/vinove.pl\/de\/ueber-vinove-auto-perfums-2\/technologie\/\">entdecken Sie mehr &gt;<\/a><\/p>\n<\/div><\/section><\/p>\n<\/div><\/div>\n<style type=\"text\/css\" data-created_by=\"avia_inline_auto\" id=\"style-css-av-av_cell_one_third-5227a743201b625eadc00b27db60eab9\">\n.flex_cell.av-av_cell_one_third-5227a743201b625eadc00b27db60eab9{\nvertical-align:top;\n}\n.responsive #top #wrap_all .flex_cell.av-av_cell_one_third-5227a743201b625eadc00b27db60eab9{\npadding:30px 30px 30px 30px !important;\n}\n<\/style>\n<div class='flex_cell av-av_cell_one_third-5227a743201b625eadc00b27db60eab9 av-gridrow-cell av_one_third no_margin  avia-builder-el-13  el_after_av_cell_one_third  avia-builder-el-last  content-align-top'  ><div class='flex_cell_inner'><p><div  class='avia-slideshow av-av_slideshow-4e67901136ce857e1604e055048f7d21 avia-slideshow-masonry av_slideshow avia-fade-slider  avia-builder-el-14  el_before_av_heading  avia-builder-el-first  av-slideshow-ui av-control-hidden av-no-slider-navigation av-hide-nav-arrows av-slideshow-manual av-loop-once av-loop-manual-endless av-default-height-applied avia-slideshow-3' data-slideshow-options=\"{&quot;animation&quot;:&quot;fade&quot;,&quot;autoplay&quot;:false,&quot;loop_autoplay&quot;:&quot;once&quot;,&quot;interval&quot;:6,&quot;loop_manual&quot;:&quot;manual-endless&quot;,&quot;autoplay_stopper&quot;:false,&quot;noNavigation&quot;:true,&quot;bg_slider&quot;:false,&quot;keep_padding&quot;:false,&quot;hoverpause&quot;:false,&quot;show_slide_delay&quot;:0}\"  itemprop=\"image\" itemscope=\"itemscope\" itemtype=\"https:\/\/schema.org\/ImageObject\" ><ul class='avia-slideshow-inner ' style='padding-bottom: 100%;'><li  class='avia-slideshow-slide av-av_slideshow-4e67901136ce857e1604e055048f7d21__0  av-single-slide slide-1 slide-odd'><a href=\"https:\/\/vinove.pl\/de\/telefonkontakt\/\"  data-rel='slideshow-3' class='avia-slide-wrap '   ><img fetchpriority=\"high\" class=\"wp-image-3413 avia-img-lazy-loading-not-3413\"  src='https:\/\/vinove.pl\/wp-content\/uploads\/2016\/10\/stojak-ekspozycyjny-vinove-pos-plex.jpg' width='700' height='700' title='stojak-ekspozycyjny-vinove-pos-plex' alt='stojak ekspozycyjny VINOVE'  itemprop=\"thumbnailUrl\"   \/><\/a><\/li><\/ul><\/div><br \/>\n\n<style type=\"text\/css\" data-created_by=\"avia_inline_auto\" id=\"style-css-av-av_heading-b1588229b39325b87f7dcda6f7aa4072\">\n#top .av-special-heading.av-av_heading-b1588229b39325b87f7dcda6f7aa4072{\npadding-bottom:10px;\n}\nbody .av-special-heading.av-av_heading-b1588229b39325b87f7dcda6f7aa4072 .av-special-heading-tag .heading-char{\nfont-size:25px;\n}\n.av-special-heading.av-av_heading-b1588229b39325b87f7dcda6f7aa4072 .av-subheading{\nfont-size:15px;\n}\n<\/style>\n<div  class='av-special-heading av-av_heading-b1588229b39325b87f7dcda6f7aa4072 av-special-heading-h3  avia-builder-el-15  el_after_av_slideshow  el_before_av_textblock '><h3 class='av-special-heading-tag '  itemprop=\"headline\"  >KATALOG<\/h3><div class=\"special-heading-border\"><div class=\"special-heading-inner-border\"><\/div><\/div><\/div><br \/>\n<section  class='av_textblock_section av-av_textblock-396ddf1f42196ca838231e61a4602801 '   itemscope=\"itemscope\" itemtype=\"https:\/\/schema.org\/CreativeWork\" ><div class='avia_textblock'  itemprop=\"text\" ><p><a href=\"https:\/\/vinove.pl\/wp-content\/uploads\/2020\/02\/vinove-folder_2019-pl-en.pdf\" target=\"_blank\" rel=\"noopener noreferrer\">Sehen Sie online\u00a0&gt;<\/a><\/p>\n<\/div><\/section><\/p>\n<\/div><\/div>\n<\/div>\n","protected":false},"excerpt":{"rendered":"","protected":false},"author":1,"featured_media":0,"parent":3434,"menu_order":0,"comment_status":"closed","ping_status":"closed","template":"","meta":{"footnotes":""},"class_list":["post-3481","page","type-page","status-publish","hentry"],"_links":{"self":[{"href":"https:\/\/vinove.pl\/de\/wp-json\/wp\/v2\/pages\/3481","targetHints":{"allow":["GET"]}}],"collection":[{"href":"https:\/\/vinove.pl\/de\/wp-json\/wp\/v2\/pages"}],"about":[{"href":"https:\/\/vinove.pl\/de\/wp-json\/wp\/v2\/types\/page"}],"author":[{"embeddable":true,"href":"https:\/\/vinove.pl\/de\/wp-json\/wp\/v2\/users\/1"}],"replies":[{"embeddable":true,"href":"https:\/\/vinove.pl\/de\/wp-json\/wp\/v2\/comments?post=3481"}],"version-history":[{"count":6,"href":"https:\/\/vinove.pl\/de\/wp-json\/wp\/v2\/pages\/3481\/revisions"}],"predecessor-version":[{"id":11299,"href":"https:\/\/vinove.pl\/de\/wp-json\/wp\/v2\/pages\/3481\/revisions\/11299"}],"up":[{"embeddable":true,"href":"https:\/\/vinove.pl\/de\/wp-json\/wp\/v2\/pages\/3434"}],"wp:attachment":[{"href":"https:\/\/vinove.pl\/de\/wp-json\/wp\/v2\/media?parent=3481"}],"curies":[{"name":"wp","href":"https:\/\/api.w.org\/{rel}","templated":true}]}}